{"id":3100,"date":"2024-12-09T16:26:58","date_gmt":"2024-12-09T15:26:58","guid":{"rendered":"https:\/\/www.bexelektro.de\/?page_id=3100"},"modified":"2024-12-09T16:35:12","modified_gmt":"2024-12-09T15:35:12","slug":"innovationscampus","status":"publish","type":"page","link":"https:\/\/www.bexelektro.de\/?page_id=3100","title":{"rendered":"Innovationscampus"},"content":{"rendered":"\t\t<div data-elementor-type=\"wp-page\" data-elementor-id=\"3100\" class=\"elementor elementor-3100\" data-elementor-post-type=\"page\">\n\t\t\t\t\t\t<section class=\"elementor-section elementor-top-section elementor-element elementor-element-7165b832 elementor-section-stretched elementor-section-height-min-height elementor-section-content-middle elementor-section-boxed elementor-section-height-default elementor-section-items-middle\" data-id=\"7165b832\" data-element_type=\"section\" data-e-type=\"section\" data-settings=\"{&quot;stretch_section&quot;:&quot;section-stretched&quot;,&quot;background_background&quot;:&quot;classic&quot;,&quot;animation&quot;:&quot;none&quot;}\">\n\t\t\t\t\t\t\t<div class=\"elementor-background-overlay\"><\/div>\n\t\t\t\t\t\t\t<div class=\"elementor-container elementor-column-gap-default\">\n\t\t\t\t\t<div class=\"elementor-column elementor-col-100 elementor-top-column elementor-element elementor-element-ea42543\" data-id=\"ea42543\" data-element_type=\"column\" data-e-type=\"column\">\n\t\t\t<div class=\"elementor-widget-wrap elementor-element-populated\">\n\t\t\t\t\t\t<div class=\"elementor-element elementor-element-ed07fd6 elementor-widget__width-initial elementor-widget elementor-widget-heading\" data-id=\"ed07fd6\" data-element_type=\"widget\" data-e-type=\"widget\" data-widget_type=\"heading.default\">\n\t\t\t\t<div class=\"elementor-widget-container\">\n\t\t\t\t\t<h1 class=\"elementor-heading-title elementor-size-large\">Innovationscampus<\/h1>\t\t\t\t<\/div>\n\t\t\t\t<\/div>\n\t\t\t\t\t<\/div>\n\t\t<\/div>\n\t\t\t\t\t<\/div>\n\t\t<\/section>\n\t\t\t\t<section class=\"elementor-section elementor-top-section elementor-element elementor-element-6275e49d elementor-section-boxed elementor-section-height-default elementor-section-height-default\" data-id=\"6275e49d\" data-element_type=\"section\" data-e-type=\"section\">\n\t\t\t\t\t\t<div class=\"elementor-container elementor-column-gap-default\">\n\t\t\t\t\t<div class=\"elementor-column elementor-col-100 elementor-top-column elementor-element elementor-element-13fb1ca5\" data-id=\"13fb1ca5\" data-element_type=\"column\" data-e-type=\"column\">\n\t\t\t<div class=\"elementor-widget-wrap elementor-element-populated\">\n\t\t\t\t\t\t<div class=\"elementor-element elementor-element-3e212a26 elementor-widget elementor-widget-text-editor\" data-id=\"3e212a26\" data-element_type=\"widget\" data-e-type=\"widget\" data-widget_type=\"text-editor.default\">\n\t\t\t\t<div class=\"elementor-widget-container\">\n\t\t\t\t\t\t\t\t\t<h1>Innovationscampus mit Sch\u00fcler-Ferienmodulen, Laborpraktika und Schulenergietagen zur Elektromobilit\u00e4t<\/h1><div><h2><span style=\"text-decoration: underline;\">Was<\/span><\/h2><div><p>verschiedene innovative Veranstaltungsformate f\u00fcr junge Menschen<\/p><\/div><h2><span style=\"text-decoration: underline;\">F\u00fcr Wen<\/span><\/h2><p>Sch\u00fclerinnen und Sch\u00fcler ab Klassenstufe 8 (Oberschulen, Gymnasien)<\/p><h2><span style=\"text-decoration: underline;\">Wichtigste Fakten<\/span><\/h2><p>Pr\u00e4senz- oder Onlineveranstaltung je nach Anlass, Rahmenbedingungen und Zielgruppe<\/p><h2><span style=\"text-decoration: underline;\">Verf\u00fcgbare Materialien<\/span><\/h2><ul><li>Curriculum<\/li><li>VR-Szenario ESCAPE-Room<\/li><\/ul><h2><span style=\"text-decoration: underline;\">Kontakt<\/span><\/h2><p>Herr Donath<br \/>Bereichsleiter Projekte<br \/><a href=\"mailto:r.donath@ebz.de\">r.donath@ebz.de<\/a><br \/>0351-8506-362<\/p><p>EBZ e. V., Scharfenberger Str. 66, 01139 Dresden<\/p><h2><span style=\"text-decoration: underline;\">Mehr dazu<\/span><\/h2><p><a href=\"https:\/\/www.bexelektro.de\/?page_id=1931\">siehe Archive u.a. vom 14. M\u00e4rz \/ 14. Mai 2024<\/a><\/p><h2><span style=\"text-decoration: underline;\">Ziel und Beschreibung des Produktes<\/span><\/h2><p>Im BexElektro-Projekt wurden sowohl erg\u00e4nzende Angebote f\u00fcr \u201efachfremde\u201c Arbeitskr\u00e4fte (Zusatzqualifikations-Formate f\u00fcr Fachsch\u00fcler und andere relevante Berufe), als auch solche wie den \u201eInnovations-Campus\u201c mit verschiedenen attraktiven Einzelma\u00dfnahmen f\u00fcr Sch\u00fcler\/innen, Studenten und Umsteiger entwickelt und erprobt, um Interesse f\u00fcr das Elektrohandwerk zu wecken und die Gewinnung von Fachkr\u00e4ftenachwuchs zu bef\u00f6rdern. Denn die Anforderung der Aufnahme von neuen Technologie- und Produkttrends in Schulangebote gibt es auch in anderen innovationsintensiven Branchen.<\/p><p>So wurden im Rahmen des Projektes im EBZ e. V. in Dresden etwa mehrere Teilmodule zusammen mit regionalen Partnern vor Ort wie Sch\u00fcler-Ferienschnuppertage, Hausf\u00fchrungen zu Erneuerbaren Energien (EE) und Elektromobilit\u00e4t (EMob), Schau rein!-Aktivit\u00e4ten zum Tag der offenen T\u00fcr, Berufe-Speeddatings, Werkstatttage zu EE und EMob, Laborpraktika und Schulenergietagen zur Elektromobilit\u00e4t \u00fcber ca. 40 UStd. bei den Partnern etabliert, welche Sch\u00fclerinnen und Sch\u00fcler dazu einluden, die Welt der nachhaltigen Energien auf spannende und interaktive Weise zu erkunden.<\/p><p>Im Rahmen dieses Konzeptes entstand zudem ein virtueller ESCAPE ROOM als zentrales VR-Lehr-Lernszenario, das dazu diente, junge Menschen f\u00fcr einen attraktiven Karrierepfad im Elektrohandwerk zu mobilisieren. So griff das Vorhaben nicht zuletzt die j\u00fcngsten Ergebnisse des ver\u00e4nderten Fachkr\u00e4ftebedarfes und Berufescreenings auf, schuf Anreize f\u00fcr junge Menschen, eine Aus- oder Weiterbildung zu beginnen und setzte diese pilothaft um<\/p><\/div>\t\t\t\t\t\t\t\t<\/div>\n\t\t\t\t<\/div>\n\t\t\t\t\t<\/div>\n\t\t<\/div>\n\t\t\t\t\t<\/div>\n\t\t<\/section>\n\t\t\t\t<section class=\"elementor-section elementor-top-section elementor-element elementor-element-715d5940 envato-kit-141-top-0 elementor-reverse-mobile elementor-section-full_width elementor-section-height-default elementor-section-height-default\" data-id=\"715d5940\" data-element_type=\"section\" data-e-type=\"section\" data-settings=\"{&quot;background_background&quot;:&quot;classic&quot;}\">\n\t\t\t\t\t\t\t<div class=\"elementor-background-overlay\"><\/div>\n\t\t\t\t\t\t\t<div class=\"elementor-container elementor-column-gap-no\">\n\t\t\t\t\t<div class=\"elementor-column elementor-col-50 elementor-top-column elementor-element elementor-element-197e7c3f\" data-id=\"197e7c3f\" data-element_type=\"column\" data-e-type=\"column\">\n\t\t\t<div class=\"elementor-widget-wrap elementor-element-populated\">\n\t\t\t\t\t\t<div class=\"elementor-element elementor-element-42fe77c7 elementor-widget__width-inherit elementor-widget elementor-widget-text-editor\" data-id=\"42fe77c7\" data-element_type=\"widget\" data-e-type=\"widget\" data-widget_type=\"text-editor.default\">\n\t\t\t\t<div class=\"elementor-widget-container\">\n\t\t\t\t\t\t\t\t\t<p><a href=\"https:\/\/www.bexelektro.de\/?page_id=27\">Kontakt<\/a> | <a href=\"https:\/\/www.bexelektro.de\/?page_id=563\">Datenschutz<\/a> | <a href=\"https:\/\/www.bexelektro.de\/?page_id=566\">Impressum<\/a><\/p>\t\t\t\t\t\t\t\t<\/div>\n\t\t\t\t<\/div>\n\t\t\t\t\t<\/div>\n\t\t<\/div>\n\t\t\t\t<div class=\"elementor-column elementor-col-50 elementor-top-column elementor-element elementor-element-2f8e53dc\" data-id=\"2f8e53dc\" data-element_type=\"column\" data-e-type=\"column\">\n\t\t\t<div class=\"elementor-widget-wrap elementor-element-populated\">\n\t\t\t\t\t\t<div class=\"elementor-element elementor-element-2726531c elementor-widget elementor-widget-text-editor\" data-id=\"2726531c\" data-element_type=\"widget\" data-e-type=\"widget\" data-widget_type=\"text-editor.default\">\n\t\t\t\t<div class=\"elementor-widget-container\">\n\t\t\t\t\t\t\t\t\t<p style=\"text-align: right;\">Copyright \u00a9 by Fraunhofer-Gesellschaft<\/p>\t\t\t\t\t\t\t\t<\/div>\n\t\t\t\t<\/div>\n\t\t\t\t\t<\/div>\n\t\t<\/div>\n\t\t\t\t\t<\/div>\n\t\t<\/section>\n\t\t\t\t<\/div>\n\t\t","protected":false},"excerpt":{"rendered":"<p>Innovationscampus Innovationscampus mit Sch\u00fcler-Ferienmodulen, Laborpraktika und Schulenergietagen zur Elektromobilit\u00e4t Was verschiedene innovative Veranstaltungsformate f\u00fcr junge Menschen F\u00fcr Wen Sch\u00fclerinnen und Sch\u00fcler ab Klassenstufe 8 (Oberschulen, Gymnasien) Wichtigste Fakten Pr\u00e4senz- oder Onlineveranstaltung je nach Anlass, Rahmenbedingungen und Zielgruppe Verf\u00fcgbare Materialien Curriculum VR-Szenario ESCAPE-Room Kontakt Herr DonathBereichsleiter Projekter.donath@ebz.de0351-8506-362 EBZ e. V., Scharfenberger Str. 66, 01139 Dresden Mehr [&hellip;]<\/p>\n","protected":false},"author":2,"featured_media":0,"parent":0,"menu_order":0,"comment_status":"closed","ping_status":"closed","template":"","meta":{"ocean_post_layout":"full-screen","ocean_both_sidebars_style":"","ocean_both_sidebars_content_width":0,"ocean_both_sidebars_sidebars_width":0,"ocean_sidebar":"","ocean_second_sidebar":"","ocean_disable_margins":"enable","ocean_add_body_class":"","ocean_shortcode_before_top_bar":"","ocean_shortcode_after_top_bar":"","ocean_shortcode_before_header":"","ocean_shortcode_after_header":"","ocean_has_shortcode":"","ocean_shortcode_after_title":"","ocean_shortcode_before_footer_widgets":"","ocean_shortcode_after_footer_widgets":"","ocean_shortcode_before_footer_bottom":"","ocean_shortcode_after_footer_bottom":"","ocean_display_top_bar":"off","ocean_display_header":"default","ocean_header_style":"","ocean_center_header_left_menu":"","ocean_custom_header_template":"","ocean_custom_logo":0,"ocean_custom_retina_logo":0,"ocean_custom_logo_max_width":0,"ocean_custom_logo_tablet_max_width":0,"ocean_custom_logo_mobile_max_width":0,"ocean_custom_logo_max_height":0,"ocean_custom_logo_tablet_max_height":0,"ocean_custom_logo_mobile_max_height":0,"ocean_header_custom_menu":"","ocean_menu_typo_font_family":"","ocean_menu_typo_font_subset":"","ocean_menu_typo_font_size":0,"ocean_menu_typo_font_size_tablet":0,"ocean_menu_typo_font_size_mobile":0,"ocean_menu_typo_font_size_unit":"px","ocean_menu_typo_font_weight":"","ocean_menu_typo_font_weight_tablet":"","ocean_menu_typo_font_weight_mobile":"","ocean_menu_typo_transform":"","ocean_menu_typo_transform_tablet":"","ocean_menu_typo_transform_mobile":"","ocean_menu_typo_line_height":0,"ocean_menu_typo_line_height_tablet":0,"ocean_menu_typo_line_height_mobile":0,"ocean_menu_typo_line_height_unit":"","ocean_menu_typo_spacing":0,"ocean_menu_typo_spacing_tablet":0,"ocean_menu_typo_spacing_mobile":0,"ocean_menu_typo_spacing_unit":"","ocean_menu_link_color":"","ocean_menu_link_color_hover":"","ocean_menu_link_color_active":"","ocean_menu_link_background":"","ocean_menu_link_hover_background":"","ocean_menu_link_active_background":"","ocean_menu_social_links_bg":"","ocean_menu_social_hover_links_bg":"","ocean_menu_social_links_color":"","ocean_menu_social_hover_links_color":"","ocean_disable_title":"on","ocean_disable_heading":"default","ocean_post_title":"","ocean_post_subheading":"","ocean_post_title_style":"","ocean_post_title_background_color":"","ocean_post_title_background":0,"ocean_post_title_bg_image_position":"","ocean_post_title_bg_image_attachment":"","ocean_post_title_bg_image_repeat":"","ocean_post_title_bg_image_size":"","ocean_post_title_height":0,"ocean_post_title_bg_overlay":0.5,"ocean_post_title_bg_overlay_color":"","ocean_disable_breadcrumbs":"default","ocean_breadcrumbs_color":"","ocean_breadcrumbs_separator_color":"","ocean_breadcrumbs_links_color":"","ocean_breadcrumbs_links_hover_color":"","ocean_display_footer_widgets":"off","ocean_display_footer_bottom":"off","ocean_custom_footer_template":"","footnotes":""},"class_list":["post-3100","page","type-page","status-publish","hentry","entry"],"_links":{"self":[{"href":"https:\/\/www.bexelektro.de\/index.php?rest_route=\/wp\/v2\/pages\/3100","targetHints":{"allow":["GET"]}}],"collection":[{"href":"https:\/\/www.bexelektro.de\/index.php?rest_route=\/wp\/v2\/pages"}],"about":[{"href":"https:\/\/www.bexelektro.de\/index.php?rest_route=\/wp\/v2\/types\/page"}],"author":[{"embeddable":true,"href":"https:\/\/www.bexelektro.de\/index.php?rest_route=\/wp\/v2\/users\/2"}],"replies":[{"embeddable":true,"href":"https:\/\/www.bexelektro.de\/index.php?rest_route=%2Fwp%2Fv2%2Fcomments&post=3100"}],"version-history":[{"count":4,"href":"https:\/\/www.bexelektro.de\/index.php?rest_route=\/wp\/v2\/pages\/3100\/revisions"}],"predecessor-version":[{"id":3105,"href":"https:\/\/www.bexelektro.de\/index.php?rest_route=\/wp\/v2\/pages\/3100\/revisions\/3105"}],"wp:attachment":[{"href":"https:\/\/www.bexelektro.de\/index.php?rest_route=%2Fwp%2Fv2%2Fmedia&parent=3100"}],"curies":[{"name":"wp","href":"https:\/\/api.w.org\/{rel}","templated":true}]}}