{"id":2981,"date":"2024-12-06T18:32:21","date_gmt":"2024-12-06T17:32:21","guid":{"rendered":"https:\/\/www.bexelektro.de\/?page_id=2981"},"modified":"2024-12-09T14:21:34","modified_gmt":"2024-12-09T13:21:34","slug":"bexelektro-infocenter","status":"publish","type":"page","link":"https:\/\/www.bexelektro.de\/?page_id=2981","title":{"rendered":"BexElektro Infocenter"},"content":{"rendered":"\t\t<div data-elementor-type=\"wp-page\" data-elementor-id=\"2981\" class=\"elementor elementor-2981\" data-elementor-post-type=\"page\">\n\t\t\t\t\t\t<section class=\"elementor-section elementor-top-section elementor-element elementor-element-630e703b elementor-section-stretched elementor-section-height-min-height elementor-section-content-middle elementor-section-boxed elementor-section-height-default elementor-section-items-middle\" data-id=\"630e703b\" data-element_type=\"section\" data-e-type=\"section\" data-settings=\"{&quot;stretch_section&quot;:&quot;section-stretched&quot;,&quot;background_background&quot;:&quot;classic&quot;,&quot;animation&quot;:&quot;none&quot;}\">\n\t\t\t\t\t\t\t<div class=\"elementor-background-overlay\"><\/div>\n\t\t\t\t\t\t\t<div class=\"elementor-container elementor-column-gap-default\">\n\t\t\t\t\t<div class=\"elementor-column elementor-col-100 elementor-top-column elementor-element elementor-element-618edef\" data-id=\"618edef\" data-element_type=\"column\" data-e-type=\"column\">\n\t\t\t<div class=\"elementor-widget-wrap elementor-element-populated\">\n\t\t\t\t\t\t<div class=\"elementor-element elementor-element-19fb36f8 elementor-widget__width-initial elementor-widget elementor-widget-heading\" data-id=\"19fb36f8\" data-element_type=\"widget\" data-e-type=\"widget\" data-widget_type=\"heading.default\">\n\t\t\t\t<div class=\"elementor-widget-container\">\n\t\t\t\t\t<h1 class=\"elementor-heading-title elementor-size-large\">BexElektro Infocenter<\/h1>\t\t\t\t<\/div>\n\t\t\t\t<\/div>\n\t\t\t\t\t<\/div>\n\t\t<\/div>\n\t\t\t\t\t<\/div>\n\t\t<\/section>\n\t\t\t\t<section class=\"elementor-section elementor-top-section elementor-element elementor-element-210b2ab0 elementor-section-boxed elementor-section-height-default elementor-section-height-default\" data-id=\"210b2ab0\" data-element_type=\"section\" data-e-type=\"section\">\n\t\t\t\t\t\t<div class=\"elementor-container elementor-column-gap-default\">\n\t\t\t\t\t<div class=\"elementor-column elementor-col-100 elementor-top-column elementor-element elementor-element-7d36e1c2\" data-id=\"7d36e1c2\" data-element_type=\"column\" data-e-type=\"column\">\n\t\t\t<div class=\"elementor-widget-wrap elementor-element-populated\">\n\t\t\t\t\t\t<div class=\"elementor-element elementor-element-856c526 elementor-widget elementor-widget-image\" data-id=\"856c526\" data-element_type=\"widget\" data-e-type=\"widget\" data-widget_type=\"image.default\">\n\t\t\t\t<div class=\"elementor-widget-container\">\n\t\t\t\t\t\t\t\t\t\t\t\t\t\t\t<img fetchpriority=\"high\" decoding=\"async\" width=\"768\" height=\"488\" src=\"https:\/\/www.bexelektro.de\/wp-content\/uploads\/2024\/12\/infocenter-768x488.png\" class=\"attachment-medium_large size-medium_large wp-image-2984\" alt=\"\" srcset=\"https:\/\/www.bexelektro.de\/wp-content\/uploads\/2024\/12\/infocenter-768x488.png 768w, https:\/\/www.bexelektro.de\/wp-content\/uploads\/2024\/12\/infocenter-300x191.png 300w, https:\/\/www.bexelektro.de\/wp-content\/uploads\/2024\/12\/infocenter-1024x650.png 1024w, https:\/\/www.bexelektro.de\/wp-content\/uploads\/2024\/12\/infocenter.png 1121w\" sizes=\"(max-width: 768px) 100vw, 768px\" \/>\t\t\t\t\t\t\t\t\t\t\t\t\t\t\t<\/div>\n\t\t\t\t<\/div>\n\t\t\t\t<div class=\"elementor-element elementor-element-c2f9a11 elementor-widget elementor-widget-text-editor\" data-id=\"c2f9a11\" data-element_type=\"widget\" data-e-type=\"widget\" data-widget_type=\"text-editor.default\">\n\t\t\t\t<div class=\"elementor-widget-container\">\n\t\t\t\t\t\t\t\t\t<h1>Entwicklung eines zentralen Infocenter-Clusters als virtuell &#8222;besuchbares&#8220; Bex-Elektro-Democenter im Projekt\u00a0 \u00a0\u00a0<\/h1><div><div><h2><span style=\"text-decoration: underline;\">Was<\/span><\/h2><p>virtuelles Infocenter als Eingangshalle der Projekthomepage\u00a0\u00a0\u00a0<\/p><\/div><h2><span style=\"text-decoration: underline;\">F\u00fcr Wen<\/span><\/h2><ul><li>potenzielle Interessenten<\/li><li>Handwerksbetriebe<\/li><li>Partner und Multiplikatoren<\/li><\/ul><h2><span style=\"text-decoration: underline;\">Wichtigste Fakten<\/span><\/h2><p>virtueller Raum mit ausgew\u00e4hlten Orten der Demonstration und weiteren Informationen<\/p><h2><span style=\"text-decoration: underline;\">Verf\u00fcgbare Materialien<\/span><\/h2><p>virtuelles Dashboard<\/p><h2><span style=\"text-decoration: underline;\">Kontakt<\/span><\/h2><p>Herr Donath<br \/>Bereichsleiter Projekte<br \/><a href=\"mailto:r.donath@ebz.de\">r.donath@ebz.de<\/a><br \/>0351-8506-362<\/p><p>EBZ e. V., Scharfenberger Str. 66, 01139 Dresden<\/p><h2><span style=\"text-decoration: underline;\">Mehr dazu<\/span><\/h2><p><a href=\"https:\/\/www.bexelektro.de\/?page_id=2144\">siehe Infocenter<\/a><\/p><h2><span style=\"text-decoration: underline;\">Ziel und Beschreibung des Produktes<\/span><\/h2><p>Im Projekt entstand ein virtuell &#8222;besuchbares&#8220; Bex-Elektro-Infocenter zur Pr\u00e4sentation der Projektziele im Zusammenwirken mit der Aufbereitung einzelner Informationssequenzen in einem animierten Raum.\u00a0 Dabei wurden verschiedene Call-to-Action-Buttons (weiterf\u00fchrende Informationen, Gimmicks, Interaktionen) sowie erg\u00e4nzende Informationen zu den zentralen Projektprodukten \u00fcber weiterf\u00fchrende Pop-up-Fenster bereitgestellt. Die Seite konnte auf der zentralen BexElektro-Projektwebseite mit eingebettet werden und ist auch f\u00fcr den mobilen Zugriff aufbereitet (responsives Design). So werden in dem virtuellen Raum bspw. auch ausgew\u00e4hlte Orte der Demonstration einzelner Bildungsinhalte und weitere Informationen zu den Entwicklungspartnern pr\u00e4sentiert. Das Konzept folgt damit einer zentralen Idee mit Projektantragstellung:<\/p><ul><li>Konzeption, Aufbau und Betrieb von Democentern\/Pr\u00e4sentationsmodellen bei den Bildungspartnern und dem Fraunhofer IAO zur Unterst\u00fctzung der Evaluation und Kommunikationsaufgaben im Gesamtprojekt<\/li><li>gemeinsame Au\u00dfendarstellung\u00a0 und Ableitung einer einheitlichen Kommunikationsstrategie<\/li><li>Einbettung in BexElektro-Homepage<\/li><li>Einsprung \u00fcber virtuelle Eingangshalle (virtuelles Dashboard)<\/li><li>Anbindung zentraler Informationen der Bildungsanbieter, Industriehersteller und HWK-Partner<\/li><li>Anbindung an Social Media-Kanal<\/li><li>Vermarktung aller drei neuen Pilotangebote der h\u00f6herqualifizierenden Berufsbildung im Projekt (Berufsspezialisten, Bachelor Professional, Master Professional)<\/li><li>u. v. m.\u00a0 \u00a0\u00a0<\/li><\/ul><p>Nach dem Projektende soll das Infocenter-Cluster auf die ELKOnet-Plattform \u00fcbertragen werden.\u00a0<\/p><\/div>\t\t\t\t\t\t\t\t<\/div>\n\t\t\t\t<\/div>\n\t\t\t\t\t<\/div>\n\t\t<\/div>\n\t\t\t\t\t<\/div>\n\t\t<\/section>\n\t\t\t\t<section class=\"elementor-section elementor-top-section elementor-element elementor-element-ef12f54 envato-kit-141-top-0 elementor-reverse-mobile elementor-section-full_width elementor-section-height-default elementor-section-height-default\" data-id=\"ef12f54\" data-element_type=\"section\" data-e-type=\"section\" data-settings=\"{&quot;background_background&quot;:&quot;classic&quot;}\">\n\t\t\t\t\t\t\t<div class=\"elementor-background-overlay\"><\/div>\n\t\t\t\t\t\t\t<div class=\"elementor-container elementor-column-gap-no\">\n\t\t\t\t\t<div class=\"elementor-column elementor-col-50 elementor-top-column elementor-element elementor-element-2465cd6c\" data-id=\"2465cd6c\" data-element_type=\"column\" data-e-type=\"column\">\n\t\t\t<div class=\"elementor-widget-wrap elementor-element-populated\">\n\t\t\t\t\t\t<div class=\"elementor-element elementor-element-79dc76ac elementor-widget__width-inherit elementor-widget elementor-widget-text-editor\" data-id=\"79dc76ac\" data-element_type=\"widget\" data-e-type=\"widget\" data-widget_type=\"text-editor.default\">\n\t\t\t\t<div class=\"elementor-widget-container\">\n\t\t\t\t\t\t\t\t\t<p><a href=\"https:\/\/www.bexelektro.de\/?page_id=27\">Kontakt<\/a> | <a href=\"https:\/\/www.bexelektro.de\/?page_id=563\">Datenschutz<\/a> | <a href=\"https:\/\/www.bexelektro.de\/?page_id=566\">Impressum<\/a><\/p>\t\t\t\t\t\t\t\t<\/div>\n\t\t\t\t<\/div>\n\t\t\t\t\t<\/div>\n\t\t<\/div>\n\t\t\t\t<div class=\"elementor-column elementor-col-50 elementor-top-column elementor-element elementor-element-2b8b653a\" data-id=\"2b8b653a\" data-element_type=\"column\" data-e-type=\"column\">\n\t\t\t<div class=\"elementor-widget-wrap elementor-element-populated\">\n\t\t\t\t\t\t<div class=\"elementor-element elementor-element-43503bc0 elementor-widget elementor-widget-text-editor\" data-id=\"43503bc0\" data-element_type=\"widget\" data-e-type=\"widget\" data-widget_type=\"text-editor.default\">\n\t\t\t\t<div class=\"elementor-widget-container\">\n\t\t\t\t\t\t\t\t\t<p style=\"text-align: right;\">Copyright \u00a9 by Fraunhofer-Gesellschaft<\/p>\t\t\t\t\t\t\t\t<\/div>\n\t\t\t\t<\/div>\n\t\t\t\t\t<\/div>\n\t\t<\/div>\n\t\t\t\t\t<\/div>\n\t\t<\/section>\n\t\t\t\t<\/div>\n\t\t","protected":false},"excerpt":{"rendered":"<p>BexElektro Infocenter Entwicklung eines zentralen Infocenter-Clusters als virtuell &#8222;besuchbares&#8220; Bex-Elektro-Democenter im Projekt\u00a0 \u00a0\u00a0 Was virtuelles Infocenter als Eingangshalle der Projekthomepage\u00a0\u00a0\u00a0 F\u00fcr Wen potenzielle Interessenten Handwerksbetriebe Partner und Multiplikatoren Wichtigste Fakten virtueller Raum mit ausgew\u00e4hlten Orten der Demonstration und weiteren Informationen Verf\u00fcgbare Materialien virtuelles Dashboard Kontakt Herr DonathBereichsleiter Projekter.donath@ebz.de0351-8506-362 EBZ e. V., Scharfenberger Str. 66, 01139 [&hellip;]<\/p>\n","protected":false},"author":2,"featured_media":0,"parent":0,"menu_order":0,"comment_status":"closed","ping_status":"closed","template":"","meta":{"ocean_post_layout":"full-screen","ocean_both_sidebars_style":"","ocean_both_sidebars_content_width":0,"ocean_both_sidebars_sidebars_width":0,"ocean_sidebar":"","ocean_second_sidebar":"","ocean_disable_margins":"enable","ocean_add_body_class":"","ocean_shortcode_before_top_bar":"","ocean_shortcode_after_top_bar":"","ocean_shortcode_before_header":"","ocean_shortcode_after_header":"","ocean_has_shortcode":"","ocean_shortcode_after_title":"","ocean_shortcode_before_footer_widgets":"","ocean_shortcode_after_footer_widgets":"","ocean_shortcode_before_footer_bottom":"","ocean_shortcode_after_footer_bottom":"","ocean_display_top_bar":"off","ocean_display_header":"default","ocean_header_style":"","ocean_center_header_left_menu":"","ocean_custom_header_template":"","ocean_custom_logo":0,"ocean_custom_retina_logo":0,"ocean_custom_logo_max_width":0,"ocean_custom_logo_tablet_max_width":0,"ocean_custom_logo_mobile_max_width":0,"ocean_custom_logo_max_height":0,"ocean_custom_logo_tablet_max_height":0,"ocean_custom_logo_mobile_max_height":0,"ocean_header_custom_menu":"","ocean_menu_typo_font_family":"","ocean_menu_typo_font_subset":"","ocean_menu_typo_font_size":0,"ocean_menu_typo_font_size_tablet":0,"ocean_menu_typo_font_size_mobile":0,"ocean_menu_typo_font_size_unit":"px","ocean_menu_typo_font_weight":"","ocean_menu_typo_font_weight_tablet":"","ocean_menu_typo_font_weight_mobile":"","ocean_menu_typo_transform":"","ocean_menu_typo_transform_tablet":"","ocean_menu_typo_transform_mobile":"","ocean_menu_typo_line_height":0,"ocean_menu_typo_line_height_tablet":0,"ocean_menu_typo_line_height_mobile":0,"ocean_menu_typo_line_height_unit":"","ocean_menu_typo_spacing":0,"ocean_menu_typo_spacing_tablet":0,"ocean_menu_typo_spacing_mobile":0,"ocean_menu_typo_spacing_unit":"","ocean_menu_link_color":"","ocean_menu_link_color_hover":"","ocean_menu_link_color_active":"","ocean_menu_link_background":"","ocean_menu_link_hover_background":"","ocean_menu_link_active_background":"","ocean_menu_social_links_bg":"","ocean_menu_social_hover_links_bg":"","ocean_menu_social_links_color":"","ocean_menu_social_hover_links_color":"","ocean_disable_title":"on","ocean_disable_heading":"default","ocean_post_title":"","ocean_post_subheading":"","ocean_post_title_style":"","ocean_post_title_background_color":"","ocean_post_title_background":0,"ocean_post_title_bg_image_position":"","ocean_post_title_bg_image_attachment":"","ocean_post_title_bg_image_repeat":"","ocean_post_title_bg_image_size":"","ocean_post_title_height":0,"ocean_post_title_bg_overlay":0.5,"ocean_post_title_bg_overlay_color":"","ocean_disable_breadcrumbs":"default","ocean_breadcrumbs_color":"","ocean_breadcrumbs_separator_color":"","ocean_breadcrumbs_links_color":"","ocean_breadcrumbs_links_hover_color":"","ocean_display_footer_widgets":"off","ocean_display_footer_bottom":"off","ocean_custom_footer_template":"","footnotes":""},"class_list":["post-2981","page","type-page","status-publish","hentry","entry"],"_links":{"self":[{"href":"https:\/\/www.bexelektro.de\/index.php?rest_route=\/wp\/v2\/pages\/2981","targetHints":{"allow":["GET"]}}],"collection":[{"href":"https:\/\/www.bexelektro.de\/index.php?rest_route=\/wp\/v2\/pages"}],"about":[{"href":"https:\/\/www.bexelektro.de\/index.php?rest_route=\/wp\/v2\/types\/page"}],"author":[{"embeddable":true,"href":"https:\/\/www.bexelektro.de\/index.php?rest_route=\/wp\/v2\/users\/2"}],"replies":[{"embeddable":true,"href":"https:\/\/www.bexelektro.de\/index.php?rest_route=%2Fwp%2Fv2%2Fcomments&post=2981"}],"version-history":[{"count":7,"href":"https:\/\/www.bexelektro.de\/index.php?rest_route=\/wp\/v2\/pages\/2981\/revisions"}],"predecessor-version":[{"id":3085,"href":"https:\/\/www.bexelektro.de\/index.php?rest_route=\/wp\/v2\/pages\/2981\/revisions\/3085"}],"wp:attachment":[{"href":"https:\/\/www.bexelektro.de\/index.php?rest_route=%2Fwp%2Fv2%2Fmedia&parent=2981"}],"curies":[{"name":"wp","href":"https:\/\/api.w.org\/{rel}","templated":true}]}}