{"id":2956,"date":"2024-12-06T17:54:39","date_gmt":"2024-12-06T16:54:39","guid":{"rendered":"https:\/\/www.bexelektro.de\/?page_id=2956"},"modified":"2024-12-09T14:20:07","modified_gmt":"2024-12-09T13:20:07","slug":"augmented-reality-imageflyer","status":"publish","type":"page","link":"https:\/\/www.bexelektro.de\/?page_id=2956","title":{"rendered":"Augmented Reality Imageflyer"},"content":{"rendered":"\t\t<div data-elementor-type=\"wp-page\" data-elementor-id=\"2956\" class=\"elementor elementor-2956\" data-elementor-post-type=\"page\">\n\t\t\t\t\t\t<section class=\"elementor-section elementor-top-section elementor-element elementor-element-21dc8ce4 elementor-section-stretched elementor-section-height-min-height elementor-section-content-middle elementor-section-boxed elementor-section-height-default elementor-section-items-middle\" data-id=\"21dc8ce4\" data-element_type=\"section\" data-e-type=\"section\" data-settings=\"{&quot;stretch_section&quot;:&quot;section-stretched&quot;,&quot;background_background&quot;:&quot;classic&quot;,&quot;animation&quot;:&quot;none&quot;}\">\n\t\t\t\t\t\t\t<div class=\"elementor-background-overlay\"><\/div>\n\t\t\t\t\t\t\t<div class=\"elementor-container elementor-column-gap-default\">\n\t\t\t\t\t<div class=\"elementor-column elementor-col-100 elementor-top-column elementor-element elementor-element-384eed96\" data-id=\"384eed96\" data-element_type=\"column\" data-e-type=\"column\">\n\t\t\t<div class=\"elementor-widget-wrap elementor-element-populated\">\n\t\t\t\t\t\t<div class=\"elementor-element elementor-element-38dda640 elementor-widget__width-initial elementor-widget elementor-widget-heading\" data-id=\"38dda640\" data-element_type=\"widget\" data-e-type=\"widget\" data-widget_type=\"heading.default\">\n\t\t\t\t<div class=\"elementor-widget-container\">\n\t\t\t\t\t<h1 class=\"elementor-heading-title elementor-size-large\">Augmented Reality Imageflyer<\/h1>\t\t\t\t<\/div>\n\t\t\t\t<\/div>\n\t\t\t\t\t<\/div>\n\t\t<\/div>\n\t\t\t\t\t<\/div>\n\t\t<\/section>\n\t\t\t\t<section class=\"elementor-section elementor-top-section elementor-element elementor-element-15ae6dc6 elementor-section-boxed elementor-section-height-default elementor-section-height-default\" data-id=\"15ae6dc6\" data-element_type=\"section\" data-e-type=\"section\">\n\t\t\t\t\t\t<div class=\"elementor-container elementor-column-gap-default\">\n\t\t\t\t\t<div class=\"elementor-column elementor-col-100 elementor-top-column elementor-element elementor-element-3b6718c0\" data-id=\"3b6718c0\" data-element_type=\"column\" data-e-type=\"column\">\n\t\t\t<div class=\"elementor-widget-wrap elementor-element-populated\">\n\t\t\t\t\t\t<div class=\"elementor-element elementor-element-b4fe792 elementor-widget elementor-widget-image\" data-id=\"b4fe792\" data-element_type=\"widget\" data-e-type=\"widget\" data-widget_type=\"image.default\">\n\t\t\t\t<div class=\"elementor-widget-container\">\n\t\t\t\t\t\t\t\t\t\t\t\t\t\t\t<img fetchpriority=\"high\" decoding=\"async\" width=\"834\" height=\"503\" src=\"https:\/\/www.bexelektro.de\/wp-content\/uploads\/2024\/12\/ebz_arflyer.png\" class=\"attachment-large size-large wp-image-2960\" alt=\"\" srcset=\"https:\/\/www.bexelektro.de\/wp-content\/uploads\/2024\/12\/ebz_arflyer.png 834w, https:\/\/www.bexelektro.de\/wp-content\/uploads\/2024\/12\/ebz_arflyer-300x181.png 300w, https:\/\/www.bexelektro.de\/wp-content\/uploads\/2024\/12\/ebz_arflyer-768x463.png 768w\" sizes=\"(max-width: 834px) 100vw, 834px\" \/>\t\t\t\t\t\t\t\t\t\t\t\t\t\t\t<\/div>\n\t\t\t\t<\/div>\n\t\t\t\t<div class=\"elementor-element elementor-element-7773ea27 elementor-widget elementor-widget-text-editor\" data-id=\"7773ea27\" data-element_type=\"widget\" data-e-type=\"widget\" data-widget_type=\"text-editor.default\">\n\t\t\t\t<div class=\"elementor-widget-container\">\n\t\t\t\t\t\t\t\t\t<h1>Zentrale Augmented Reality (AR)-Imageflyer f\u00fcr alle drei Qualifizierungsangebote der h\u00f6herqualifizierenden Berufsbildung im Projekt<\/h1><div><h2><span style=\"text-decoration-line: underline;\">Was<\/span><\/h2><div><p>AR-Flyer f\u00fcr Berufsspezialisten (LIS, EEE, GSI), Bachelor Professional, Master Professional<\/p><\/div><h2><span style=\"text-decoration: underline;\">F\u00fcr Wen<\/span><\/h2><p>potenzielle Interessenten, Handwerksbetriebe, Partner und Multiplikatoren<\/p><h2><span style=\"text-decoration: underline;\">Wichtigste Fakten<\/span><\/h2><p>innovative AR-Flyer f\u00fcr alle neuen Fortbildungsangebote der BexElektro-Bildungsangebote<\/p><h2><span style=\"text-decoration: underline;\">Verf\u00fcgbare Materialien<\/span><\/h2><ul><li>PDF-Datei<\/li><li>Hardcopy-Ausdrucke<\/li><\/ul><h2><span style=\"text-decoration: underline;\">Kontakt<\/span><\/h2><p>Herr Donath<br \/>Bereichsleiter Projekte<br \/><a href=\"mailto:r.donath@ebz.de\">r.donath@ebz.de<\/a><br \/>0351-8506-362<\/p><p>EBZ e. V., Scharfenberger Str. 66, 01139 Dresden<\/p><h2><span style=\"text-decoration: underline;\">Mehr dazu<\/span><\/h2><p><a href=\"https:\/\/www.bexelektro.de\/?page_id=2144\">siehe Infocenter<\/a><\/p><h2><span style=\"text-decoration: underline;\">Ziel und Beschreibung des Produktes<\/span><\/h2><p>F\u00fcr die werbewirksame, \u00f6ffentliche Darstellung der BexElektro-Bildungsangebote und zur Teilnehmeraktivierung f\u00fcr die neuen Fortbildungsangebote wurden im Rahmen des Projektes innovative AR-Flyer f\u00fcr alle neuen Fortbildungsangebote der zentralen Bildungsangebote in dem Vorhaben (Berufsspezialisten, Bachelor, Master) entwickelt und konsolidiert. Die Flyer wurden im Rahmen der Teilnehmergewinnung in Vorbereitung der Pilotierung aller neuen Bildungsangebote der h\u00f6herqualifizierenden Berufsbildung in den Clusterregionen in gro\u00dfer St\u00fcckzahl unter potenziellen Interessenten, Handwerksbetrieben, Partnern und Multiplikatoren gestreut.<\/p><p>So konnten im Rahmen des Projektes die wichtigsten, zentralen Fortbildungsangebote (Berufsspezialisten, Bachelor, Master) individuell, attraktiv, zielgruppenspezifisch und innovativ aufbereitet werden. Im Rahmen des AR-Settings wurden dabei vor allem zus\u00e4tzliche, digitale Informationen zu den einzelnen Fortbildungsangeboten \u00fcber die explorative AR-Technologie direkt im Printprodukt mit eingebettet, Entscheidungshilfen \u00fcber erg\u00e4nzende Videomaterialien implementiert und weitergehende Materialien f\u00fcr Interessenten im Rahmen der Anwendung zum Download bereitgestellt.<\/p><\/div>\t\t\t\t\t\t\t\t<\/div>\n\t\t\t\t<\/div>\n\t\t\t\t\t<\/div>\n\t\t<\/div>\n\t\t\t\t\t<\/div>\n\t\t<\/section>\n\t\t\t\t<section class=\"elementor-section elementor-top-section elementor-element elementor-element-65a34761 envato-kit-141-top-0 elementor-reverse-mobile elementor-section-full_width elementor-section-height-default elementor-section-height-default\" data-id=\"65a34761\" data-element_type=\"section\" data-e-type=\"section\" data-settings=\"{&quot;background_background&quot;:&quot;classic&quot;}\">\n\t\t\t\t\t\t\t<div class=\"elementor-background-overlay\"><\/div>\n\t\t\t\t\t\t\t<div class=\"elementor-container elementor-column-gap-no\">\n\t\t\t\t\t<div class=\"elementor-column elementor-col-50 elementor-top-column elementor-element elementor-element-1a97d4db\" data-id=\"1a97d4db\" data-element_type=\"column\" data-e-type=\"column\">\n\t\t\t<div class=\"elementor-widget-wrap elementor-element-populated\">\n\t\t\t\t\t\t<div class=\"elementor-element elementor-element-2bc4b94d elementor-widget__width-inherit elementor-widget elementor-widget-text-editor\" data-id=\"2bc4b94d\" data-element_type=\"widget\" data-e-type=\"widget\" data-widget_type=\"text-editor.default\">\n\t\t\t\t<div class=\"elementor-widget-container\">\n\t\t\t\t\t\t\t\t\t<p><a href=\"https:\/\/www.bexelektro.de\/?page_id=27\">Kontakt<\/a> | <a href=\"https:\/\/www.bexelektro.de\/?page_id=563\">Datenschutz<\/a> | <a href=\"https:\/\/www.bexelektro.de\/?page_id=566\">Impressum<\/a><\/p>\t\t\t\t\t\t\t\t<\/div>\n\t\t\t\t<\/div>\n\t\t\t\t\t<\/div>\n\t\t<\/div>\n\t\t\t\t<div class=\"elementor-column elementor-col-50 elementor-top-column elementor-element elementor-element-483f0202\" data-id=\"483f0202\" data-element_type=\"column\" data-e-type=\"column\">\n\t\t\t<div class=\"elementor-widget-wrap elementor-element-populated\">\n\t\t\t\t\t\t<div class=\"elementor-element elementor-element-3c2b9ca elementor-widget elementor-widget-text-editor\" data-id=\"3c2b9ca\" data-element_type=\"widget\" data-e-type=\"widget\" data-widget_type=\"text-editor.default\">\n\t\t\t\t<div class=\"elementor-widget-container\">\n\t\t\t\t\t\t\t\t\t<p style=\"text-align: right;\">Copyright \u00a9 by Fraunhofer-Gesellschaft<\/p>\t\t\t\t\t\t\t\t<\/div>\n\t\t\t\t<\/div>\n\t\t\t\t\t<\/div>\n\t\t<\/div>\n\t\t\t\t\t<\/div>\n\t\t<\/section>\n\t\t\t\t<\/div>\n\t\t","protected":false},"excerpt":{"rendered":"<p>Augmented Reality Imageflyer Zentrale Augmented Reality (AR)-Imageflyer f\u00fcr alle drei Qualifizierungsangebote der h\u00f6herqualifizierenden Berufsbildung im Projekt Was AR-Flyer f\u00fcr Berufsspezialisten (LIS, EEE, GSI), Bachelor Professional, Master Professional F\u00fcr Wen potenzielle Interessenten, Handwerksbetriebe, Partner und Multiplikatoren Wichtigste Fakten innovative AR-Flyer f\u00fcr alle neuen Fortbildungsangebote der BexElektro-Bildungsangebote Verf\u00fcgbare Materialien PDF-Datei Hardcopy-Ausdrucke Kontakt Herr DonathBereichsleiter Projekter.donath@ebz.de0351-8506-362 EBZ e. [&hellip;]<\/p>\n","protected":false},"author":2,"featured_media":0,"parent":0,"menu_order":0,"comment_status":"closed","ping_status":"closed","template":"","meta":{"ocean_post_layout":"full-screen","ocean_both_sidebars_style":"","ocean_both_sidebars_content_width":0,"ocean_both_sidebars_sidebars_width":0,"ocean_sidebar":"","ocean_second_sidebar":"","ocean_disable_margins":"enable","ocean_add_body_class":"","ocean_shortcode_before_top_bar":"","ocean_shortcode_after_top_bar":"","ocean_shortcode_before_header":"","ocean_shortcode_after_header":"","ocean_has_shortcode":"","ocean_shortcode_after_title":"","ocean_shortcode_before_footer_widgets":"","ocean_shortcode_after_footer_widgets":"","ocean_shortcode_before_footer_bottom":"","ocean_shortcode_after_footer_bottom":"","ocean_display_top_bar":"off","ocean_display_header":"default","ocean_header_style":"","ocean_center_header_left_menu":"","ocean_custom_header_template":"","ocean_custom_logo":0,"ocean_custom_retina_logo":0,"ocean_custom_logo_max_width":0,"ocean_custom_logo_tablet_max_width":0,"ocean_custom_logo_mobile_max_width":0,"ocean_custom_logo_max_height":0,"ocean_custom_logo_tablet_max_height":0,"ocean_custom_logo_mobile_max_height":0,"ocean_header_custom_menu":"","ocean_menu_typo_font_family":"","ocean_menu_typo_font_subset":"","ocean_menu_typo_font_size":0,"ocean_menu_typo_font_size_tablet":0,"ocean_menu_typo_font_size_mobile":0,"ocean_menu_typo_font_size_unit":"px","ocean_menu_typo_font_weight":"","ocean_menu_typo_font_weight_tablet":"","ocean_menu_typo_font_weight_mobile":"","ocean_menu_typo_transform":"","ocean_menu_typo_transform_tablet":"","ocean_menu_typo_transform_mobile":"","ocean_menu_typo_line_height":0,"ocean_menu_typo_line_height_tablet":0,"ocean_menu_typo_line_height_mobile":0,"ocean_menu_typo_line_height_unit":"","ocean_menu_typo_spacing":0,"ocean_menu_typo_spacing_tablet":0,"ocean_menu_typo_spacing_mobile":0,"ocean_menu_typo_spacing_unit":"","ocean_menu_link_color":"","ocean_menu_link_color_hover":"","ocean_menu_link_color_active":"","ocean_menu_link_background":"","ocean_menu_link_hover_background":"","ocean_menu_link_active_background":"","ocean_menu_social_links_bg":"","ocean_menu_social_hover_links_bg":"","ocean_menu_social_links_color":"","ocean_menu_social_hover_links_color":"","ocean_disable_title":"on","ocean_disable_heading":"default","ocean_post_title":"","ocean_post_subheading":"","ocean_post_title_style":"","ocean_post_title_background_color":"","ocean_post_title_background":0,"ocean_post_title_bg_image_position":"","ocean_post_title_bg_image_attachment":"","ocean_post_title_bg_image_repeat":"","ocean_post_title_bg_image_size":"","ocean_post_title_height":0,"ocean_post_title_bg_overlay":0.5,"ocean_post_title_bg_overlay_color":"","ocean_disable_breadcrumbs":"default","ocean_breadcrumbs_color":"","ocean_breadcrumbs_separator_color":"","ocean_breadcrumbs_links_color":"","ocean_breadcrumbs_links_hover_color":"","ocean_display_footer_widgets":"off","ocean_display_footer_bottom":"off","ocean_custom_footer_template":"","footnotes":""},"class_list":["post-2956","page","type-page","status-publish","hentry","entry"],"_links":{"self":[{"href":"https:\/\/www.bexelektro.de\/index.php?rest_route=\/wp\/v2\/pages\/2956","targetHints":{"allow":["GET"]}}],"collection":[{"href":"https:\/\/www.bexelektro.de\/index.php?rest_route=\/wp\/v2\/pages"}],"about":[{"href":"https:\/\/www.bexelektro.de\/index.php?rest_route=\/wp\/v2\/types\/page"}],"author":[{"embeddable":true,"href":"https:\/\/www.bexelektro.de\/index.php?rest_route=\/wp\/v2\/users\/2"}],"replies":[{"embeddable":true,"href":"https:\/\/www.bexelektro.de\/index.php?rest_route=%2Fwp%2Fv2%2Fcomments&post=2956"}],"version-history":[{"count":7,"href":"https:\/\/www.bexelektro.de\/index.php?rest_route=\/wp\/v2\/pages\/2956\/revisions"}],"predecessor-version":[{"id":3079,"href":"https:\/\/www.bexelektro.de\/index.php?rest_route=\/wp\/v2\/pages\/2956\/revisions\/3079"}],"wp:attachment":[{"href":"https:\/\/www.bexelektro.de\/index.php?rest_route=%2Fwp%2Fv2%2Fmedia&parent=2956"}],"curies":[{"name":"wp","href":"https:\/\/api.w.org\/{rel}","templated":true}]}}