{"id":2948,"date":"2024-12-05T20:49:18","date_gmt":"2024-12-05T19:49:18","guid":{"rendered":"https:\/\/www.bexelektro.de\/?page_id=2948"},"modified":"2024-12-09T14:19:24","modified_gmt":"2024-12-09T13:19:24","slug":"virtual-reality-photovoltaik-anwendung","status":"publish","type":"page","link":"https:\/\/www.bexelektro.de\/?page_id=2948","title":{"rendered":"Virtual Reality Photovoltaik Anwendung"},"content":{"rendered":"\t\t<div data-elementor-type=\"wp-page\" data-elementor-id=\"2948\" class=\"elementor elementor-2948\" data-elementor-post-type=\"page\">\n\t\t\t\t\t\t<section class=\"elementor-section elementor-top-section elementor-element elementor-element-22255dee elementor-section-stretched elementor-section-height-min-height elementor-section-content-middle elementor-section-boxed elementor-section-height-default elementor-section-items-middle\" data-id=\"22255dee\" data-element_type=\"section\" data-e-type=\"section\" data-settings=\"{&quot;stretch_section&quot;:&quot;section-stretched&quot;,&quot;background_background&quot;:&quot;classic&quot;,&quot;animation&quot;:&quot;none&quot;}\">\n\t\t\t\t\t\t\t<div class=\"elementor-background-overlay\"><\/div>\n\t\t\t\t\t\t\t<div class=\"elementor-container elementor-column-gap-default\">\n\t\t\t\t\t<div class=\"elementor-column elementor-col-100 elementor-top-column elementor-element elementor-element-552158a5\" data-id=\"552158a5\" data-element_type=\"column\" data-e-type=\"column\">\n\t\t\t<div class=\"elementor-widget-wrap elementor-element-populated\">\n\t\t\t\t\t\t<div class=\"elementor-element elementor-element-ca207e elementor-widget__width-initial elementor-widget elementor-widget-heading\" data-id=\"ca207e\" data-element_type=\"widget\" data-e-type=\"widget\" data-widget_type=\"heading.default\">\n\t\t\t\t<div class=\"elementor-widget-container\">\n\t\t\t\t\t<h1 class=\"elementor-heading-title elementor-size-large\">Photovoltaik erkl\u00e4rt im virtuellen Raum<\/h1>\t\t\t\t<\/div>\n\t\t\t\t<\/div>\n\t\t\t\t\t<\/div>\n\t\t<\/div>\n\t\t\t\t\t<\/div>\n\t\t<\/section>\n\t\t\t\t<section class=\"elementor-section elementor-top-section elementor-element elementor-element-5fceb0aa elementor-section-boxed elementor-section-height-default elementor-section-height-default\" data-id=\"5fceb0aa\" data-element_type=\"section\" data-e-type=\"section\">\n\t\t\t\t\t\t<div class=\"elementor-container elementor-column-gap-default\">\n\t\t\t\t\t<div class=\"elementor-column elementor-col-100 elementor-top-column elementor-element elementor-element-6087c9be\" data-id=\"6087c9be\" data-element_type=\"column\" data-e-type=\"column\">\n\t\t\t<div class=\"elementor-widget-wrap elementor-element-populated\">\n\t\t\t\t\t\t<div class=\"elementor-element elementor-element-6981cc6 elementor-widget elementor-widget-image\" data-id=\"6981cc6\" data-element_type=\"widget\" data-e-type=\"widget\" data-widget_type=\"image.default\">\n\t\t\t\t<div class=\"elementor-widget-container\">\n\t\t\t\t\t\t\t\t\t\t\t\t\t\t\t<img fetchpriority=\"high\" decoding=\"async\" width=\"1024\" height=\"554\" src=\"https:\/\/www.bexelektro.de\/wp-content\/uploads\/2024\/12\/Screen_PV-VR-1024x554.png\" class=\"attachment-large size-large wp-image-2950\" alt=\"\" srcset=\"https:\/\/www.bexelektro.de\/wp-content\/uploads\/2024\/12\/Screen_PV-VR-1024x554.png 1024w, https:\/\/www.bexelektro.de\/wp-content\/uploads\/2024\/12\/Screen_PV-VR-300x162.png 300w, https:\/\/www.bexelektro.de\/wp-content\/uploads\/2024\/12\/Screen_PV-VR-768x415.png 768w, https:\/\/www.bexelektro.de\/wp-content\/uploads\/2024\/12\/Screen_PV-VR-1536x830.png 1536w, https:\/\/www.bexelektro.de\/wp-content\/uploads\/2024\/12\/Screen_PV-VR.png 1920w\" sizes=\"(max-width: 1024px) 100vw, 1024px\" \/>\t\t\t\t\t\t\t\t\t\t\t\t\t\t\t<\/div>\n\t\t\t\t<\/div>\n\t\t\t\t<div class=\"elementor-element elementor-element-71e187d7 elementor-widget elementor-widget-text-editor\" data-id=\"71e187d7\" data-element_type=\"widget\" data-e-type=\"widget\" data-widget_type=\"text-editor.default\">\n\t\t\t\t<div class=\"elementor-widget-container\">\n\t\t\t\t\t\t\t\t\t<h1>Von der Sonne bis zur Steckdose &#8211; Photovoltaik im virtuellen Raum erfahren<\/h1><div><div><h2><span style=\"text-decoration: underline;\">Was<\/span><\/h2><p>Virtuelle Realit\u00e4t (VR) wird hier verwendet, um einen k\u00fcnstlichen Raum zu erschaffen. \u00dcber eine VR-Brille erh\u00e4lt der Teilnehmende Zugang zu dem Raum.\u00a0<\/p><p>Unter Verwendung von Serious Gaming Elementen wird dem Teilnehmende in dem virtuellen Raum die Physik und Technik von Photovoltaik n\u00e4hergebracht. In interaktiven Stationen wird Wissen und Zusammenh\u00e4nge vermittelt. Quizfragen und Praktische \u00dcbungen im Virtuellen Raum laden zur Vertiefung ein.<\/p><\/div><h2><span style=\"text-decoration: underline;\">F\u00fcr Wen<\/span><\/h2><ul><li>Alle, die an der Energiewende interessiert sind.<\/li><li>Vorbereitung auf ein vertiefendes Seminar.<\/li><li>Begleitung zum Unterricht an berufsbildenden Schulen und anderen Fortbildungseinrichtungen<\/li><\/ul><h2><span style=\"text-decoration: underline;\">Wichtigste Fakten<\/span><\/h2><ul><li>PC-VR (Steam) und Pico 4 VR-Anwendung erstellt mit Unity.<\/li><li>Pico 4 VR-Brille<\/li><li>Leistungsf\u00e4higer Grafik PC mit einer Valve Index VR-Brille<\/li><li>Durchf\u00fchrungszeit: 20 bis 360 Minuten<\/li><li>Teilnehmer: 1- 12 Teilnehmende bei wechselseitiger Nutzung einer VR-Brille.<\/li><\/ul><h2><span style=\"text-decoration: underline;\">Verf\u00fcgbare Materialien<\/span><\/h2><ul><li>Produkthandbuch<\/li><li>Demonstrationsvideo<\/li><\/ul><h2><span style=\"text-decoration: underline;\">Kontakt<\/span><\/h2><p>Melanie Stephan<br \/>Digitale Lernmedien<br \/><a href=\"mailto:m.stephan@bfe.de\">m.stephan@bfe.de<\/a><\/p><h2><span style=\"text-decoration: underline;\">Ziel und Beschreibung des Produktes<\/span><\/h2><p>Ziel ist es, dem Teilnehmer \u00fcber eine spannende und fokussierte VR-Umgebung die Grundlagen zur Technik der Photovoltaik zu vermitteln und zu vertiefen.<br \/>Als Zweitverwertung kann die Anwendung in der \u00d6ffentlichkeitsarbeit und im Marketing eingesetzt werden.<\/p><p>Virtuelle Realit\u00e4t (VR) wird hier verwendet, um den Interessierten in einen eindeutig k\u00fcnstlichen Raum zu entf\u00fchren um dort die Grundlagen der Photovoltaik und die Herausforderungen einer technischen Installation einer kompletten Photovoltaikanlage, erfahren zu lassen.<\/p><p>Die Teilnehmenden erhalten eine VR-Brille und befinden sich sofort im virtuellen Raum, erkennen dies und werden in dem Moment des Eintauchens in den virtuellen Raum, in die Handhabung der Bedienung- und Orientierungselemente spielerisch eingef\u00fchrt. Die Anwendung ist als Rundgang definiert. An einzelnen Stationen kann der Teilnehmende mit virtuellen Ger\u00e4ten interagieren, Aktionen ausf\u00fchren, Reaktionen wahrnehmen und virtuelle \u2019haptische\u2019-Erfahrungen sammeln. Die Anlehnung an das Serious Gaming Prinzip g\u00e4ngiger VR-Spiele bereitet den Boden daf\u00fcr, dass die Anwendung vom Interessierten bis zum Ende durchgespielt wird. Dies kann auf einem parallelen Monitor\/Beamer von anderen Interessierten verfolgt werden. Durch die Aufteilung in Stationen und R\u00e4ume wird zu vermittelndes Wissen in kleine Thematische Bl\u00f6cke aufgeteilt. Die sogenannten Nuggets sind aufeinander aufgebaut. Da der virtuelle Rundgang jederzeit unterbrochen werden kann, eignet er sich hervorragend zur Vorbereitung einer Unterrichtseinheit im Pr\u00e4senzunterricht aber auch zur Erg\u00e4nzung des selbstorganisierten Lernens. Die Mitglieder eines Lernteams organisieren sich darin selbst, definieren ihr Lernziel mit dem Programm und k\u00f6nnen gemeinsam das Wissen erfahren, vertiefen und Ihre Ergebnisse dokumentieren<\/p><p>Zweitverwertung: <br \/>Gerade die im Projekt BexElektro entwickelten Bildungsangebote sollen einen essenziellen Beitrag zur Energiewende liefern. Daf\u00fcr ist es erforderlich, \u00fcber das Fachpublikum hinaus, potenzielle Interessenten, anzusprechen. Ein Kanal zur Teilnehmenden Gewinnung sind Jobmessen und Fachveranstaltungen im eigenen Haus als auch bei externen Veranstaltern. Dort sind viele potenzielle interessierte anzutreffen. Es gilt die Herausforderung zu \u00fcberwinden, in m\u00f6glichst kurzer Zeit einen tiefen Einblick in die Thematik des Bildungsangebotes zu geben. Durch den Aufbau, und die Realisierung einer Teilhabe an dem Spielfortschritt des Teilnehmers, welcher sich in der virtuellen Umgebung befindet, k\u00f6nnen in kurzer Zeit viele potenzielle Kundenkontakte erzielt werden.<\/p><\/div>\t\t\t\t\t\t\t\t<\/div>\n\t\t\t\t<\/div>\n\t\t\t\t\t<\/div>\n\t\t<\/div>\n\t\t\t\t\t<\/div>\n\t\t<\/section>\n\t\t\t\t<section class=\"elementor-section elementor-top-section elementor-element elementor-element-960d848 envato-kit-141-top-0 elementor-reverse-mobile elementor-section-full_width elementor-section-height-default elementor-section-height-default\" data-id=\"960d848\" data-element_type=\"section\" data-e-type=\"section\" data-settings=\"{&quot;background_background&quot;:&quot;classic&quot;}\">\n\t\t\t\t\t\t\t<div class=\"elementor-background-overlay\"><\/div>\n\t\t\t\t\t\t\t<div class=\"elementor-container elementor-column-gap-no\">\n\t\t\t\t\t<div class=\"elementor-column elementor-col-50 elementor-top-column elementor-element elementor-element-1a490a14\" data-id=\"1a490a14\" data-element_type=\"column\" data-e-type=\"column\">\n\t\t\t<div class=\"elementor-widget-wrap elementor-element-populated\">\n\t\t\t\t\t\t<div class=\"elementor-element elementor-element-616f6473 elementor-widget__width-inherit elementor-widget elementor-widget-text-editor\" data-id=\"616f6473\" data-element_type=\"widget\" data-e-type=\"widget\" data-widget_type=\"text-editor.default\">\n\t\t\t\t<div class=\"elementor-widget-container\">\n\t\t\t\t\t\t\t\t\t<p><a href=\"https:\/\/www.bexelektro.de\/?page_id=27\">Kontakt<\/a> | <a href=\"https:\/\/www.bexelektro.de\/?page_id=563\">Datenschutz<\/a> | <a href=\"https:\/\/www.bexelektro.de\/?page_id=566\">Impressum<\/a><\/p>\t\t\t\t\t\t\t\t<\/div>\n\t\t\t\t<\/div>\n\t\t\t\t\t<\/div>\n\t\t<\/div>\n\t\t\t\t<div class=\"elementor-column elementor-col-50 elementor-top-column elementor-element elementor-element-58a95a89\" data-id=\"58a95a89\" data-element_type=\"column\" data-e-type=\"column\">\n\t\t\t<div class=\"elementor-widget-wrap elementor-element-populated\">\n\t\t\t\t\t\t<div class=\"elementor-element elementor-element-490f4f9a elementor-widget elementor-widget-text-editor\" data-id=\"490f4f9a\" data-element_type=\"widget\" data-e-type=\"widget\" data-widget_type=\"text-editor.default\">\n\t\t\t\t<div class=\"elementor-widget-container\">\n\t\t\t\t\t\t\t\t\t<p style=\"text-align: right;\">Copyright \u00a9 by Fraunhofer-Gesellschaft<\/p>\t\t\t\t\t\t\t\t<\/div>\n\t\t\t\t<\/div>\n\t\t\t\t\t<\/div>\n\t\t<\/div>\n\t\t\t\t\t<\/div>\n\t\t<\/section>\n\t\t\t\t<\/div>\n\t\t","protected":false},"excerpt":{"rendered":"<p>Photovoltaik erkl\u00e4rt im virtuellen Raum Von der Sonne bis zur Steckdose &#8211; Photovoltaik im virtuellen Raum erfahren Was Virtuelle Realit\u00e4t (VR) wird hier verwendet, um einen k\u00fcnstlichen Raum zu erschaffen. \u00dcber eine VR-Brille erh\u00e4lt der Teilnehmende Zugang zu dem Raum.\u00a0 Unter Verwendung von Serious Gaming Elementen wird dem Teilnehmende in dem virtuellen Raum die Physik [&hellip;]<\/p>\n","protected":false},"author":2,"featured_media":0,"parent":0,"menu_order":0,"comment_status":"closed","ping_status":"closed","template":"","meta":{"ocean_post_layout":"full-screen","ocean_both_sidebars_style":"","ocean_both_sidebars_content_width":0,"ocean_both_sidebars_sidebars_width":0,"ocean_sidebar":"","ocean_second_sidebar":"","ocean_disable_margins":"enable","ocean_add_body_class":"","ocean_shortcode_before_top_bar":"","ocean_shortcode_after_top_bar":"","ocean_shortcode_before_header":"","ocean_shortcode_after_header":"","ocean_has_shortcode":"","ocean_shortcode_after_title":"","ocean_shortcode_before_footer_widgets":"","ocean_shortcode_after_footer_widgets":"","ocean_shortcode_before_footer_bottom":"","ocean_shortcode_after_footer_bottom":"","ocean_display_top_bar":"off","ocean_display_header":"default","ocean_header_style":"","ocean_center_header_left_menu":"","ocean_custom_header_template":"","ocean_custom_logo":0,"ocean_custom_retina_logo":0,"ocean_custom_logo_max_width":0,"ocean_custom_logo_tablet_max_width":0,"ocean_custom_logo_mobile_max_width":0,"ocean_custom_logo_max_height":0,"ocean_custom_logo_tablet_max_height":0,"ocean_custom_logo_mobile_max_height":0,"ocean_header_custom_menu":"","ocean_menu_typo_font_family":"","ocean_menu_typo_font_subset":"","ocean_menu_typo_font_size":0,"ocean_menu_typo_font_size_tablet":0,"ocean_menu_typo_font_size_mobile":0,"ocean_menu_typo_font_size_unit":"px","ocean_menu_typo_font_weight":"","ocean_menu_typo_font_weight_tablet":"","ocean_menu_typo_font_weight_mobile":"","ocean_menu_typo_transform":"","ocean_menu_typo_transform_tablet":"","ocean_menu_typo_transform_mobile":"","ocean_menu_typo_line_height":0,"ocean_menu_typo_line_height_tablet":0,"ocean_menu_typo_line_height_mobile":0,"ocean_menu_typo_line_height_unit":"","ocean_menu_typo_spacing":0,"ocean_menu_typo_spacing_tablet":0,"ocean_menu_typo_spacing_mobile":0,"ocean_menu_typo_spacing_unit":"","ocean_menu_link_color":"","ocean_menu_link_color_hover":"","ocean_menu_link_color_active":"","ocean_menu_link_background":"","ocean_menu_link_hover_background":"","ocean_menu_link_active_background":"","ocean_menu_social_links_bg":"","ocean_menu_social_hover_links_bg":"","ocean_menu_social_links_color":"","ocean_menu_social_hover_links_color":"","ocean_disable_title":"on","ocean_disable_heading":"default","ocean_post_title":"","ocean_post_subheading":"","ocean_post_title_style":"","ocean_post_title_background_color":"","ocean_post_title_background":0,"ocean_post_title_bg_image_position":"","ocean_post_title_bg_image_attachment":"","ocean_post_title_bg_image_repeat":"","ocean_post_title_bg_image_size":"","ocean_post_title_height":0,"ocean_post_title_bg_overlay":0.5,"ocean_post_title_bg_overlay_color":"","ocean_disable_breadcrumbs":"default","ocean_breadcrumbs_color":"","ocean_breadcrumbs_separator_color":"","ocean_breadcrumbs_links_color":"","ocean_breadcrumbs_links_hover_color":"","ocean_display_footer_widgets":"off","ocean_display_footer_bottom":"off","ocean_custom_footer_template":"","footnotes":""},"class_list":["post-2948","page","type-page","status-publish","hentry","entry"],"_links":{"self":[{"href":"https:\/\/www.bexelektro.de\/index.php?rest_route=\/wp\/v2\/pages\/2948","targetHints":{"allow":["GET"]}}],"collection":[{"href":"https:\/\/www.bexelektro.de\/index.php?rest_route=\/wp\/v2\/pages"}],"about":[{"href":"https:\/\/www.bexelektro.de\/index.php?rest_route=\/wp\/v2\/types\/page"}],"author":[{"embeddable":true,"href":"https:\/\/www.bexelektro.de\/index.php?rest_route=\/wp\/v2\/users\/2"}],"replies":[{"embeddable":true,"href":"https:\/\/www.bexelektro.de\/index.php?rest_route=%2Fwp%2Fv2%2Fcomments&post=2948"}],"version-history":[{"count":7,"href":"https:\/\/www.bexelektro.de\/index.php?rest_route=\/wp\/v2\/pages\/2948\/revisions"}],"predecessor-version":[{"id":3076,"href":"https:\/\/www.bexelektro.de\/index.php?rest_route=\/wp\/v2\/pages\/2948\/revisions\/3076"}],"wp:attachment":[{"href":"https:\/\/www.bexelektro.de\/index.php?rest_route=%2Fwp%2Fv2%2Fmedia&parent=2948"}],"curies":[{"name":"wp","href":"https:\/\/api.w.org\/{rel}","templated":true}]}}