{"id":2911,"date":"2024-12-05T18:42:50","date_gmt":"2024-12-05T17:42:50","guid":{"rendered":"https:\/\/www.bexelektro.de\/?page_id=2911"},"modified":"2024-12-09T14:18:08","modified_gmt":"2024-12-09T13:18:08","slug":"bildungsmoduldatenbank","status":"publish","type":"page","link":"https:\/\/www.bexelektro.de\/?page_id=2911","title":{"rendered":"Bildungsmoduldatenbank"},"content":{"rendered":"\t\t<div data-elementor-type=\"wp-page\" data-elementor-id=\"2911\" class=\"elementor elementor-2911\" data-elementor-post-type=\"page\">\n\t\t\t\t\t\t<section class=\"elementor-section elementor-top-section elementor-element elementor-element-55803b72 elementor-section-stretched elementor-section-height-min-height elementor-section-content-middle elementor-section-boxed elementor-section-height-default elementor-section-items-middle\" data-id=\"55803b72\" data-element_type=\"section\" data-e-type=\"section\" data-settings=\"{&quot;stretch_section&quot;:&quot;section-stretched&quot;,&quot;background_background&quot;:&quot;classic&quot;,&quot;animation&quot;:&quot;none&quot;}\">\n\t\t\t\t\t\t\t<div class=\"elementor-background-overlay\"><\/div>\n\t\t\t\t\t\t\t<div class=\"elementor-container elementor-column-gap-default\">\n\t\t\t\t\t<div class=\"elementor-column elementor-col-100 elementor-top-column elementor-element elementor-element-582a1df4\" data-id=\"582a1df4\" data-element_type=\"column\" data-e-type=\"column\">\n\t\t\t<div class=\"elementor-widget-wrap elementor-element-populated\">\n\t\t\t\t\t\t<div class=\"elementor-element elementor-element-7291d444 elementor-widget__width-initial elementor-widget elementor-widget-heading\" data-id=\"7291d444\" data-element_type=\"widget\" data-e-type=\"widget\" data-widget_type=\"heading.default\">\n\t\t\t\t<div class=\"elementor-widget-container\">\n\t\t\t\t\t<h1 class=\"elementor-heading-title elementor-size-large\">Bildungsmoduldatenbank<\/h1>\t\t\t\t<\/div>\n\t\t\t\t<\/div>\n\t\t\t\t\t<\/div>\n\t\t<\/div>\n\t\t\t\t\t<\/div>\n\t\t<\/section>\n\t\t\t\t<section class=\"elementor-section elementor-top-section elementor-element elementor-element-5797a520 elementor-section-boxed elementor-section-height-default elementor-section-height-default\" data-id=\"5797a520\" data-element_type=\"section\" data-e-type=\"section\">\n\t\t\t\t\t\t<div class=\"elementor-container elementor-column-gap-default\">\n\t\t\t\t\t<div class=\"elementor-column elementor-col-100 elementor-top-column elementor-element elementor-element-57f9a0fc\" data-id=\"57f9a0fc\" data-element_type=\"column\" data-e-type=\"column\">\n\t\t\t<div class=\"elementor-widget-wrap elementor-element-populated\">\n\t\t\t\t\t\t<div class=\"elementor-element elementor-element-96cd726 elementor-widget elementor-widget-image-carousel\" data-id=\"96cd726\" data-element_type=\"widget\" data-e-type=\"widget\" data-settings=\"{&quot;slides_to_show&quot;:&quot;1&quot;,&quot;navigation&quot;:&quot;none&quot;,&quot;effect&quot;:&quot;fade&quot;,&quot;autoplay&quot;:&quot;yes&quot;,&quot;pause_on_hover&quot;:&quot;yes&quot;,&quot;pause_on_interaction&quot;:&quot;yes&quot;,&quot;autoplay_speed&quot;:5000,&quot;infinite&quot;:&quot;yes&quot;,&quot;speed&quot;:500}\" data-widget_type=\"image-carousel.default\">\n\t\t\t\t<div class=\"elementor-widget-container\">\n\t\t\t\t\t\t\t<div class=\"elementor-image-carousel-wrapper swiper\" role=\"region\" aria-roledescription=\"carousel\" aria-label=\"Bild Karussell\" dir=\"ltr\">\n\t\t\t<div class=\"elementor-image-carousel swiper-wrapper\" aria-live=\"off\">\n\t\t\t\t\t\t\t\t<div class=\"swiper-slide\" role=\"group\" aria-roledescription=\"slide\" aria-label=\"1 von 3\"><figure class=\"swiper-slide-inner\"><img decoding=\"async\" class=\"swiper-slide-image\" src=\"https:\/\/www.bexelektro.de\/wp-content\/uploads\/2024\/12\/Moduldatenbank-gantt.png\" alt=\"Moduldatenbank gantt\" \/><\/figure><\/div><div class=\"swiper-slide\" role=\"group\" aria-roledescription=\"slide\" aria-label=\"2 von 3\"><figure class=\"swiper-slide-inner\"><img decoding=\"async\" class=\"swiper-slide-image\" src=\"https:\/\/www.bexelektro.de\/wp-content\/uploads\/2024\/12\/Moduldatenbank-Eingabeformular-1200x700.png\" alt=\"Moduldatenbank Eingabeformular\" \/><\/figure><\/div><div class=\"swiper-slide\" role=\"group\" aria-roledescription=\"slide\" aria-label=\"3 von 3\"><figure class=\"swiper-slide-inner\"><img decoding=\"async\" class=\"swiper-slide-image\" src=\"https:\/\/www.bexelektro.de\/wp-content\/uploads\/2024\/12\/Moduldatenbank-Auszug-Modulhandbuch-1055x700.png\" alt=\"Moduldatenbank Auszug Modulhandbuch\" \/><\/figure><\/div>\t\t\t<\/div>\n\t\t\t\t\t\t\t\n\t\t\t\t\t\t\t\t\t<\/div>\n\t\t\t\t\t\t<\/div>\n\t\t\t\t<\/div>\n\t\t\t\t<div class=\"elementor-element elementor-element-520e7934 elementor-widget elementor-widget-text-editor\" data-id=\"520e7934\" data-element_type=\"widget\" data-e-type=\"widget\" data-widget_type=\"text-editor.default\">\n\t\t\t\t<div class=\"elementor-widget-container\">\n\t\t\t\t\t\t\t\t\t<h1>Entwicklungsumgebung zur Unterst\u00fctzung einer agilen Produktentwicklung<\/h1><div><h2><span style=\"text-decoration: underline;\">Was<\/span><\/h2><p>Prozessunterst\u00fctzung f\u00fcr die Koordinierung der Produktentwicklung in agilen Teams<\/p><\/div><h2><span style=\"text-decoration: underline;\">F\u00fcr Wen<\/span><\/h2><p>Entwickler von Bildungsangeboten wie Lehrg\u00e4nge, Seminare und Bildungsnuggets<\/p><h2><span style=\"text-decoration: underline;\">Wichtigste Fakten<\/span><\/h2><p>Plattform und Framework Angular, Browser basiert, Single Page. Anwenderorientierte Schnittstellen, flexibles modulares Design, flexible Workflowgestaltung, Benutzerverwaltung<\/p><h2><span style=\"text-decoration: underline;\">Verf\u00fcgbare Materialien<\/span><\/h2><ul><li>Produkthandbuch<\/li><li>Exemplarisches Modulhandbuch<\/li><\/ul><h2><span style=\"text-decoration: underline;\">Kontakt\u00a0<\/span> \u00a0<\/h2><p>Melanie Stephan<br \/>Digitale Lernmedien<br \/><a href=\"mailto:m.stephan@bfe.de\">m.stephan@bfe.de<\/a><\/p><h2><span style=\"text-decoration: underline;\">Ziel und Beschreibung des Produktes<\/span><\/h2><p>Die Bildungsmoduldatenbank (BMD) unterst\u00fctzt die Entwicklung von Bildungsangeboten. <br \/>Bildungsangebote sollen Wissen und Fertigkeiten und Kompetenzen vermitteln. Die Anforderungen an ein Bildungsangebot sind im Curriculum grob beschrieben. Der verantwortliche Produktbetreuer erstellt daraus ein Expos\u00e9, welches die wesentlichen Elemente, wie zu erreichende Kompetenzvermittlungsziele, enth\u00e4lt. Das Expos\u00e9 wird dem Experten zur Verf\u00fcgung gestellt, der dann die entsprechenden Schulungsunterlagen erstellt. Die Koordinierung der Entwicklung erfolgt durch den Produktbetreuer.<\/p><p>Gerade bei umfangreichen Bildungsangeboten sind verschiedene Experten besch\u00e4ftigt die parallel Inhalte entwickeln. Eine Produktentwicklung erfordert weiterhin neben der inhaltlichen Gestaltung zus\u00e4tzliche Prozessschritte, die teilweise gleichzeitig ablaufen. Das k\u00f6nnen Genehmigungsprozesse, Begutachtungsprozesse, Verwertungsprozesse und weitere sein. Diese Prozesse basieren auf den gleichen Basisinformationen. Eine Redundanz von Information, an verschieden Stellen der an einer Produktentwicklung Beteiligten, gilt es zu vermeiden, da ansonsten bei \u00c4nderungen ein hoher Pflegeaufwand und Kommunikationsaufwand erforderlich ist.<\/p><p>Die Bildungsmoduldatenbank bietet die M\u00f6glichkeit den kompletten Prozess der Produktentwicklung transparent f\u00fcr alle Beteiligten darzustellen. Durch die zentrale Anlage der Produktidee bzw. dem konkreten Inhalt bezogen auf ein Curriculum sowie das in seine Bestandteile zerlegte Expos\u00e9, k\u00f6nnen alle Beteiligten auf die relevanten Informationen zugreifen und haben immer eine aktuelle Version zur Verf\u00fcgung. Durch den hinterlegten Workflow, welcher auch auf das interne Qualit\u00e4tsmanagement individuell angepasst werden kann, ist gew\u00e4hrleistet, das alle erforderlichen Verfahrensabl\u00e4ufe eingehalten und Schnittstellen auch zu dritten am Entstehungsprozess beteiligten bedient werden k\u00f6nnen. Somit ist eine Transparenz \u00fcber den gesamten Lebenszyklus eines Bildungsangebotes und seinen Bearbeitungsstand gegeben.<\/p><p>F\u00fcr zuk\u00fcnftige Entwicklungen stehen die Information weiterhin zentral zur Verf\u00fcgung. Dies erm\u00f6glicht im Vorfeld von zuk\u00fcnftiger Neuentwicklung eine vereinfachte Recherche und vermeidet Doppelentwicklungen. Dies reduziert die notwendige Zeit und die Kosten f\u00fcr eine Produktentwicklung und Pflege.<\/p>\t\t\t\t\t\t\t\t<\/div>\n\t\t\t\t<\/div>\n\t\t\t\t\t<\/div>\n\t\t<\/div>\n\t\t\t\t\t<\/div>\n\t\t<\/section>\n\t\t\t\t<section class=\"elementor-section elementor-top-section elementor-element elementor-element-557fac59 envato-kit-141-top-0 elementor-reverse-mobile elementor-section-full_width elementor-section-height-default elementor-section-height-default\" data-id=\"557fac59\" data-element_type=\"section\" data-e-type=\"section\" data-settings=\"{&quot;background_background&quot;:&quot;classic&quot;}\">\n\t\t\t\t\t\t\t<div class=\"elementor-background-overlay\"><\/div>\n\t\t\t\t\t\t\t<div class=\"elementor-container elementor-column-gap-no\">\n\t\t\t\t\t<div class=\"elementor-column elementor-col-50 elementor-top-column elementor-element elementor-element-138ee21e\" data-id=\"138ee21e\" data-element_type=\"column\" data-e-type=\"column\">\n\t\t\t<div class=\"elementor-widget-wrap elementor-element-populated\">\n\t\t\t\t\t\t<div class=\"elementor-element elementor-element-688b0500 elementor-widget__width-inherit elementor-widget elementor-widget-text-editor\" data-id=\"688b0500\" data-element_type=\"widget\" data-e-type=\"widget\" data-widget_type=\"text-editor.default\">\n\t\t\t\t<div class=\"elementor-widget-container\">\n\t\t\t\t\t\t\t\t\t<p><a href=\"https:\/\/www.bexelektro.de\/?page_id=27\">Kontakt<\/a> | <a href=\"https:\/\/www.bexelektro.de\/?page_id=563\">Datenschutz<\/a> | <a href=\"https:\/\/www.bexelektro.de\/?page_id=566\">Impressum<\/a><\/p>\t\t\t\t\t\t\t\t<\/div>\n\t\t\t\t<\/div>\n\t\t\t\t\t<\/div>\n\t\t<\/div>\n\t\t\t\t<div class=\"elementor-column elementor-col-50 elementor-top-column elementor-element elementor-element-3b2ee5db\" data-id=\"3b2ee5db\" data-element_type=\"column\" data-e-type=\"column\">\n\t\t\t<div class=\"elementor-widget-wrap elementor-element-populated\">\n\t\t\t\t\t\t<div class=\"elementor-element elementor-element-69bc7048 elementor-widget elementor-widget-text-editor\" data-id=\"69bc7048\" data-element_type=\"widget\" data-e-type=\"widget\" data-widget_type=\"text-editor.default\">\n\t\t\t\t<div class=\"elementor-widget-container\">\n\t\t\t\t\t\t\t\t\t<p style=\"text-align: right;\">Copyright \u00a9 by Fraunhofer-Gesellschaft<\/p>\t\t\t\t\t\t\t\t<\/div>\n\t\t\t\t<\/div>\n\t\t\t\t\t<\/div>\n\t\t<\/div>\n\t\t\t\t\t<\/div>\n\t\t<\/section>\n\t\t\t\t<\/div>\n\t\t","protected":false},"excerpt":{"rendered":"<p>Bildungsmoduldatenbank Entwicklungsumgebung zur Unterst\u00fctzung einer agilen Produktentwicklung Was Prozessunterst\u00fctzung f\u00fcr die Koordinierung der Produktentwicklung in agilen Teams F\u00fcr Wen Entwickler von Bildungsangeboten wie Lehrg\u00e4nge, Seminare und Bildungsnuggets Wichtigste Fakten Plattform und Framework Angular, Browser basiert, Single Page. Anwenderorientierte Schnittstellen, flexibles modulares Design, flexible Workflowgestaltung, Benutzerverwaltung Verf\u00fcgbare Materialien Produkthandbuch Exemplarisches Modulhandbuch Kontakt\u00a0 \u00a0 Melanie StephanDigitale Lernmedienm.stephan@bfe.de [&hellip;]<\/p>\n","protected":false},"author":2,"featured_media":0,"parent":0,"menu_order":0,"comment_status":"closed","ping_status":"closed","template":"","meta":{"ocean_post_layout":"full-screen","ocean_both_sidebars_style":"","ocean_both_sidebars_content_width":0,"ocean_both_sidebars_sidebars_width":0,"ocean_sidebar":"","ocean_second_sidebar":"","ocean_disable_margins":"enable","ocean_add_body_class":"","ocean_shortcode_before_top_bar":"","ocean_shortcode_after_top_bar":"","ocean_shortcode_before_header":"","ocean_shortcode_after_header":"","ocean_has_shortcode":"","ocean_shortcode_after_title":"","ocean_shortcode_before_footer_widgets":"","ocean_shortcode_after_footer_widgets":"","ocean_shortcode_before_footer_bottom":"","ocean_shortcode_after_footer_bottom":"","ocean_display_top_bar":"off","ocean_display_header":"default","ocean_header_style":"","ocean_center_header_left_menu":"","ocean_custom_header_template":"","ocean_custom_logo":0,"ocean_custom_retina_logo":0,"ocean_custom_logo_max_width":0,"ocean_custom_logo_tablet_max_width":0,"ocean_custom_logo_mobile_max_width":0,"ocean_custom_logo_max_height":0,"ocean_custom_logo_tablet_max_height":0,"ocean_custom_logo_mobile_max_height":0,"ocean_header_custom_menu":"","ocean_menu_typo_font_family":"","ocean_menu_typo_font_subset":"","ocean_menu_typo_font_size":0,"ocean_menu_typo_font_size_tablet":0,"ocean_menu_typo_font_size_mobile":0,"ocean_menu_typo_font_size_unit":"px","ocean_menu_typo_font_weight":"","ocean_menu_typo_font_weight_tablet":"","ocean_menu_typo_font_weight_mobile":"","ocean_menu_typo_transform":"","ocean_menu_typo_transform_tablet":"","ocean_menu_typo_transform_mobile":"","ocean_menu_typo_line_height":0,"ocean_menu_typo_line_height_tablet":0,"ocean_menu_typo_line_height_mobile":0,"ocean_menu_typo_line_height_unit":"","ocean_menu_typo_spacing":0,"ocean_menu_typo_spacing_tablet":0,"ocean_menu_typo_spacing_mobile":0,"ocean_menu_typo_spacing_unit":"","ocean_menu_link_color":"","ocean_menu_link_color_hover":"","ocean_menu_link_color_active":"","ocean_menu_link_background":"","ocean_menu_link_hover_background":"","ocean_menu_link_active_background":"","ocean_menu_social_links_bg":"","ocean_menu_social_hover_links_bg":"","ocean_menu_social_links_color":"","ocean_menu_social_hover_links_color":"","ocean_disable_title":"on","ocean_disable_heading":"default","ocean_post_title":"","ocean_post_subheading":"","ocean_post_title_style":"","ocean_post_title_background_color":"","ocean_post_title_background":0,"ocean_post_title_bg_image_position":"","ocean_post_title_bg_image_attachment":"","ocean_post_title_bg_image_repeat":"","ocean_post_title_bg_image_size":"","ocean_post_title_height":0,"ocean_post_title_bg_overlay":0.5,"ocean_post_title_bg_overlay_color":"","ocean_disable_breadcrumbs":"default","ocean_breadcrumbs_color":"","ocean_breadcrumbs_separator_color":"","ocean_breadcrumbs_links_color":"","ocean_breadcrumbs_links_hover_color":"","ocean_display_footer_widgets":"off","ocean_display_footer_bottom":"off","ocean_custom_footer_template":"","footnotes":""},"class_list":["post-2911","page","type-page","status-publish","hentry","entry"],"_links":{"self":[{"href":"https:\/\/www.bexelektro.de\/index.php?rest_route=\/wp\/v2\/pages\/2911","targetHints":{"allow":["GET"]}}],"collection":[{"href":"https:\/\/www.bexelektro.de\/index.php?rest_route=\/wp\/v2\/pages"}],"about":[{"href":"https:\/\/www.bexelektro.de\/index.php?rest_route=\/wp\/v2\/types\/page"}],"author":[{"embeddable":true,"href":"https:\/\/www.bexelektro.de\/index.php?rest_route=\/wp\/v2\/users\/2"}],"replies":[{"embeddable":true,"href":"https:\/\/www.bexelektro.de\/index.php?rest_route=%2Fwp%2Fv2%2Fcomments&post=2911"}],"version-history":[{"count":13,"href":"https:\/\/www.bexelektro.de\/index.php?rest_route=\/wp\/v2\/pages\/2911\/revisions"}],"predecessor-version":[{"id":3070,"href":"https:\/\/www.bexelektro.de\/index.php?rest_route=\/wp\/v2\/pages\/2911\/revisions\/3070"}],"wp:attachment":[{"href":"https:\/\/www.bexelektro.de\/index.php?rest_route=%2Fwp%2Fv2%2Fmedia&parent=2911"}],"curies":[{"name":"wp","href":"https:\/\/api.w.org\/{rel}","templated":true}]}}