{"id":2898,"date":"2024-12-05T18:03:14","date_gmt":"2024-12-05T17:03:14","guid":{"rendered":"https:\/\/www.bexelektro.de\/?page_id=2898"},"modified":"2024-12-09T14:17:34","modified_gmt":"2024-12-09T13:17:34","slug":"trendanalyse","status":"publish","type":"page","link":"https:\/\/www.bexelektro.de\/?page_id=2898","title":{"rendered":"Trendanalyse"},"content":{"rendered":"\t\t<div data-elementor-type=\"wp-page\" data-elementor-id=\"2898\" class=\"elementor elementor-2898\" data-elementor-post-type=\"page\">\n\t\t\t\t\t\t<section class=\"elementor-section elementor-top-section elementor-element elementor-element-19f7bdd4 elementor-section-stretched elementor-section-height-min-height elementor-section-content-middle elementor-section-boxed elementor-section-height-default elementor-section-items-middle\" data-id=\"19f7bdd4\" data-element_type=\"section\" data-e-type=\"section\" data-settings=\"{&quot;stretch_section&quot;:&quot;section-stretched&quot;,&quot;background_background&quot;:&quot;classic&quot;,&quot;animation&quot;:&quot;none&quot;}\">\n\t\t\t\t\t\t\t<div class=\"elementor-background-overlay\"><\/div>\n\t\t\t\t\t\t\t<div class=\"elementor-container elementor-column-gap-default\">\n\t\t\t\t\t<div class=\"elementor-column elementor-col-100 elementor-top-column elementor-element elementor-element-1227ecf\" data-id=\"1227ecf\" data-element_type=\"column\" data-e-type=\"column\">\n\t\t\t<div class=\"elementor-widget-wrap elementor-element-populated\">\n\t\t\t\t\t\t<div class=\"elementor-element elementor-element-5348232f elementor-widget__width-initial elementor-widget elementor-widget-heading\" data-id=\"5348232f\" data-element_type=\"widget\" data-e-type=\"widget\" data-widget_type=\"heading.default\">\n\t\t\t\t<div class=\"elementor-widget-container\">\n\t\t\t\t\t<h1 class=\"elementor-heading-title elementor-size-large\">Trendanalyse<\/h1>\t\t\t\t<\/div>\n\t\t\t\t<\/div>\n\t\t\t\t\t<\/div>\n\t\t<\/div>\n\t\t\t\t\t<\/div>\n\t\t<\/section>\n\t\t\t\t<section class=\"elementor-section elementor-top-section elementor-element elementor-element-7b94eb2b elementor-section-boxed elementor-section-height-default elementor-section-height-default\" data-id=\"7b94eb2b\" data-element_type=\"section\" data-e-type=\"section\">\n\t\t\t\t\t\t<div class=\"elementor-container elementor-column-gap-default\">\n\t\t\t\t\t<div class=\"elementor-column elementor-col-100 elementor-top-column elementor-element elementor-element-12028830\" data-id=\"12028830\" data-element_type=\"column\" data-e-type=\"column\">\n\t\t\t<div class=\"elementor-widget-wrap elementor-element-populated\">\n\t\t\t\t\t\t<div class=\"elementor-element elementor-element-14567175 elementor-widget elementor-widget-text-editor\" data-id=\"14567175\" data-element_type=\"widget\" data-e-type=\"widget\" data-widget_type=\"text-editor.default\">\n\t\t\t\t<div class=\"elementor-widget-container\">\n\t\t\t\t\t\t\t\t\t<h1>Agiles Trendmonitoring zur Sicherung aktueller und qualit\u00e4tsgesicherter Qualifikationen<\/h1><div><h2><span style=\"text-decoration: underline;\">Was<\/span><\/h2><ul><li>flexibler Prozess zur schnellen Anpassung von Lerninhalten an Markttrends<\/li><\/ul><h2><span style=\"text-decoration: underline;\">F\u00fcr Wen<\/span><\/h2><ul><li>Technologiehersteller, Handwerksunternehmen und Bildungsanbieter<\/li><\/ul><h2><span style=\"text-decoration: underline;\">Wichtigste Fakten<\/span><\/h2><ul><li class=\"elementor-heading-title elementor-size-default\">Flexibler Prozess, kollaborative Zusammenarbeit, strukturierte Zeitpl\u00e4ne, partizipatives Voting<\/li><\/ul><h2><span style=\"text-decoration: underline;\">Verf\u00fcgbare Materialien<\/span><\/h2><ul><li>Handlungshilfen zur Prozessdokumentation, Auswertungsmethoden, <a href=\"https:\/\/www.bexelektro.de\/wp-content\/uploads\/2024\/12\/Trendanalyse_Marktbeobachtung.pdf\">Trendradar<\/a>, Evaluationsergebnisse<\/li><\/ul><h2><span style=\"text-decoration: underline;\">Kontakt<\/span><\/h2><p>Fritz Staudacher<br \/>Unternehmensbereichsleiter Geb\u00e4udeautomation und Informationstechnik<br \/><a href=\"mailto:staudacher@etz-stuttgart.de\">staudacher@etz-stuttgart.de<\/a><\/p><p>Elektro Technologie Zentrum<br \/>Krefelder Stra\u00dfe 12<br \/>70376 Stuttgart<\/p><h2><span style=\"text-decoration: underline;\">Mehr dazu<\/span><\/h2><p><a href=\"https:\/\/www.etz-stuttgart.de\/BexElektro.html\">https:\/\/www.etz-stuttgart.de\/BexElektro.html<\/a><\/p><\/div><h2><span style=\"text-decoration: underline;\">Ziel und Beschreibung des Produktes<\/span><\/h2><p>Das agile Trendmonitoring zielt darauf ab, Qualifizierungsbedarfe fr\u00fchzeitig zu erkennen und schnell in Bildungsinhalte umzusetzen, um den Fachkr\u00e4ftemangel im Elektro-Handwerk zu bek\u00e4mpfen. Der Prozess umfasst:<\/p><ol><li>Scanning: Erkennen von Signalen und Trendthemen<\/li><li>Monitoring: Beobachtung durch den KI basiertenWebcrawler<\/li><li>Scouting: Bewertung durch die Expertenrunde<\/li><li>Umsetzung: Implementierung neuer Lerninhalte<\/li><\/ol><p>Technologische Chancen werden so fr\u00fchzeitig erkannt und die Zusammenarbeit zwischen Technologieherstellern, Handwerksunternehmen und Bildungsanbietern intensiviert. Ein partizipatives Voting-Verfahren in der Expertenrunde stellt sicher, dass relevante Trends qualifiziert bewertet werden. Das agile Trendmonitoring optimiert die Schnittstellen zwischen technologischen Anforderungen, Marktbedarfen und Lerninhalten.<\/p>\t\t\t\t\t\t\t\t<\/div>\n\t\t\t\t<\/div>\n\t\t\t\t<div class=\"elementor-element elementor-element-f89cf2e elementor-widget elementor-widget-button\" data-id=\"f89cf2e\" data-element_type=\"widget\" data-e-type=\"widget\" data-widget_type=\"button.default\">\n\t\t\t\t<div class=\"elementor-widget-container\">\n\t\t\t\t\t\t\t\t\t<div class=\"elementor-button-wrapper\">\n\t\t\t\t\t<a class=\"elementor-button elementor-button-link elementor-size-sm\" href=\"https:\/\/www.bexelektro.de\/wp-content\/uploads\/2024\/12\/Trendanalyse_Marktbeobachtung.pdf\">\n\t\t\t\t\t\t<span class=\"elementor-button-content-wrapper\">\n\t\t\t\t\t\t<span class=\"elementor-button-icon\">\n\t\t\t\t<i aria-hidden=\"true\" class=\"fas fa-file-download\"><\/i>\t\t\t<\/span>\n\t\t\t\t\t\t\t\t\t<span class=\"elementor-button-text\">Trendanalyse und Marktbeobachtung<\/span>\n\t\t\t\t\t<\/span>\n\t\t\t\t\t<\/a>\n\t\t\t\t<\/div>\n\t\t\t\t\t\t\t\t<\/div>\n\t\t\t\t<\/div>\n\t\t\t\t\t<\/div>\n\t\t<\/div>\n\t\t\t\t\t<\/div>\n\t\t<\/section>\n\t\t\t\t<section class=\"elementor-section elementor-top-section elementor-element elementor-element-4caa3497 envato-kit-141-top-0 elementor-reverse-mobile elementor-section-full_width elementor-section-height-default elementor-section-height-default\" data-id=\"4caa3497\" data-element_type=\"section\" data-e-type=\"section\" data-settings=\"{&quot;background_background&quot;:&quot;classic&quot;}\">\n\t\t\t\t\t\t\t<div class=\"elementor-background-overlay\"><\/div>\n\t\t\t\t\t\t\t<div class=\"elementor-container elementor-column-gap-no\">\n\t\t\t\t\t<div class=\"elementor-column elementor-col-50 elementor-top-column elementor-element elementor-element-6e2b6cdf\" data-id=\"6e2b6cdf\" data-element_type=\"column\" data-e-type=\"column\">\n\t\t\t<div class=\"elementor-widget-wrap elementor-element-populated\">\n\t\t\t\t\t\t<div class=\"elementor-element elementor-element-6310de31 elementor-widget__width-inherit elementor-widget elementor-widget-text-editor\" data-id=\"6310de31\" data-element_type=\"widget\" data-e-type=\"widget\" data-widget_type=\"text-editor.default\">\n\t\t\t\t<div class=\"elementor-widget-container\">\n\t\t\t\t\t\t\t\t\t<p><a href=\"https:\/\/www.bexelektro.de\/?page_id=27\">Kontakt<\/a> | <a href=\"https:\/\/www.bexelektro.de\/?page_id=563\">Datenschutz<\/a> | <a href=\"https:\/\/www.bexelektro.de\/?page_id=566\">Impressum<\/a><\/p>\t\t\t\t\t\t\t\t<\/div>\n\t\t\t\t<\/div>\n\t\t\t\t\t<\/div>\n\t\t<\/div>\n\t\t\t\t<div class=\"elementor-column elementor-col-50 elementor-top-column elementor-element elementor-element-7944d9e0\" data-id=\"7944d9e0\" data-element_type=\"column\" data-e-type=\"column\">\n\t\t\t<div class=\"elementor-widget-wrap elementor-element-populated\">\n\t\t\t\t\t\t<div class=\"elementor-element elementor-element-6bb9275c elementor-widget elementor-widget-text-editor\" data-id=\"6bb9275c\" data-element_type=\"widget\" data-e-type=\"widget\" data-widget_type=\"text-editor.default\">\n\t\t\t\t<div class=\"elementor-widget-container\">\n\t\t\t\t\t\t\t\t\t<p style=\"text-align: right;\">Copyright \u00a9 by Fraunhofer-Gesellschaft<\/p>\t\t\t\t\t\t\t\t<\/div>\n\t\t\t\t<\/div>\n\t\t\t\t\t<\/div>\n\t\t<\/div>\n\t\t\t\t\t<\/div>\n\t\t<\/section>\n\t\t\t\t<\/div>\n\t\t","protected":false},"excerpt":{"rendered":"<p>Trendanalyse Agiles Trendmonitoring zur Sicherung aktueller und qualit\u00e4tsgesicherter Qualifikationen Was flexibler Prozess zur schnellen Anpassung von Lerninhalten an Markttrends F\u00fcr Wen Technologiehersteller, Handwerksunternehmen und Bildungsanbieter Wichtigste Fakten Flexibler Prozess, kollaborative Zusammenarbeit, strukturierte Zeitpl\u00e4ne, partizipatives Voting Verf\u00fcgbare Materialien Handlungshilfen zur Prozessdokumentation, Auswertungsmethoden, Trendradar, Evaluationsergebnisse Kontakt Fritz StaudacherUnternehmensbereichsleiter Geb\u00e4udeautomation und Informationstechnikstaudacher@etz-stuttgart.de Elektro Technologie ZentrumKrefelder Stra\u00dfe 1270376 Stuttgart [&hellip;]<\/p>\n","protected":false},"author":2,"featured_media":0,"parent":0,"menu_order":0,"comment_status":"closed","ping_status":"closed","template":"","meta":{"ocean_post_layout":"full-screen","ocean_both_sidebars_style":"","ocean_both_sidebars_content_width":0,"ocean_both_sidebars_sidebars_width":0,"ocean_sidebar":"","ocean_second_sidebar":"","ocean_disable_margins":"enable","ocean_add_body_class":"","ocean_shortcode_before_top_bar":"","ocean_shortcode_after_top_bar":"","ocean_shortcode_before_header":"","ocean_shortcode_after_header":"","ocean_has_shortcode":"","ocean_shortcode_after_title":"","ocean_shortcode_before_footer_widgets":"","ocean_shortcode_after_footer_widgets":"","ocean_shortcode_before_footer_bottom":"","ocean_shortcode_after_footer_bottom":"","ocean_display_top_bar":"off","ocean_display_header":"default","ocean_header_style":"","ocean_center_header_left_menu":"","ocean_custom_header_template":"","ocean_custom_logo":0,"ocean_custom_retina_logo":0,"ocean_custom_logo_max_width":0,"ocean_custom_logo_tablet_max_width":0,"ocean_custom_logo_mobile_max_width":0,"ocean_custom_logo_max_height":0,"ocean_custom_logo_tablet_max_height":0,"ocean_custom_logo_mobile_max_height":0,"ocean_header_custom_menu":"","ocean_menu_typo_font_family":"","ocean_menu_typo_font_subset":"","ocean_menu_typo_font_size":0,"ocean_menu_typo_font_size_tablet":0,"ocean_menu_typo_font_size_mobile":0,"ocean_menu_typo_font_size_unit":"px","ocean_menu_typo_font_weight":"","ocean_menu_typo_font_weight_tablet":"","ocean_menu_typo_font_weight_mobile":"","ocean_menu_typo_transform":"","ocean_menu_typo_transform_tablet":"","ocean_menu_typo_transform_mobile":"","ocean_menu_typo_line_height":0,"ocean_menu_typo_line_height_tablet":0,"ocean_menu_typo_line_height_mobile":0,"ocean_menu_typo_line_height_unit":"","ocean_menu_typo_spacing":0,"ocean_menu_typo_spacing_tablet":0,"ocean_menu_typo_spacing_mobile":0,"ocean_menu_typo_spacing_unit":"","ocean_menu_link_color":"","ocean_menu_link_color_hover":"","ocean_menu_link_color_active":"","ocean_menu_link_background":"","ocean_menu_link_hover_background":"","ocean_menu_link_active_background":"","ocean_menu_social_links_bg":"","ocean_menu_social_hover_links_bg":"","ocean_menu_social_links_color":"","ocean_menu_social_hover_links_color":"","ocean_disable_title":"on","ocean_disable_heading":"default","ocean_post_title":"","ocean_post_subheading":"","ocean_post_title_style":"","ocean_post_title_background_color":"","ocean_post_title_background":0,"ocean_post_title_bg_image_position":"","ocean_post_title_bg_image_attachment":"","ocean_post_title_bg_image_repeat":"","ocean_post_title_bg_image_size":"","ocean_post_title_height":0,"ocean_post_title_bg_overlay":0.5,"ocean_post_title_bg_overlay_color":"","ocean_disable_breadcrumbs":"default","ocean_breadcrumbs_color":"","ocean_breadcrumbs_separator_color":"","ocean_breadcrumbs_links_color":"","ocean_breadcrumbs_links_hover_color":"","ocean_display_footer_widgets":"off","ocean_display_footer_bottom":"off","ocean_custom_footer_template":"","footnotes":""},"class_list":["post-2898","page","type-page","status-publish","hentry","entry"],"_links":{"self":[{"href":"https:\/\/www.bexelektro.de\/index.php?rest_route=\/wp\/v2\/pages\/2898","targetHints":{"allow":["GET"]}}],"collection":[{"href":"https:\/\/www.bexelektro.de\/index.php?rest_route=\/wp\/v2\/pages"}],"about":[{"href":"https:\/\/www.bexelektro.de\/index.php?rest_route=\/wp\/v2\/types\/page"}],"author":[{"embeddable":true,"href":"https:\/\/www.bexelektro.de\/index.php?rest_route=\/wp\/v2\/users\/2"}],"replies":[{"embeddable":true,"href":"https:\/\/www.bexelektro.de\/index.php?rest_route=%2Fwp%2Fv2%2Fcomments&post=2898"}],"version-history":[{"count":7,"href":"https:\/\/www.bexelektro.de\/index.php?rest_route=\/wp\/v2\/pages\/2898\/revisions"}],"predecessor-version":[{"id":3067,"href":"https:\/\/www.bexelektro.de\/index.php?rest_route=\/wp\/v2\/pages\/2898\/revisions\/3067"}],"wp:attachment":[{"href":"https:\/\/www.bexelektro.de\/index.php?rest_route=%2Fwp%2Fv2%2Fmedia&parent=2898"}],"curies":[{"name":"wp","href":"https:\/\/api.w.org\/{rel}","templated":true}]}}