{"id":2868,"date":"2024-12-05T15:23:53","date_gmt":"2024-12-05T14:23:53","guid":{"rendered":"https:\/\/www.bexelektro.de\/?page_id=2868"},"modified":"2024-12-09T14:16:57","modified_gmt":"2024-12-09T13:16:57","slug":"evaluationsergebnisse","status":"publish","type":"page","link":"https:\/\/www.bexelektro.de\/?page_id=2868","title":{"rendered":"Evaluationsergebnisse"},"content":{"rendered":"\t\t<div data-elementor-type=\"wp-page\" data-elementor-id=\"2868\" class=\"elementor elementor-2868\" data-elementor-post-type=\"page\">\n\t\t\t\t\t\t<section class=\"elementor-section elementor-top-section elementor-element elementor-element-39c2c0fe elementor-section-stretched elementor-section-height-min-height elementor-section-content-middle elementor-section-boxed elementor-section-height-default elementor-section-items-middle\" data-id=\"39c2c0fe\" data-element_type=\"section\" data-e-type=\"section\" data-settings=\"{&quot;stretch_section&quot;:&quot;section-stretched&quot;,&quot;background_background&quot;:&quot;classic&quot;,&quot;animation&quot;:&quot;none&quot;}\">\n\t\t\t\t\t\t\t<div class=\"elementor-background-overlay\"><\/div>\n\t\t\t\t\t\t\t<div class=\"elementor-container elementor-column-gap-default\">\n\t\t\t\t\t<div class=\"elementor-column elementor-col-100 elementor-top-column elementor-element elementor-element-1aac17e6\" data-id=\"1aac17e6\" data-element_type=\"column\" data-e-type=\"column\">\n\t\t\t<div class=\"elementor-widget-wrap elementor-element-populated\">\n\t\t\t\t\t\t<div class=\"elementor-element elementor-element-45fe11b0 elementor-widget__width-initial elementor-widget elementor-widget-heading\" data-id=\"45fe11b0\" data-element_type=\"widget\" data-e-type=\"widget\" data-widget_type=\"heading.default\">\n\t\t\t\t<div class=\"elementor-widget-container\">\n\t\t\t\t\t<h1 class=\"elementor-heading-title elementor-size-large\">Evaluationsergebnisse<\/h1>\t\t\t\t<\/div>\n\t\t\t\t<\/div>\n\t\t\t\t\t<\/div>\n\t\t<\/div>\n\t\t\t\t\t<\/div>\n\t\t<\/section>\n\t\t\t\t<section class=\"elementor-section elementor-top-section elementor-element elementor-element-7dccbec2 elementor-section-boxed elementor-section-height-default elementor-section-height-default\" data-id=\"7dccbec2\" data-element_type=\"section\" data-e-type=\"section\">\n\t\t\t\t\t\t<div class=\"elementor-container elementor-column-gap-default\">\n\t\t\t\t\t<div class=\"elementor-column elementor-col-100 elementor-top-column elementor-element elementor-element-6ddf5fb6\" data-id=\"6ddf5fb6\" data-element_type=\"column\" data-e-type=\"column\">\n\t\t\t<div class=\"elementor-widget-wrap elementor-element-populated\">\n\t\t\t\t\t\t<div class=\"elementor-element elementor-element-6fadf374 elementor-widget elementor-widget-text-editor\" data-id=\"6fadf374\" data-element_type=\"widget\" data-e-type=\"widget\" data-widget_type=\"text-editor.default\">\n\t\t\t\t<div class=\"elementor-widget-container\">\n\t\t\t\t\t\t\t\t\t<h1><strong>Relevanz, Verlauf, Wirksamkeit und Effizienz von BexElektro<\/strong><\/h1><div><h2><span style=\"text-decoration: underline;\"><strong>Was<\/strong><\/span><\/h2><p>Ein umfassender BexElektro-Evaluationsprozess, bestehend aus einem wissenschaftlichen Gesamtkonzept, das formativ und summativ angewendet wurde. Es wurden qualitative und quantitative Methoden eingesetzt, um detaillierte Erkenntnisse \u00fcber die Effektivit\u00e4t, Relevanz und Nachhaltigkeit des Entwicklungsprojekts zu gewinnen. Der Evaluationsprozess beinhaltete Online-Befragungen, Interviews, Workshops sowie eine j\u00e4hrliche Auswertung und eine Endkundenbefragung.<\/p><h2><span style=\"text-decoration: underline;\"><strong>F\u00fcr Wen<\/strong><\/span><\/h2><ul><li>Projektbeteiligte und F\u00fchrungskr\u00e4fte der Projektpartner<\/li><li>Finanziers (BMBF\/BiBB)<\/li><li>Umsetzungsverantwortliche und Projektmanager<\/li><li>Zielgruppen der Bildungsangebote, einschlie\u00dflich Industrievertreter und Handwerk<\/li><li>Sozialpartner, Beir\u00e4te und bildungspolitische Akteure<\/li><li>Fach\u00f6ffentlichkeit und wissenschaftliche Community<\/li><li>Teilnehmende in vergleichbaren Projekten<\/li><\/ul><h2><span style=\"text-decoration: underline;\">Wichtigste Fakten<\/span><\/h2><p><strong>Zeitraum:<\/strong> Evaluationsprozess begleitend zum Projekt<\/p><p><strong>Methode:<\/strong> Kombination aus quantitativen (z.B. Online-Befragungen) und qualitativen Ans\u00e4tzen (Interviews, Workshops)<\/p><p><strong>Ergebnisse:<\/strong> Der Prozess lieferte konkrete Erkenntnisse zur Relevanz, zum Verlauf, zur Wirksamkeit und zur Effizienz des Projekts.<\/p><p><strong>Ziel:<\/strong> Erh\u00f6hung der Transparenz und Qualit\u00e4t der Projektergebnisse, Unterst\u00fctzung bei strategischen Entscheidungen<\/p><p><strong>Outcome:<\/strong><\/p><ul><li>Verbesserung des Unterrichts in der laufenden Evaluation durch detailliertes adhoc Feedback<\/li><li>Erh\u00f6hung der Transparenz bzgl. Qualit\u00e4t der Pilotierung<\/li><li>Ergebnisse leisten in der \u00d6ffentlichkeitsarbeit wichtige Beitr\u00e4ge zur Erh\u00f6hung der Relevanz\/Akzeptanz und f\u00f6rdern die Nachfrage<\/li><li>Erfahrungsdokumentation der Ordnungsverfahren bietet eine Grundlage f\u00fcr die kontinuierliche Verbesserung und Anpassung der Qualifikationsstandards<\/li><li>Die j\u00e4hrlichen Jahresabschl\u00fcsse bieten eine kontinuierliche Bewertung des Projektfortschritts und der erzielten Ergebnisse<\/li><\/ul><h2><span style=\"text-decoration: underline;\">Verf\u00fcgbare Materialien<\/span><\/h2><ul><li><a href=\"https:\/\/www.bexelektro.de\/wp-content\/uploads\/2024\/12\/6260-Qualifizierungsoffensive-fuer-die-Energie-und-Mobilitaetswende_br-Kopie.pdf\">Umfrage unter Gesch\u00e4ftsleitungen und Personalverantwortlichen aus Industrie und Handwerk in der Elektro-Branche \u00bbQualifizierungsoffensive f\u00fcr die Energie- und Mobilit\u00e4tswende\u00ab<\/a><\/li><li><a href=\"https:\/\/www.bexelektro.de\/wp-content\/uploads\/2024\/12\/2021-12-20_BexElektro_Experteninterviews-1.pdf\">Ergebnisse der Umfrage unter Experten aus Berufsverb\u00e4nden, Hochschule und Wissenschaft sowie Industrie und Handwerk<\/a><\/li><li><a href=\"https:\/\/www.bexelektro.de\/wp-content\/uploads\/2024\/12\/2022-04-28_ErgebnisseOnlineBefragung_final.pdf\">Zweite Umfrage unter Gesch\u00e4ftsleitungen und Personalverantwortlichen aus Industrie und Handwerk in der Elektro-Branche<\/a><\/li><li><a href=\"https:\/\/www.bexelektro.de\/wp-content\/uploads\/2024\/12\/Ergebnisdokumentation-Pilotevaluation-BS-LIS.pdf\">Evaluationsergebnisse aus der Pilotdurchf\u00fchrung des Berufsspezialisten Ladeinfrastruktursysteme (LIS)<\/a><\/li><li><a href=\"https:\/\/www.bexelektro.de\/wp-content\/uploads\/2024\/12\/Ergebnisdokumentation-Pilotevaluation-BS-EEE.pdf\">Evaluationsergebnisse aus der Pilotdurchf\u00fchrung des Berufsspezialisten Erneuerbare Energien und Energiemanagement (EEE)<\/a><\/li><li><a href=\"https:\/\/www.bexelektro.de\/wp-content\/uploads\/2024\/12\/2024-06_Ergebnisse-Endkundenbefragung.pdf\">Einsch\u00e4tzung von Elektro-Fachkr\u00e4ften zu den entwickelten Bildungsangeboten zur Energie- und Mobilit\u00e4tswende<\/a><\/li><\/ul><h2><span style=\"text-decoration: underline;\">Kontakt<\/span><\/h2><p>Anna Hoberg <br \/><a href=\"mailto:anna.hoberg@iao.fraunhofer.de\">anna.hoberg@iao.fraunhofer.de<\/a><br \/>Fraunhofer IAO<\/p><\/div><h2><span style=\"text-decoration: underline;\">Ziel und Beschreibung des Produktes<\/span><\/h2><p>Der entwickelte Evaluationsprozess zielt darauf ab, die Relevanz, Effektivit\u00e4t und Nachhaltigkeit des Entwicklungsprojekts durch einen umfassenden und wissenschaftlich fundierten Ansatz zu bewerten. Die Evaluation umfasste sowohl formative als auch summative Aspekte und diente dazu, Erkenntnisse \u00fcber die Arbeitsziele, das gew\u00e4hlte wissenschaftliche Vorgehen und den Erfolg des Clustermanagements zu gewinnen.<\/p><p>Dabei wurden verschiedene Evaluationsinstrumente wie Einzelgespr\u00e4che, Workshops, Gruppeninterviews, Online-Befragungen sowie Selbstaufschriebe eingesetzt, um ein breites Spektrum an Daten und R\u00fcckmeldungen zu erfassen. Durch die j\u00e4hrliche Berichterstattung und Endkundenbefragungen wurden kontinuierliche Einblicke in die Projektdynamik erm\u00f6glicht. Die Evaluation lieferte entscheidende Informationen zur Verbesserung der Unterrichtsmethoden, zur Transparenz der Projektergebnisse sowie zur Akzeptanz und Relevanz des Projekts in der Fach\u00f6ffentlichkeit.<\/p><p>Insgesamt diente der Evaluationsprozess als Basis f\u00fcr die Erstellung von wissenschaftlichen Fachpublikationen, der Gestaltung von Brosch\u00fcren f\u00fcr die \u00d6ffentlichkeitsarbeit und der Ableitung konkreter Empfehlungen f\u00fcr zuk\u00fcnftige Projekte. Die Ergebnisse bieten nicht nur eine Grundlage f\u00fcr die interne Bewertung und Steuerung des Projekts, sondern sind auch als Best-Practice-Beispiel f\u00fcr andere Entwicklungsprojekte nutzbar.<\/p>\t\t\t\t\t\t\t\t<\/div>\n\t\t\t\t<\/div>\n\t\t\t\t<div class=\"elementor-element elementor-element-6957e06 elementor-widget elementor-widget-button\" data-id=\"6957e06\" data-element_type=\"widget\" data-e-type=\"widget\" data-widget_type=\"button.default\">\n\t\t\t\t<div class=\"elementor-widget-container\">\n\t\t\t\t\t\t\t\t\t<div class=\"elementor-button-wrapper\">\n\t\t\t\t\t<a class=\"elementor-button elementor-button-link elementor-size-sm\" href=\"https:\/\/www.bexelektro.de\/wp-content\/uploads\/2024\/12\/6260-Qualifizierungsoffensive-fuer-die-Energie-und-Mobilitaetswende_br-Kopie.pdf\">\n\t\t\t\t\t\t<span class=\"elementor-button-content-wrapper\">\n\t\t\t\t\t\t<span class=\"elementor-button-icon\">\n\t\t\t\t<i aria-hidden=\"true\" class=\"fas fa-file-download\"><\/i>\t\t\t<\/span>\n\t\t\t\t\t\t\t\t\t<span class=\"elementor-button-text\">1. Umfrage Gesch\u00e4ftsleitungen &amp; Personalverantwortliche<\/span>\n\t\t\t\t\t<\/span>\n\t\t\t\t\t<\/a>\n\t\t\t\t<\/div>\n\t\t\t\t\t\t\t\t<\/div>\n\t\t\t\t<\/div>\n\t\t\t\t<div class=\"elementor-element elementor-element-a0d0cc2 elementor-widget elementor-widget-button\" data-id=\"a0d0cc2\" data-element_type=\"widget\" data-e-type=\"widget\" data-widget_type=\"button.default\">\n\t\t\t\t<div class=\"elementor-widget-container\">\n\t\t\t\t\t\t\t\t\t<div class=\"elementor-button-wrapper\">\n\t\t\t\t\t<a class=\"elementor-button elementor-button-link elementor-size-sm\" href=\"https:\/\/www.bexelektro.de\/wp-content\/uploads\/2024\/12\/2021-12-20_BexElektro_Experteninterviews-1.pdf\">\n\t\t\t\t\t\t<span class=\"elementor-button-content-wrapper\">\n\t\t\t\t\t\t<span class=\"elementor-button-icon\">\n\t\t\t\t<i aria-hidden=\"true\" class=\"fas fa-file-download\"><\/i>\t\t\t<\/span>\n\t\t\t\t\t\t\t\t\t<span class=\"elementor-button-text\">Ergebnisse Umfrage Experten<\/span>\n\t\t\t\t\t<\/span>\n\t\t\t\t\t<\/a>\n\t\t\t\t<\/div>\n\t\t\t\t\t\t\t\t<\/div>\n\t\t\t\t<\/div>\n\t\t\t\t<div class=\"elementor-element elementor-element-6aba007 elementor-widget elementor-widget-button\" data-id=\"6aba007\" data-element_type=\"widget\" data-e-type=\"widget\" data-widget_type=\"button.default\">\n\t\t\t\t<div class=\"elementor-widget-container\">\n\t\t\t\t\t\t\t\t\t<div class=\"elementor-button-wrapper\">\n\t\t\t\t\t<a class=\"elementor-button elementor-button-link elementor-size-sm\" href=\"https:\/\/www.bexelektro.de\/wp-content\/uploads\/2024\/12\/2022-04-28_ErgebnisseOnlineBefragung_final.pdf\">\n\t\t\t\t\t\t<span class=\"elementor-button-content-wrapper\">\n\t\t\t\t\t\t<span class=\"elementor-button-icon\">\n\t\t\t\t<i aria-hidden=\"true\" class=\"fas fa-file-download\"><\/i>\t\t\t<\/span>\n\t\t\t\t\t\t\t\t\t<span class=\"elementor-button-text\">2. Umfrage Gesch\u00e4ftsleitungen &amp; Personalverantwortliche<\/span>\n\t\t\t\t\t<\/span>\n\t\t\t\t\t<\/a>\n\t\t\t\t<\/div>\n\t\t\t\t\t\t\t\t<\/div>\n\t\t\t\t<\/div>\n\t\t\t\t<div class=\"elementor-element elementor-element-1771e38a elementor-widget elementor-widget-button\" data-id=\"1771e38a\" data-element_type=\"widget\" data-e-type=\"widget\" data-widget_type=\"button.default\">\n\t\t\t\t<div class=\"elementor-widget-container\">\n\t\t\t\t\t\t\t\t\t<div class=\"elementor-button-wrapper\">\n\t\t\t\t\t<a class=\"elementor-button elementor-button-link elementor-size-sm\" href=\"https:\/\/www.bexelektro.de\/wp-content\/uploads\/2024\/12\/Ergebnisdokumentation-Pilotevaluation-BS-LIS.pdf\">\n\t\t\t\t\t\t<span class=\"elementor-button-content-wrapper\">\n\t\t\t\t\t\t<span class=\"elementor-button-icon\">\n\t\t\t\t<i aria-hidden=\"true\" class=\"fas fa-file-download\"><\/i>\t\t\t<\/span>\n\t\t\t\t\t\t\t\t\t<span class=\"elementor-button-text\">Pilotevaluation LIS<\/span>\n\t\t\t\t\t<\/span>\n\t\t\t\t\t<\/a>\n\t\t\t\t<\/div>\n\t\t\t\t\t\t\t\t<\/div>\n\t\t\t\t<\/div>\n\t\t\t\t<div class=\"elementor-element elementor-element-0453c84 elementor-widget elementor-widget-button\" data-id=\"0453c84\" data-element_type=\"widget\" data-e-type=\"widget\" data-widget_type=\"button.default\">\n\t\t\t\t<div class=\"elementor-widget-container\">\n\t\t\t\t\t\t\t\t\t<div class=\"elementor-button-wrapper\">\n\t\t\t\t\t<a class=\"elementor-button elementor-button-link elementor-size-sm\" href=\"https:\/\/www.bexelektro.de\/wp-content\/uploads\/2024\/12\/Ergebnisdokumentation-Pilotevaluation-BS-EEE.pdf\">\n\t\t\t\t\t\t<span class=\"elementor-button-content-wrapper\">\n\t\t\t\t\t\t<span class=\"elementor-button-icon\">\n\t\t\t\t<i aria-hidden=\"true\" class=\"fas fa-file-download\"><\/i>\t\t\t<\/span>\n\t\t\t\t\t\t\t\t\t<span class=\"elementor-button-text\">Pilotevaluation EEE<\/span>\n\t\t\t\t\t<\/span>\n\t\t\t\t\t<\/a>\n\t\t\t\t<\/div>\n\t\t\t\t\t\t\t\t<\/div>\n\t\t\t\t<\/div>\n\t\t\t\t<div class=\"elementor-element elementor-element-01be984 elementor-widget elementor-widget-button\" data-id=\"01be984\" data-element_type=\"widget\" data-e-type=\"widget\" data-widget_type=\"button.default\">\n\t\t\t\t<div class=\"elementor-widget-container\">\n\t\t\t\t\t\t\t\t\t<div class=\"elementor-button-wrapper\">\n\t\t\t\t\t<a class=\"elementor-button elementor-button-link elementor-size-sm\" href=\"https:\/\/www.bexelektro.de\/wp-content\/uploads\/2024\/12\/2024-06_Ergebnisse-Endkundenbefragung.pdf\">\n\t\t\t\t\t\t<span class=\"elementor-button-content-wrapper\">\n\t\t\t\t\t\t<span class=\"elementor-button-icon\">\n\t\t\t\t<i aria-hidden=\"true\" class=\"fas fa-file-download\"><\/i>\t\t\t<\/span>\n\t\t\t\t\t\t\t\t\t<span class=\"elementor-button-text\">Einsch\u00e4tzung Elektrofachkr\u00e4fte<\/span>\n\t\t\t\t\t<\/span>\n\t\t\t\t\t<\/a>\n\t\t\t\t<\/div>\n\t\t\t\t\t\t\t\t<\/div>\n\t\t\t\t<\/div>\n\t\t\t\t\t<\/div>\n\t\t<\/div>\n\t\t\t\t\t<\/div>\n\t\t<\/section>\n\t\t\t\t<section class=\"elementor-section elementor-top-section elementor-element elementor-element-491ef7dd envato-kit-141-top-0 elementor-reverse-mobile elementor-section-full_width elementor-section-height-default elementor-section-height-default\" data-id=\"491ef7dd\" data-element_type=\"section\" data-e-type=\"section\" data-settings=\"{&quot;background_background&quot;:&quot;classic&quot;}\">\n\t\t\t\t\t\t\t<div class=\"elementor-background-overlay\"><\/div>\n\t\t\t\t\t\t\t<div class=\"elementor-container elementor-column-gap-no\">\n\t\t\t\t\t<div class=\"elementor-column elementor-col-50 elementor-top-column elementor-element elementor-element-1d20784d\" data-id=\"1d20784d\" data-element_type=\"column\" data-e-type=\"column\">\n\t\t\t<div class=\"elementor-widget-wrap elementor-element-populated\">\n\t\t\t\t\t\t<div class=\"elementor-element elementor-element-190ba089 elementor-widget__width-inherit elementor-widget elementor-widget-text-editor\" data-id=\"190ba089\" data-element_type=\"widget\" data-e-type=\"widget\" data-widget_type=\"text-editor.default\">\n\t\t\t\t<div class=\"elementor-widget-container\">\n\t\t\t\t\t\t\t\t\t<p><a href=\"https:\/\/www.bexelektro.de\/?page_id=27\">Kontakt<\/a> | <a href=\"https:\/\/www.bexelektro.de\/?page_id=563\">Datenschutz<\/a> | <a href=\"https:\/\/websites.fraunhofer.de\/bex-elektro\/?page_id=566\">Impressum<\/a><\/p>\t\t\t\t\t\t\t\t<\/div>\n\t\t\t\t<\/div>\n\t\t\t\t\t<\/div>\n\t\t<\/div>\n\t\t\t\t<div class=\"elementor-column elementor-col-50 elementor-top-column elementor-element elementor-element-d52ea90\" data-id=\"d52ea90\" data-element_type=\"column\" data-e-type=\"column\">\n\t\t\t<div class=\"elementor-widget-wrap elementor-element-populated\">\n\t\t\t\t\t\t<div class=\"elementor-element elementor-element-4f1519de elementor-widget elementor-widget-text-editor\" data-id=\"4f1519de\" data-element_type=\"widget\" data-e-type=\"widget\" data-widget_type=\"text-editor.default\">\n\t\t\t\t<div class=\"elementor-widget-container\">\n\t\t\t\t\t\t\t\t\t<p style=\"text-align: right;\">Copyright \u00a9 by Fraunhofer-Gesellschaft<\/p>\t\t\t\t\t\t\t\t<\/div>\n\t\t\t\t<\/div>\n\t\t\t\t\t<\/div>\n\t\t<\/div>\n\t\t\t\t\t<\/div>\n\t\t<\/section>\n\t\t\t\t<\/div>\n\t\t","protected":false},"excerpt":{"rendered":"<p>Evaluationsergebnisse Relevanz, Verlauf, Wirksamkeit und Effizienz von BexElektro Was Ein umfassender BexElektro-Evaluationsprozess, bestehend aus einem wissenschaftlichen Gesamtkonzept, das formativ und summativ angewendet wurde. Es wurden qualitative und quantitative Methoden eingesetzt, um detaillierte Erkenntnisse \u00fcber die Effektivit\u00e4t, Relevanz und Nachhaltigkeit des Entwicklungsprojekts zu gewinnen. Der Evaluationsprozess beinhaltete Online-Befragungen, Interviews, Workshops sowie eine j\u00e4hrliche Auswertung und eine [&hellip;]<\/p>\n","protected":false},"author":2,"featured_media":0,"parent":0,"menu_order":0,"comment_status":"closed","ping_status":"closed","template":"","meta":{"ocean_post_layout":"full-screen","ocean_both_sidebars_style":"","ocean_both_sidebars_content_width":0,"ocean_both_sidebars_sidebars_width":0,"ocean_sidebar":"","ocean_second_sidebar":"","ocean_disable_margins":"enable","ocean_add_body_class":"","ocean_shortcode_before_top_bar":"","ocean_shortcode_after_top_bar":"","ocean_shortcode_before_header":"","ocean_shortcode_after_header":"","ocean_has_shortcode":"","ocean_shortcode_after_title":"","ocean_shortcode_before_footer_widgets":"","ocean_shortcode_after_footer_widgets":"","ocean_shortcode_before_footer_bottom":"","ocean_shortcode_after_footer_bottom":"","ocean_display_top_bar":"off","ocean_display_header":"default","ocean_header_style":"","ocean_center_header_left_menu":"","ocean_custom_header_template":"","ocean_custom_logo":0,"ocean_custom_retina_logo":0,"ocean_custom_logo_max_width":0,"ocean_custom_logo_tablet_max_width":0,"ocean_custom_logo_mobile_max_width":0,"ocean_custom_logo_max_height":0,"ocean_custom_logo_tablet_max_height":0,"ocean_custom_logo_mobile_max_height":0,"ocean_header_custom_menu":"","ocean_menu_typo_font_family":"","ocean_menu_typo_font_subset":"","ocean_menu_typo_font_size":0,"ocean_menu_typo_font_size_tablet":0,"ocean_menu_typo_font_size_mobile":0,"ocean_menu_typo_font_size_unit":"px","ocean_menu_typo_font_weight":"","ocean_menu_typo_font_weight_tablet":"","ocean_menu_typo_font_weight_mobile":"","ocean_menu_typo_transform":"","ocean_menu_typo_transform_tablet":"","ocean_menu_typo_transform_mobile":"","ocean_menu_typo_line_height":0,"ocean_menu_typo_line_height_tablet":0,"ocean_menu_typo_line_height_mobile":0,"ocean_menu_typo_line_height_unit":"","ocean_menu_typo_spacing":0,"ocean_menu_typo_spacing_tablet":0,"ocean_menu_typo_spacing_mobile":0,"ocean_menu_typo_spacing_unit":"","ocean_menu_link_color":"","ocean_menu_link_color_hover":"","ocean_menu_link_color_active":"","ocean_menu_link_background":"","ocean_menu_link_hover_background":"","ocean_menu_link_active_background":"","ocean_menu_social_links_bg":"","ocean_menu_social_hover_links_bg":"","ocean_menu_social_links_color":"","ocean_menu_social_hover_links_color":"","ocean_disable_title":"on","ocean_disable_heading":"default","ocean_post_title":"","ocean_post_subheading":"","ocean_post_title_style":"","ocean_post_title_background_color":"","ocean_post_title_background":0,"ocean_post_title_bg_image_position":"","ocean_post_title_bg_image_attachment":"","ocean_post_title_bg_image_repeat":"","ocean_post_title_bg_image_size":"","ocean_post_title_height":0,"ocean_post_title_bg_overlay":0.5,"ocean_post_title_bg_overlay_color":"","ocean_disable_breadcrumbs":"default","ocean_breadcrumbs_color":"","ocean_breadcrumbs_separator_color":"","ocean_breadcrumbs_links_color":"","ocean_breadcrumbs_links_hover_color":"","ocean_display_footer_widgets":"off","ocean_display_footer_bottom":"off","ocean_custom_footer_template":"","footnotes":""},"class_list":["post-2868","page","type-page","status-publish","hentry","entry"],"_links":{"self":[{"href":"https:\/\/www.bexelektro.de\/index.php?rest_route=\/wp\/v2\/pages\/2868","targetHints":{"allow":["GET"]}}],"collection":[{"href":"https:\/\/www.bexelektro.de\/index.php?rest_route=\/wp\/v2\/pages"}],"about":[{"href":"https:\/\/www.bexelektro.de\/index.php?rest_route=\/wp\/v2\/types\/page"}],"author":[{"embeddable":true,"href":"https:\/\/www.bexelektro.de\/index.php?rest_route=\/wp\/v2\/users\/2"}],"replies":[{"embeddable":true,"href":"https:\/\/www.bexelektro.de\/index.php?rest_route=%2Fwp%2Fv2%2Fcomments&post=2868"}],"version-history":[{"count":20,"href":"https:\/\/www.bexelektro.de\/index.php?rest_route=\/wp\/v2\/pages\/2868\/revisions"}],"predecessor-version":[{"id":3064,"href":"https:\/\/www.bexelektro.de\/index.php?rest_route=\/wp\/v2\/pages\/2868\/revisions\/3064"}],"wp:attachment":[{"href":"https:\/\/www.bexelektro.de\/index.php?rest_route=%2Fwp%2Fv2%2Fmedia&parent=2868"}],"curies":[{"name":"wp","href":"https:\/\/api.w.org\/{rel}","templated":true}]}}