{"id":2454,"date":"2024-04-15T08:44:09","date_gmt":"2024-04-15T08:44:09","guid":{"rendered":"https:\/\/websites.fraunhofer.de\/bex-elektro\/?page_id=2454"},"modified":"2024-12-09T14:13:21","modified_gmt":"2024-12-09T13:13:21","slug":"bachelor-professional-fuer-elektromobilitaet-und-nachhaltige-energiesysteme","status":"publish","type":"page","link":"https:\/\/www.bexelektro.de\/?page_id=2454","title":{"rendered":"Bachelor Professional f\u00fcr Elektromobilit\u00e4t und nachhaltige Energiesysteme"},"content":{"rendered":"\t\t<div data-elementor-type=\"wp-page\" data-elementor-id=\"2454\" class=\"elementor elementor-2454\" data-elementor-post-type=\"page\">\n\t\t\t\t\t\t<section class=\"elementor-section elementor-top-section elementor-element elementor-element-693b31ed elementor-section-stretched elementor-section-height-min-height elementor-section-content-middle elementor-section-boxed elementor-section-height-default elementor-section-items-middle\" data-id=\"693b31ed\" data-element_type=\"section\" data-e-type=\"section\" data-settings=\"{&quot;stretch_section&quot;:&quot;section-stretched&quot;,&quot;background_background&quot;:&quot;classic&quot;,&quot;animation&quot;:&quot;none&quot;}\">\n\t\t\t\t\t\t\t<div class=\"elementor-background-overlay\"><\/div>\n\t\t\t\t\t\t\t<div class=\"elementor-container elementor-column-gap-default\">\n\t\t\t\t\t<div class=\"elementor-column elementor-col-100 elementor-top-column elementor-element elementor-element-1e24a566\" data-id=\"1e24a566\" data-element_type=\"column\" data-e-type=\"column\">\n\t\t\t<div class=\"elementor-widget-wrap elementor-element-populated\">\n\t\t\t\t\t\t<div class=\"elementor-element elementor-element-76397673 elementor-widget__width-initial elementor-widget elementor-widget-heading\" data-id=\"76397673\" data-element_type=\"widget\" data-e-type=\"widget\" data-widget_type=\"heading.default\">\n\t\t\t\t<div class=\"elementor-widget-container\">\n\t\t\t\t\t<h1 class=\"elementor-heading-title elementor-size-large\">Bachelor Elektromobilit\u00e4t u. nachhaltige Energiesysteme<\/h1>\t\t\t\t<\/div>\n\t\t\t\t<\/div>\n\t\t\t\t\t<\/div>\n\t\t<\/div>\n\t\t\t\t\t<\/div>\n\t\t<\/section>\n\t\t\t\t<section class=\"elementor-section elementor-top-section elementor-element elementor-element-5600eb5 elementor-section-boxed elementor-section-height-default elementor-section-height-default\" data-id=\"5600eb5\" data-element_type=\"section\" data-e-type=\"section\">\n\t\t\t\t\t\t<div class=\"elementor-container elementor-column-gap-default\">\n\t\t\t\t\t<div class=\"elementor-column elementor-col-100 elementor-top-column elementor-element elementor-element-3659fcc\" data-id=\"3659fcc\" data-element_type=\"column\" data-e-type=\"column\">\n\t\t\t<div class=\"elementor-widget-wrap elementor-element-populated\">\n\t\t\t\t\t\t<div class=\"elementor-element elementor-element-8e3a51d elementor-widget elementor-widget-text-editor\" data-id=\"8e3a51d\" data-element_type=\"widget\" data-e-type=\"widget\" data-widget_type=\"text-editor.default\">\n\t\t\t\t<div class=\"elementor-widget-container\">\n\t\t\t\t\t\t\t\t\t<h1><span style=\"color: #000000;\">Bachelor Professional f\u00fcr Elektromobilit\u00e4t und nachhaltige Energiesysteme<\/span><\/h1><p><span style=\"color: #000000;\">Datennetze und Netzwerkverbindungen durchdringen nahezu alle elektrotechnischen Bereiche. <\/span><span style=\"color: #000000;\">Dieses Seminar dient der Vermittlung grundlegender Kenntnisse im Umgang mit moderner Netzwerktechnik. Neben den verschiedenen Arten von Netzwerken und deren Aufbau bildet die anwendungsneutrale Verkabelung nach DIN EN 50 173 den Schwerpunkt. Zur Abrundung werden die Themen Internet und Internetprotokoll TCP\/IP behandelt und ein praktischer Anteil zum Aufbau eines Peer-to-Peer-Netzes genutzt.<\/span><\/p><p><span style=\"color: #000000;\"><strong>Inhalte<\/strong><\/span><\/p><ul><li><span style=\"color: #000000;\">Definition, Vorteile und Einteilung von Rechner- und Kommunikationsnetzen LAN; MAN, WAN, GAN<\/span><\/li><li><span style=\"color: #000000;\">Grundlagen LAN<\/span><\/li><li><span style=\"color: #000000;\">OSI-Referenzmodell von ISO<\/span><\/li><li><span style=\"color: #000000;\">LAN-Standards<\/span><\/li><li><span style=\"color: #000000;\">Anwendungsneutrale Verkabelung nach DIN EN 50173<\/span><\/li><li><span style=\"color: #000000;\">Internetstruktur und TCP\/IP<\/span><\/li><li><span style=\"color: #000000;\">Internet-Working-Prinzip<\/span><\/li><li><span style=\"color: #000000;\">Kommunikationsprotokolle<\/span><\/li><li><span style=\"color: #000000;\">Aufbau eines kleinen Netzes<\/span><\/li><\/ul><p><span style=\"color: #000000;\"><strong>Zielgruppe<\/strong><\/span><\/p><p><span style=\"color: #000000;\">Sie sind Fachkraft oder gepr\u00fcfter Berufsspezialist und planen sich weiter beruflich fortzubilden ohne dass sie sich selbstst\u00e4ndig machen wollen.<\/span><\/p><p><span style=\"color: #000000;\"><strong>Vorkenntnisse<\/strong><\/span><\/p><p><span style=\"color: #000000;\">Sie haben Grundlagenkenntnisse in der Digitaltechnik und im Bereich PC.<\/span><\/p><p><span style=\"color: #000000;\"><strong>Ihr Nutzen<\/strong><\/span><\/p><p><span style=\"color: #000000;\">Sie k\u00f6nnen ein LAN einordnen und LAN\u2019s mit unterschiedlichen Eigenschaften beurteilen. Sie kennen die wichtigen Standards in diesem Bereich. Ferner werden Sie die Bedingungen der anwendungsneutralen Verkabelung nach DIN EN 50 173 kennen und sind in der Lage, kleine Peer-to-Peer-Netzwerke aufzubauen und die Adressierung nach TCP\/IP zu realisieren.<\/span><\/p><p><span style=\"color: #000000;\"><strong>Abschlussbescheinigung<\/strong><\/span><\/p><p><span style=\"color: #000000;\">Das BFE-Oldenburg gibt eine Teilnahmebescheinigung mit Angabe der Kursinhalte aus.<\/span><\/p><p><span style=\"color: #000000;\"><strong>Dauer<\/strong><\/span><\/p><p><span style=\"color: #000000;\">1.200 h<\/span><\/p><p><span style=\"color: #000000;\">Bei weiteren Fragen und Anliegen, wenden Sie sich bitte an das<\/span>\u00a0<span style=\"color: #3366ff;\"><a style=\"color: #3366ff;\" href=\"https:\/\/bfe.de\/\" target=\"_blank\" rel=\"noopener\">BFE<\/a><\/span><span style=\"color: #000000;\">.<\/span><\/p>\t\t\t\t\t\t\t\t<\/div>\n\t\t\t\t<\/div>\n\t\t\t\t\t<\/div>\n\t\t<\/div>\n\t\t\t\t\t<\/div>\n\t\t<\/section>\n\t\t\t\t<section class=\"elementor-section elementor-top-section elementor-element elementor-element-26cdd96c envato-kit-141-top-0 elementor-reverse-mobile elementor-section-full_width elementor-section-height-default elementor-section-height-default\" data-id=\"26cdd96c\" data-element_type=\"section\" data-e-type=\"section\" data-settings=\"{&quot;background_background&quot;:&quot;classic&quot;}\">\n\t\t\t\t\t\t\t<div class=\"elementor-background-overlay\"><\/div>\n\t\t\t\t\t\t\t<div class=\"elementor-container elementor-column-gap-no\">\n\t\t\t\t\t<div class=\"elementor-column elementor-col-50 elementor-top-column elementor-element elementor-element-51812123\" data-id=\"51812123\" data-element_type=\"column\" data-e-type=\"column\">\n\t\t\t<div class=\"elementor-widget-wrap elementor-element-populated\">\n\t\t\t\t\t\t<div class=\"elementor-element elementor-element-5a8b4073 elementor-widget__width-inherit elementor-widget elementor-widget-text-editor\" data-id=\"5a8b4073\" data-element_type=\"widget\" data-e-type=\"widget\" data-widget_type=\"text-editor.default\">\n\t\t\t\t<div class=\"elementor-widget-container\">\n\t\t\t\t\t\t\t\t\t<p><a href=\"https:\/\/www.bexelektro.de\/?page_id=27\">Kontakt<\/a> | <a href=\"https:\/\/www.bexelektro.de\/?page_id=563\">Datenschutz<\/a> | <a href=\"https:\/\/www.bexelektro.de\/?page_id=566\">Impressum<\/a><\/p>\t\t\t\t\t\t\t\t<\/div>\n\t\t\t\t<\/div>\n\t\t\t\t\t<\/div>\n\t\t<\/div>\n\t\t\t\t<div class=\"elementor-column elementor-col-50 elementor-top-column elementor-element elementor-element-1808fed2\" data-id=\"1808fed2\" data-element_type=\"column\" data-e-type=\"column\">\n\t\t\t<div class=\"elementor-widget-wrap elementor-element-populated\">\n\t\t\t\t\t\t<div class=\"elementor-element elementor-element-421786ed elementor-widget elementor-widget-text-editor\" data-id=\"421786ed\" data-element_type=\"widget\" data-e-type=\"widget\" data-widget_type=\"text-editor.default\">\n\t\t\t\t<div class=\"elementor-widget-container\">\n\t\t\t\t\t\t\t\t\t<p style=\"text-align: right;\">Copyright \u00a9 by Fraunhofer-Gesellschaft<\/p>\t\t\t\t\t\t\t\t<\/div>\n\t\t\t\t<\/div>\n\t\t\t\t\t<\/div>\n\t\t<\/div>\n\t\t\t\t\t<\/div>\n\t\t<\/section>\n\t\t\t\t<\/div>\n\t\t","protected":false},"excerpt":{"rendered":"<p>Bachelor Elektromobilit\u00e4t u. nachhaltige Energiesysteme Bachelor Professional f\u00fcr Elektromobilit\u00e4t und nachhaltige Energiesysteme Datennetze und Netzwerkverbindungen durchdringen nahezu alle elektrotechnischen Bereiche. Dieses Seminar dient der Vermittlung grundlegender Kenntnisse im Umgang mit moderner Netzwerktechnik. Neben den verschiedenen Arten von Netzwerken und deren Aufbau bildet die anwendungsneutrale Verkabelung nach DIN EN 50 173 den Schwerpunkt. Zur Abrundung werden [&hellip;]<\/p>\n","protected":false},"author":1,"featured_media":0,"parent":0,"menu_order":0,"comment_status":"closed","ping_status":"closed","template":"","meta":{"ocean_post_layout":"full-screen","ocean_both_sidebars_style":"","ocean_both_sidebars_content_width":0,"ocean_both_sidebars_sidebars_width":0,"ocean_sidebar":"0","ocean_second_sidebar":"0","ocean_disable_margins":"enable","ocean_add_body_class":"","ocean_shortcode_before_top_bar":"","ocean_shortcode_after_top_bar":"","ocean_shortcode_before_header":"","ocean_shortcode_after_header":"","ocean_has_shortcode":"","ocean_shortcode_after_title":"","ocean_shortcode_before_footer_widgets":"","ocean_shortcode_after_footer_widgets":"","ocean_shortcode_before_footer_bottom":"","ocean_shortcode_after_footer_bottom":"","ocean_display_top_bar":"off","ocean_display_header":"default","ocean_header_style":"","ocean_center_header_left_menu":"0","ocean_custom_header_template":"0","ocean_custom_logo":0,"ocean_custom_retina_logo":0,"ocean_custom_logo_max_width":0,"ocean_custom_logo_tablet_max_width":0,"ocean_custom_logo_mobile_max_width":0,"ocean_custom_logo_max_height":0,"ocean_custom_logo_tablet_max_height":0,"ocean_custom_logo_mobile_max_height":0,"ocean_header_custom_menu":"0","ocean_menu_typo_font_family":"0","ocean_menu_typo_font_subset":"","ocean_menu_typo_font_size":0,"ocean_menu_typo_font_size_tablet":0,"ocean_menu_typo_font_size_mobile":0,"ocean_menu_typo_font_size_unit":"px","ocean_menu_typo_font_weight":"","ocean_menu_typo_font_weight_tablet":"","ocean_menu_typo_font_weight_mobile":"","ocean_menu_typo_transform":"","ocean_menu_typo_transform_tablet":"","ocean_menu_typo_transform_mobile":"","ocean_menu_typo_line_height":0,"ocean_menu_typo_line_height_tablet":0,"ocean_menu_typo_line_height_mobile":0,"ocean_menu_typo_line_height_unit":"","ocean_menu_typo_spacing":0,"ocean_menu_typo_spacing_tablet":0,"ocean_menu_typo_spacing_mobile":0,"ocean_menu_typo_spacing_unit":"","ocean_menu_link_color":"","ocean_menu_link_color_hover":"","ocean_menu_link_color_active":"","ocean_menu_link_background":"","ocean_menu_link_hover_background":"","ocean_menu_link_active_background":"","ocean_menu_social_links_bg":"","ocean_menu_social_hover_links_bg":"","ocean_menu_social_links_color":"","ocean_menu_social_hover_links_color":"","ocean_disable_title":"on","ocean_disable_heading":"default","ocean_post_title":"","ocean_post_subheading":"","ocean_post_title_style":"","ocean_post_title_background_color":"","ocean_post_title_background":0,"ocean_post_title_bg_image_position":"","ocean_post_title_bg_image_attachment":"","ocean_post_title_bg_image_repeat":"","ocean_post_title_bg_image_size":"","ocean_post_title_height":0,"ocean_post_title_bg_overlay":0.5,"ocean_post_title_bg_overlay_color":"","ocean_disable_breadcrumbs":"default","ocean_breadcrumbs_color":"","ocean_breadcrumbs_separator_color":"","ocean_breadcrumbs_links_color":"","ocean_breadcrumbs_links_hover_color":"","ocean_display_footer_widgets":"off","ocean_display_footer_bottom":"off","ocean_custom_footer_template":"0","footnotes":""},"class_list":["post-2454","page","type-page","status-publish","hentry","entry"],"_links":{"self":[{"href":"https:\/\/www.bexelektro.de\/index.php?rest_route=\/wp\/v2\/pages\/2454","targetHints":{"allow":["GET"]}}],"collection":[{"href":"https:\/\/www.bexelektro.de\/index.php?rest_route=\/wp\/v2\/pages"}],"about":[{"href":"https:\/\/www.bexelektro.de\/index.php?rest_route=\/wp\/v2\/types\/page"}],"author":[{"embeddable":true,"href":"https:\/\/www.bexelektro.de\/index.php?rest_route=\/wp\/v2\/users\/1"}],"replies":[{"embeddable":true,"href":"https:\/\/www.bexelektro.de\/index.php?rest_route=%2Fwp%2Fv2%2Fcomments&post=2454"}],"version-history":[{"count":12,"href":"https:\/\/www.bexelektro.de\/index.php?rest_route=\/wp\/v2\/pages\/2454\/revisions"}],"predecessor-version":[{"id":3049,"href":"https:\/\/www.bexelektro.de\/index.php?rest_route=\/wp\/v2\/pages\/2454\/revisions\/3049"}],"wp:attachment":[{"href":"https:\/\/www.bexelektro.de\/index.php?rest_route=%2Fwp%2Fv2%2Fmedia&parent=2454"}],"curies":[{"name":"wp","href":"https:\/\/api.w.org\/{rel}","templated":true}]}}