{"id":2438,"date":"2024-04-15T08:16:32","date_gmt":"2024-04-15T08:16:32","guid":{"rendered":"https:\/\/websites.fraunhofer.de\/bex-elektro\/?page_id=2438"},"modified":"2024-12-09T14:12:09","modified_gmt":"2024-12-09T13:12:09","slug":"berufsspezialist-in-gebaeudesystemintegration-gsi","status":"publish","type":"page","link":"https:\/\/www.bexelektro.de\/?page_id=2438","title":{"rendered":"Berufsspezialist\/In Geb\u00e4udesystemintegration (GSI)"},"content":{"rendered":"\t\t<div data-elementor-type=\"wp-page\" data-elementor-id=\"2438\" class=\"elementor elementor-2438\" data-elementor-post-type=\"page\">\n\t\t\t\t\t\t<section class=\"elementor-section elementor-top-section elementor-element elementor-element-77b7cee0 elementor-section-stretched elementor-section-height-min-height elementor-section-content-middle elementor-section-boxed elementor-section-height-default elementor-section-items-middle\" data-id=\"77b7cee0\" data-element_type=\"section\" data-e-type=\"section\" data-settings=\"{&quot;stretch_section&quot;:&quot;section-stretched&quot;,&quot;background_background&quot;:&quot;classic&quot;,&quot;animation&quot;:&quot;none&quot;}\">\n\t\t\t\t\t\t\t<div class=\"elementor-background-overlay\"><\/div>\n\t\t\t\t\t\t\t<div class=\"elementor-container elementor-column-gap-default\">\n\t\t\t\t\t<div class=\"elementor-column elementor-col-100 elementor-top-column elementor-element elementor-element-70a27ea9\" data-id=\"70a27ea9\" data-element_type=\"column\" data-e-type=\"column\">\n\t\t\t<div class=\"elementor-widget-wrap elementor-element-populated\">\n\t\t\t\t\t\t<div class=\"elementor-element elementor-element-78ac1f48 elementor-widget__width-initial elementor-widget elementor-widget-heading\" data-id=\"78ac1f48\" data-element_type=\"widget\" data-e-type=\"widget\" data-widget_type=\"heading.default\">\n\t\t\t\t<div class=\"elementor-widget-container\">\n\t\t\t\t\t<h1 class=\"elementor-heading-title elementor-size-large\">Berufsspezialist\/in GSI<\/h1>\t\t\t\t<\/div>\n\t\t\t\t<\/div>\n\t\t\t\t\t<\/div>\n\t\t<\/div>\n\t\t\t\t\t<\/div>\n\t\t<\/section>\n\t\t\t\t<section class=\"elementor-section elementor-top-section elementor-element elementor-element-e9a42d2 elementor-section-boxed elementor-section-height-default elementor-section-height-default\" data-id=\"e9a42d2\" data-element_type=\"section\" data-e-type=\"section\">\n\t\t\t\t\t\t<div class=\"elementor-container elementor-column-gap-default\">\n\t\t\t\t\t<div class=\"elementor-column elementor-col-100 elementor-top-column elementor-element elementor-element-78c4140\" data-id=\"78c4140\" data-element_type=\"column\" data-e-type=\"column\">\n\t\t\t<div class=\"elementor-widget-wrap elementor-element-populated\">\n\t\t\t\t\t\t<div class=\"elementor-element elementor-element-2a96a17 elementor-widget elementor-widget-text-editor\" data-id=\"2a96a17\" data-element_type=\"widget\" data-e-type=\"widget\" data-widget_type=\"text-editor.default\">\n\t\t\t\t<div class=\"elementor-widget-container\">\n\t\t\t\t\t\t\t\t\t<h1><span style=\"color: #000000;\"><strong>Gepr\u00fcfte\/r Berufsspezialist\/in Geb\u00e4udesystemintegration (HWK Oldenburg)<\/strong><\/span><\/h1><p><span style=\"color: #000000;\">F\u00fcr die Betriebe und die Besch\u00e4ftigten im Elektrohandwerk ist das Gesch\u00e4ftsfeld der Geb\u00e4udesystemintegration ein wichtiger, stark wachsender Markt geworden. Innovative L\u00f6sungen um ein \u201eSmart Home\u201c Realit\u00e4t werden zu lassen sind gefragt und neue Produkte mit immer \u201asmarterer\u2018-Funktionen str\u00f6men auf den Mark und sind f\u00fcr ein weiteres schnelles Wachstum mit verantwortlich.<\/span><\/p><p><span style=\"color: #000000;\">Die Aufstiegsfortbildung\u00a0Gepr\u00fcfter Berufsspezialist \/ Gepr\u00fcfte Berufsspezialistin f\u00fcr Geb\u00e4udesystemintegration (HWK Oldenburg)\u00a0macht deutlich, dass es nicht auf Einzelkenntnisse und -fertigkeiten ankommt, sondern dass ein ganzheitlicher Qualifizierungsansatz angestrebt wird. Daraus resultiert f\u00fcr diese berufliche Fortbildung, dass die Anwendung von fachlichen Fertigkeiten und Kenntnissen entlang typischer Kundenauftr\u00e4ge im Vordergrund steht.<\/span><\/p><p><span style=\"color: #000000;\">Ziel der Aufstiegsqualifizierung ist eine praxisorientierte Profilsch\u00e4rfung f\u00fcr die\u00a0Schwerpunktthemen Geb\u00e4udesystemtechnik, Geb\u00e4udevernetzung, Smart Building und Energiemanagement im Smart Building.\u00a0Die praxisbezogene und theoretische Wissensvermittlung orientiert sich an den betrieblichen Arbeits- und Gesch\u00e4ftsprozessen. Die Pr\u00fcfungsanforderungen setzen einen Fokus auf die Bew\u00e4ltigung der betrieblichen Praxis.<\/span><\/p><p><span style=\"color: #000000;\"><strong>Kursinhalte<\/strong><\/span><\/p><ul><li><span style=\"color: #000000;\">Grundlagen der Geb\u00e4udesystemtechnik (240 UE)<\/span><ul><li><span style=\"color: #000000;\">Technische Geb\u00e4udeausstattung<\/span><\/li><li><span style=\"color: #000000;\">Anwendungsneutrale Kommunikationskabelanlagen<\/span><\/li><li><span style=\"color: #000000;\">Grundlagen der Planung<\/span><\/li><li><span style=\"color: #000000;\">Ausf\u00fchrungsplanung in der Praxis<\/span><\/li><\/ul><\/li><li><span style=\"color: #000000;\">Planung und Projektierung<\/span><ul><li><span style=\"color: #000000;\">Intelligente Geb\u00e4udevernetzung<\/span><\/li><li><span style=\"color: #000000;\">Integration geb\u00e4udetechnischer Anlagen und Systeme<\/span><\/li><li><span style=\"color: #000000;\">Kommunikationstechnologie<\/span><\/li><li><span style=\"color: #000000;\">IT-Sicherheit im Smart Building<\/span><\/li><\/ul><\/li><li><span style=\"color: #000000;\">Smart Building<\/span><ul><li><span style=\"color: #000000;\">Parametrierung<\/span><\/li><li><span style=\"color: #000000;\">Programmierung<\/span><\/li><li><span style=\"color: #000000;\">Inbetriebnahme und Fehlersuche<\/span><\/li><\/ul><\/li><\/ul><p><span style=\"color: #000000;\">Die ausf\u00fchrliche Kursbeschreibung mit weiteren Informationen zu den Kursinhalten und Kursablauf sowie die Kursplanung senden wir Ihnen auf Wunsch gerne zu.<\/span><\/p><p><span style=\"color: #000000;\"><strong>Zielgruppe<\/strong><\/span><\/p><p><span style=\"color: #000000;\">Elektrotechnischer Berufsabschluss \u2013 idealerweise Elektroniker\/innen Fachrichtung Geb\u00e4udesystemintegration oder Energie- und Geb\u00e4udetechnik und Elektroinstallateure\/innen.<\/span><\/p><p><span style=\"color: #000000;\"><strong>Kursvoraussetzung<\/strong><\/span><\/p><p><span style=\"color: #000000;\">Ausbildung als Elektrofachkraft.<\/span><\/p><p><span style=\"color: #000000;\"><strong>Abschluss<\/strong><\/span><\/p><p><span style=\"color: #000000;\">Fortbildungspr\u00fcfung zum\/zur \u201eGepr\u00fcfter Berufsspezialisten \/ Gepr\u00fcfte Berufsspezialistin f\u00fcr Geb\u00e4udesystemintegration (HWK Region Oldenburg)&#8220;<\/span><\/p><p><span style=\"color: #000000;\">Voraussetzung f\u00fcr die Teilnahme an der Abschlusspr\u00fcfung:<\/span><\/p><p><span style=\"color: #000000;\">Nach Handwerksordnung \u00a7 42 und Berufsbildungsgesetz \u00a7 53 ist ein Lernumfang von mindestens 400 Zeitstunden (540 UE) nachzuweisen. Diese Forderung ist durch unser Bildungsangebot erf\u00fcllt.<\/span><\/p><p><span style=\"color: #000000;\"><strong>Kursdauer<\/strong><\/span><\/p><p><span style=\"color: #000000;\">540 Unterrichtseinheiten<\/span><\/p><p><span style=\"color: #000000;\">Bei weiteren Fragen und Anliegen, wenden Sie sich bitte an das<\/span>\u00a0<a href=\"https:\/\/bfe.de\/\" target=\"_blank\" rel=\"noopener\"><span style=\"color: #3366ff;\">BFE<\/span><\/a>.<\/p>\t\t\t\t\t\t\t\t<\/div>\n\t\t\t\t<\/div>\n\t\t\t\t\t<\/div>\n\t\t<\/div>\n\t\t\t\t\t<\/div>\n\t\t<\/section>\n\t\t\t\t<section class=\"elementor-section elementor-top-section elementor-element elementor-element-567a35a2 envato-kit-141-top-0 elementor-reverse-mobile elementor-section-full_width elementor-section-height-default elementor-section-height-default\" data-id=\"567a35a2\" data-element_type=\"section\" data-e-type=\"section\" data-settings=\"{&quot;background_background&quot;:&quot;classic&quot;}\">\n\t\t\t\t\t\t\t<div class=\"elementor-background-overlay\"><\/div>\n\t\t\t\t\t\t\t<div class=\"elementor-container elementor-column-gap-no\">\n\t\t\t\t\t<div class=\"elementor-column elementor-col-50 elementor-top-column elementor-element elementor-element-44da5ea4\" data-id=\"44da5ea4\" data-element_type=\"column\" data-e-type=\"column\">\n\t\t\t<div class=\"elementor-widget-wrap elementor-element-populated\">\n\t\t\t\t\t\t<div class=\"elementor-element elementor-element-1a0b9441 elementor-widget__width-inherit elementor-widget elementor-widget-text-editor\" data-id=\"1a0b9441\" data-element_type=\"widget\" data-e-type=\"widget\" data-widget_type=\"text-editor.default\">\n\t\t\t\t<div class=\"elementor-widget-container\">\n\t\t\t\t\t\t\t\t\t<p><a href=\"https:\/\/www.bexelektro.de\/?page_id=27\">Kontakt<\/a> | <a href=\"https:\/\/www.bexelektro.de\/?page_id=563\">Datenschutz<\/a> | <a href=\"https:\/\/www.bexelektro.de\/?page_id=566\">Impressum<\/a><\/p>\t\t\t\t\t\t\t\t<\/div>\n\t\t\t\t<\/div>\n\t\t\t\t\t<\/div>\n\t\t<\/div>\n\t\t\t\t<div class=\"elementor-column elementor-col-50 elementor-top-column elementor-element elementor-element-4d611436\" data-id=\"4d611436\" data-element_type=\"column\" data-e-type=\"column\">\n\t\t\t<div class=\"elementor-widget-wrap elementor-element-populated\">\n\t\t\t\t\t\t<div class=\"elementor-element elementor-element-4db054e6 elementor-widget elementor-widget-text-editor\" data-id=\"4db054e6\" data-element_type=\"widget\" data-e-type=\"widget\" data-widget_type=\"text-editor.default\">\n\t\t\t\t<div class=\"elementor-widget-container\">\n\t\t\t\t\t\t\t\t\t<p style=\"text-align: right;\">Copyright \u00a9 by Fraunhofer-Gesellschaft<\/p>\t\t\t\t\t\t\t\t<\/div>\n\t\t\t\t<\/div>\n\t\t\t\t\t<\/div>\n\t\t<\/div>\n\t\t\t\t\t<\/div>\n\t\t<\/section>\n\t\t\t\t<\/div>\n\t\t","protected":false},"excerpt":{"rendered":"<p>Berufsspezialist\/in GSI Gepr\u00fcfte\/r Berufsspezialist\/in Geb\u00e4udesystemintegration (HWK Oldenburg) F\u00fcr die Betriebe und die Besch\u00e4ftigten im Elektrohandwerk ist das Gesch\u00e4ftsfeld der Geb\u00e4udesystemintegration ein wichtiger, stark wachsender Markt geworden. Innovative L\u00f6sungen um ein \u201eSmart Home\u201c Realit\u00e4t werden zu lassen sind gefragt und neue Produkte mit immer \u201asmarterer\u2018-Funktionen str\u00f6men auf den Mark und sind f\u00fcr ein weiteres schnelles Wachstum [&hellip;]<\/p>\n","protected":false},"author":1,"featured_media":0,"parent":0,"menu_order":0,"comment_status":"closed","ping_status":"closed","template":"","meta":{"ocean_post_layout":"full-screen","ocean_both_sidebars_style":"","ocean_both_sidebars_content_width":0,"ocean_both_sidebars_sidebars_width":0,"ocean_sidebar":"0","ocean_second_sidebar":"0","ocean_disable_margins":"enable","ocean_add_body_class":"","ocean_shortcode_before_top_bar":"","ocean_shortcode_after_top_bar":"","ocean_shortcode_before_header":"","ocean_shortcode_after_header":"","ocean_has_shortcode":"","ocean_shortcode_after_title":"","ocean_shortcode_before_footer_widgets":"","ocean_shortcode_after_footer_widgets":"","ocean_shortcode_before_footer_bottom":"","ocean_shortcode_after_footer_bottom":"","ocean_display_top_bar":"off","ocean_display_header":"default","ocean_header_style":"","ocean_center_header_left_menu":"0","ocean_custom_header_template":"0","ocean_custom_logo":0,"ocean_custom_retina_logo":0,"ocean_custom_logo_max_width":0,"ocean_custom_logo_tablet_max_width":0,"ocean_custom_logo_mobile_max_width":0,"ocean_custom_logo_max_height":0,"ocean_custom_logo_tablet_max_height":0,"ocean_custom_logo_mobile_max_height":0,"ocean_header_custom_menu":"0","ocean_menu_typo_font_family":"0","ocean_menu_typo_font_subset":"","ocean_menu_typo_font_size":0,"ocean_menu_typo_font_size_tablet":0,"ocean_menu_typo_font_size_mobile":0,"ocean_menu_typo_font_size_unit":"px","ocean_menu_typo_font_weight":"","ocean_menu_typo_font_weight_tablet":"","ocean_menu_typo_font_weight_mobile":"","ocean_menu_typo_transform":"","ocean_menu_typo_transform_tablet":"","ocean_menu_typo_transform_mobile":"","ocean_menu_typo_line_height":0,"ocean_menu_typo_line_height_tablet":0,"ocean_menu_typo_line_height_mobile":0,"ocean_menu_typo_line_height_unit":"","ocean_menu_typo_spacing":0,"ocean_menu_typo_spacing_tablet":0,"ocean_menu_typo_spacing_mobile":0,"ocean_menu_typo_spacing_unit":"","ocean_menu_link_color":"","ocean_menu_link_color_hover":"","ocean_menu_link_color_active":"","ocean_menu_link_background":"","ocean_menu_link_hover_background":"","ocean_menu_link_active_background":"","ocean_menu_social_links_bg":"","ocean_menu_social_hover_links_bg":"","ocean_menu_social_links_color":"","ocean_menu_social_hover_links_color":"","ocean_disable_title":"on","ocean_disable_heading":"default","ocean_post_title":"","ocean_post_subheading":"","ocean_post_title_style":"","ocean_post_title_background_color":"","ocean_post_title_background":0,"ocean_post_title_bg_image_position":"","ocean_post_title_bg_image_attachment":"","ocean_post_title_bg_image_repeat":"","ocean_post_title_bg_image_size":"","ocean_post_title_height":0,"ocean_post_title_bg_overlay":0.5,"ocean_post_title_bg_overlay_color":"","ocean_disable_breadcrumbs":"default","ocean_breadcrumbs_color":"","ocean_breadcrumbs_separator_color":"","ocean_breadcrumbs_links_color":"","ocean_breadcrumbs_links_hover_color":"","ocean_display_footer_widgets":"off","ocean_display_footer_bottom":"off","ocean_custom_footer_template":"0","footnotes":""},"class_list":["post-2438","page","type-page","status-publish","hentry","entry"],"_links":{"self":[{"href":"https:\/\/www.bexelektro.de\/index.php?rest_route=\/wp\/v2\/pages\/2438","targetHints":{"allow":["GET"]}}],"collection":[{"href":"https:\/\/www.bexelektro.de\/index.php?rest_route=\/wp\/v2\/pages"}],"about":[{"href":"https:\/\/www.bexelektro.de\/index.php?rest_route=\/wp\/v2\/types\/page"}],"author":[{"embeddable":true,"href":"https:\/\/www.bexelektro.de\/index.php?rest_route=\/wp\/v2\/users\/1"}],"replies":[{"embeddable":true,"href":"https:\/\/www.bexelektro.de\/index.php?rest_route=%2Fwp%2Fv2%2Fcomments&post=2438"}],"version-history":[{"count":18,"href":"https:\/\/www.bexelektro.de\/index.php?rest_route=\/wp\/v2\/pages\/2438\/revisions"}],"predecessor-version":[{"id":3046,"href":"https:\/\/www.bexelektro.de\/index.php?rest_route=\/wp\/v2\/pages\/2438\/revisions\/3046"}],"wp:attachment":[{"href":"https:\/\/www.bexelektro.de\/index.php?rest_route=%2Fwp%2Fv2%2Fmedia&parent=2438"}],"curies":[{"name":"wp","href":"https:\/\/api.w.org\/{rel}","templated":true}]}}