{"id":2306,"date":"2023-12-04T13:27:26","date_gmt":"2023-12-04T13:27:26","guid":{"rendered":"https:\/\/websites.fraunhofer.de\/bex-elektro\/?page_id=2306"},"modified":"2024-12-09T14:10:33","modified_gmt":"2024-12-09T13:10:33","slug":"elementor-2306","status":"publish","type":"page","link":"https:\/\/www.bexelektro.de\/?page_id=2306","title":{"rendered":"Berufsspezialist\/in f\u00fcr Ladeinfrastruktur der Elektromobilit\u00e4t (LIS)"},"content":{"rendered":"\t\t<div data-elementor-type=\"wp-page\" data-elementor-id=\"2306\" class=\"elementor elementor-2306\" data-elementor-post-type=\"page\">\n\t\t\t\t\t\t<section class=\"elementor-section elementor-top-section elementor-element elementor-element-2a7f89e5 elementor-section-stretched elementor-section-height-min-height elementor-section-content-middle elementor-section-boxed elementor-section-height-default elementor-section-items-middle\" data-id=\"2a7f89e5\" data-element_type=\"section\" data-e-type=\"section\" data-settings=\"{&quot;stretch_section&quot;:&quot;section-stretched&quot;,&quot;background_background&quot;:&quot;classic&quot;,&quot;animation&quot;:&quot;none&quot;}\">\n\t\t\t\t\t\t\t<div class=\"elementor-background-overlay\"><\/div>\n\t\t\t\t\t\t\t<div class=\"elementor-container elementor-column-gap-default\">\n\t\t\t\t\t<div class=\"elementor-column elementor-col-100 elementor-top-column elementor-element elementor-element-5c5af50\" data-id=\"5c5af50\" data-element_type=\"column\" data-e-type=\"column\">\n\t\t\t<div class=\"elementor-widget-wrap elementor-element-populated\">\n\t\t\t\t\t\t<div class=\"elementor-element elementor-element-29bc2ef elementor-widget__width-initial elementor-widget elementor-widget-heading\" data-id=\"29bc2ef\" data-element_type=\"widget\" data-e-type=\"widget\" data-widget_type=\"heading.default\">\n\t\t\t\t<div class=\"elementor-widget-container\">\n\t\t\t\t\t<h1 class=\"elementor-heading-title elementor-size-large\">Berufsspezialist\/in LIS<\/h1>\t\t\t\t<\/div>\n\t\t\t\t<\/div>\n\t\t\t\t\t<\/div>\n\t\t<\/div>\n\t\t\t\t\t<\/div>\n\t\t<\/section>\n\t\t\t\t<section class=\"elementor-section elementor-top-section elementor-element elementor-element-3d35e707 elementor-section-boxed elementor-section-height-default elementor-section-height-default\" data-id=\"3d35e707\" data-element_type=\"section\" data-e-type=\"section\">\n\t\t\t\t\t\t<div class=\"elementor-container elementor-column-gap-default\">\n\t\t\t\t\t<div class=\"elementor-column elementor-col-100 elementor-top-column elementor-element elementor-element-546c60e3\" data-id=\"546c60e3\" data-element_type=\"column\" data-e-type=\"column\">\n\t\t\t<div class=\"elementor-widget-wrap elementor-element-populated\">\n\t\t\t\t\t\t<div class=\"elementor-element elementor-element-15c0f27f elementor-widget elementor-widget-text-editor\" data-id=\"15c0f27f\" data-element_type=\"widget\" data-e-type=\"widget\" data-widget_type=\"text-editor.default\">\n\t\t\t\t<div class=\"elementor-widget-container\">\n\t\t\t\t\t\t\t\t\t<h1><span style=\"color: #333333; font-size: 23px; font-weight: 600;\">Gepr\u00fcfte\/r Berufsspezialist\/in f\u00fcr Ladeinfrastruktur der Elektromobilit\u00e4t (HWK Region Stuttgart, HWK Region Oldenburg)<\/span><\/h1><div><div><span style=\"font-size: 20px;\">Um im sich schnell weiterentwickelnden Themenfeld der Elektrotechnik im Allgemeinen und den Spezialthemen Ladeinfrastruktur f\u00fcr Elektrofahrzeuge, Erneuerbare Energien und intelligente Geb\u00e4udetechnik im Speziellen auf einem aktuellen Wissensstand zu bleiben, ist stetiges Update des Know Hows n\u00f6tig. Jeder Auftrag ist anders und eine Standardl\u00f6sung gibt es nicht.<\/span><\/div><p>Die Aufstiegsfortbildung Gepr\u00fcfter Berufsspezialist \/ Gepr\u00fcfte Berufsspezialistin f\u00fcr Ladeinfrastruktursysteme der Elektromobilit\u00e4t (HWK Region Stuttgart) qualifiziert zu verantwortungsvollen T\u00e4tigkeiten. In spezifischen Bildungsmodulen werden die, in der beruflichen Ausbildung und betrieblichen Praxis erworbenen, Kenntnisse und Fertigkeiten weiter vertieft und somit Spezialkenntnisse und Spezialfertigkeiten erworben, welche erforderlich sind, um Ladeinfrastruktursysteme (LIS) in verschiedensten Anwendungsfeldern zu errichten. Basierend auf den bestehenden Gegebenheiten vor Ort erarbeiten die Teilnehmer\/innen in enger Abstimmung mit Kunden und Kundinnen bedarfsgerechte L\u00f6sungen.<\/p><p>Sie besitzen spezialisierte Kenntnisse und Fertigkeiten zur Planung, Errichtung und Inbetriebnahme, beginnend vom einfachen Ladepunkt, \u00fcber vernetzte Ladeinfrastruktur bis hin zu DC-Schnellladestationen f\u00fcr private und gewerbliche Nutzung. In diesem komplexen innovativen T\u00e4tigkeitsbereich ber\u00fccksichtigen Sie bei der Planung und Ausf\u00fchrung nicht nur die Orientierung an den aktuellen Vorschriften und Normen, sondern beurteilen auch die Notwendigkeit der Neuerrichtung von Z\u00e4hlerpl\u00e4tzen\/Trafostationen, des Blitz-, \u00dcberspannungs- und Brandschutzes unter Einbeziehung der zust\u00e4ndigen Verantwortlichen und Institutionen. Spezielle Kenntnisse und Fertigkeiten zur Parametrierung der eingesetzten Energiemanagementsysteme, zum Erreichen einer hohen Energieeffizienz, inklusive der Einbindung von erneuerbaren Energiequellen und eichrechtskonformer Abrechnungssysteme, runden das Profil \u201eGepr\u00fcfter Berufsspezialist \/ Gepr\u00fcfte Berufsspezialistin f\u00fcr Ladeinfrastruktursysteme der Elektromobilit\u00e4t (HWK Region Stuttgart)\u201c ab. Sie bearbeiten die Kundenauftr\u00e4ge selbstst\u00e4ndig unter Ber\u00fccksichtigung von Normen, Regeln, Vorschriften und den Richtlinien der zust\u00e4ndigen Energieversorgungsunternehmen.<\/p><p><b>Kursinhalte<\/b><\/p><ul style=\"margin-top: 0cm;\" type=\"disc\"><li>Grundlagen<br \/>und Installation von Ladeinfrastruktur (210 UE)<br \/><ul style=\"margin-top: 0cm;\" type=\"circle\"><li>Einfache<br \/>und komplexe Elektro-Infrastruktursysteme (AC) der Elektromobilit\u00e4t<br \/>inklusive Wallboxen und Lades\u00e4ulen anhand von praxisnahen Beispielen<\/li><li>Elektro-Infrastruktursysteme<br \/>mit Wallboxen und Lades\u00e4ulen errichten, pr\u00fcfen und in Betrieb nehmen<\/li><\/ul><\/li><li>Vernetzte<br \/>Ladeinfrastruktur, Energiemanagement mit PV-Erzeugung und Stromspeicher<br \/>(90 UE)<br \/><ul style=\"margin-top: 0cm;\" type=\"circle\"><li>Vernetzte<br \/>Ladeinfrastruktursysteme f\u00fcr verschieden Anwendungen bedarfsgerecht<br \/>planen, fachgerecht errichten und konfigurieren<\/li><li>Energiemanagementsysteme<br \/>einsetzen und parametrieren sowie Photovoltaikanlagen und Stromspeicher<br \/>zur Versorgung von Ladeinfrastruktursystemen nutzen<\/li><\/ul><\/li><li>Z\u00e4hlerplatz<br \/>und Einbindung ins Intelligente Geb\u00e4ude &#8211; Z\u00e4hlerpl\u00e4tze neu errichten oder<br \/>bestehende Z\u00e4hlerpl\u00e4tze an den geforderten aktuellen Stand der Technik<br \/>anpassen (60 UE)<\/li><li>Planen,<br \/>Errichten und Pr\u00fcfen von DC-Ladestationen &#8211; Gleichstromladestationen<br \/>planen, errichten und pr\u00fcfen (30 UE)<\/li><li>Marketing<br \/>f\u00fcr Ladeinfrastruktur &#8211; das Gesch\u00e4ftsfeld Ladeinfrastruktur in das<br \/>Firmenportfolio integrieren und erfolgreich vermarkten (30 UE)<\/li><li>Baustellenmanagement<br \/>&#8211; Abl\u00e4ufe beim Errichten von Ladeinfrastruktur auf Baustellen und die dazu<br \/>erforderlichen Abstimmungen zwischen verschiedenen Gewerken erfolgreich<br \/>managen (120 UE)<\/li><\/ul><div>\u00a0<\/div><div><p><b>Zielgruppe<\/b><\/p><p>Elektrotechnischer Berufsabschluss \u2013 idealerweise<br \/>Elektroniker\/innen Fachrichtung Energie- und Geb\u00e4udetechnik und<br \/>Elektroinstallateure\/innen.<\/p><p><b>Kursvoraussetzung<\/b><\/p><p>Ausbildung als Elektrofachkraft.<\/p><p><b>Abschluss<\/b><\/p><p>Fortbildungspr\u00fcfung zum\/zur \u201eGepr\u00fcfter Berufsspezialisten \/<br \/>Gepr\u00fcfte Berufsspezialistin f\u00fcr Ladeinfrastruktursysteme der Elektromobilit\u00e4t<br \/>(HWK Region Stuttgart)&#8220;<\/p><p>Voraussetzung f\u00fcr die Teilnahme an der Abschlusspr\u00fcfung:<\/p><p>Nach Handwerksordnung \u00a7 42 und Berufsbildungsgesetz \u00a7 53 ist<br \/>ein Lernumfang von mindestens 400 Zeitstunden (540 UE) nachzuweisen. Diese<br \/>Forderung ist durch unser Bildungsangebot erf\u00fcllt.<\/p><p><b>Kursdauer<\/b><\/p><p>540 Unterrichtseinheiten<\/p><p><u>Pr\u00e4senztermine<\/u>\u00a0im etz, Krefelder Stra\u00dfe 12,<br \/>70376 Stuttgart<\/p><p>Freitag \/ Samstag:<\/p><p>5 UE 14:00 &#8211; 18:00 Uhr<\/p><p>8 UE 8:00 &#8211; 15:15 Uhr<\/p><p>9 UE 8:00 &#8211; 16:00 Uhr<\/p><p>10 UE 8:00 &#8211; 16:45 Uhr<\/p><p><u>Onlinetutorium<\/u><\/p><p>Dienstag \/ Donnerstag 17:45 &#8211; 19:30 Uhr<\/p><p><u>Selbstbestimmtes Lernen<\/u><\/p><p>Die Inhalte des selbstbestimmten Lernens m\u00fcssen vor den<br \/>jeweils zugeordneten Pr\u00e4senzterminen\/Themen bearbeitet werden.<\/p><p>Mit dem Programm InnoVET f\u00f6rdert das Bundesministerium f\u00fcr Bildung und Forschung (BMBF) bundesweit Projekte mit dem Ziel, die Attraktivit\u00e4t, Qualit\u00e4t und Gleichwertigkeit der beruflichen Bildung zu steigern. Durchgef\u00fchrt wird das Programm vom Bundesinstitut f\u00fcr Berufsbildung (BiBB).<\/p><p>Die ausf\u00fchrliche Kursbeschreibung mit weiteren Informationen zu den Kursinhalten und Kursablauf sowie die Kursplanung senden wir Ihnen auf Wunsch gerne zu. Bei weiteren Fragen und Anliegen, wenden Sie sich bitte an das <span style=\"color: #4665c2;\"><a style=\"color: #4665c2;\" href=\"http:\/\/etz-stuttgart.de\" target=\"_blank\" rel=\"noopener\">etz Stuttgart<\/a><\/span>.<\/p><\/div><\/div>\t\t\t\t\t\t\t\t<\/div>\n\t\t\t\t<\/div>\n\t\t\t\t\t<\/div>\n\t\t<\/div>\n\t\t\t\t\t<\/div>\n\t\t<\/section>\n\t\t\t\t<section class=\"elementor-section elementor-top-section elementor-element elementor-element-1735f5f0 envato-kit-141-top-0 elementor-reverse-mobile elementor-section-full_width elementor-section-height-default elementor-section-height-default\" data-id=\"1735f5f0\" data-element_type=\"section\" data-e-type=\"section\" data-settings=\"{&quot;background_background&quot;:&quot;classic&quot;}\">\n\t\t\t\t\t\t\t<div class=\"elementor-background-overlay\"><\/div>\n\t\t\t\t\t\t\t<div class=\"elementor-container elementor-column-gap-no\">\n\t\t\t\t\t<div class=\"elementor-column elementor-col-50 elementor-top-column elementor-element elementor-element-423be966\" data-id=\"423be966\" data-element_type=\"column\" data-e-type=\"column\">\n\t\t\t<div class=\"elementor-widget-wrap elementor-element-populated\">\n\t\t\t\t\t\t<div class=\"elementor-element elementor-element-1890b859 elementor-widget__width-inherit elementor-widget elementor-widget-text-editor\" data-id=\"1890b859\" data-element_type=\"widget\" data-e-type=\"widget\" data-widget_type=\"text-editor.default\">\n\t\t\t\t<div class=\"elementor-widget-container\">\n\t\t\t\t\t\t\t\t\t<p><a href=\"https:\/\/www.bexelektro.de\/?page_id=27\">Kontakt<\/a> | <a href=\"https:\/\/www.bexelektro.de\/?page_id=563\">Datenschutz<\/a> | <a href=\"https:\/\/www.bexelektro.de\/?page_id=566\">Impressum<\/a><\/p>\t\t\t\t\t\t\t\t<\/div>\n\t\t\t\t<\/div>\n\t\t\t\t\t<\/div>\n\t\t<\/div>\n\t\t\t\t<div class=\"elementor-column elementor-col-50 elementor-top-column elementor-element elementor-element-9c1ead1\" data-id=\"9c1ead1\" data-element_type=\"column\" data-e-type=\"column\">\n\t\t\t<div class=\"elementor-widget-wrap elementor-element-populated\">\n\t\t\t\t\t\t<div class=\"elementor-element elementor-element-53ada599 elementor-widget elementor-widget-text-editor\" data-id=\"53ada599\" data-element_type=\"widget\" data-e-type=\"widget\" data-widget_type=\"text-editor.default\">\n\t\t\t\t<div class=\"elementor-widget-container\">\n\t\t\t\t\t\t\t\t\t<p style=\"text-align: right;\">Copyright \u00a9 by Fraunhofer-Gesellschaft<\/p>\t\t\t\t\t\t\t\t<\/div>\n\t\t\t\t<\/div>\n\t\t\t\t\t<\/div>\n\t\t<\/div>\n\t\t\t\t\t<\/div>\n\t\t<\/section>\n\t\t\t\t<\/div>\n\t\t","protected":false},"excerpt":{"rendered":"<p>Berufsspezialist\/in LIS Gepr\u00fcfte\/r Berufsspezialist\/in f\u00fcr Ladeinfrastruktur der Elektromobilit\u00e4t (HWK Region Stuttgart, HWK Region Oldenburg) Um im sich schnell weiterentwickelnden Themenfeld der Elektrotechnik im Allgemeinen und den Spezialthemen Ladeinfrastruktur f\u00fcr Elektrofahrzeuge, Erneuerbare Energien und intelligente Geb\u00e4udetechnik im Speziellen auf einem aktuellen Wissensstand zu bleiben, ist stetiges Update des Know Hows n\u00f6tig. Jeder Auftrag ist anders und [&hellip;]<\/p>\n","protected":false},"author":1,"featured_media":0,"parent":0,"menu_order":0,"comment_status":"closed","ping_status":"closed","template":"","meta":{"ocean_post_layout":"full-screen","ocean_both_sidebars_style":"","ocean_both_sidebars_content_width":0,"ocean_both_sidebars_sidebars_width":0,"ocean_sidebar":"0","ocean_second_sidebar":"0","ocean_disable_margins":"enable","ocean_add_body_class":"","ocean_shortcode_before_top_bar":"","ocean_shortcode_after_top_bar":"","ocean_shortcode_before_header":"","ocean_shortcode_after_header":"","ocean_has_shortcode":"","ocean_shortcode_after_title":"","ocean_shortcode_before_footer_widgets":"","ocean_shortcode_after_footer_widgets":"","ocean_shortcode_before_footer_bottom":"","ocean_shortcode_after_footer_bottom":"","ocean_display_top_bar":"off","ocean_display_header":"default","ocean_header_style":"","ocean_center_header_left_menu":"0","ocean_custom_header_template":"0","ocean_custom_logo":0,"ocean_custom_retina_logo":0,"ocean_custom_logo_max_width":0,"ocean_custom_logo_tablet_max_width":0,"ocean_custom_logo_mobile_max_width":0,"ocean_custom_logo_max_height":0,"ocean_custom_logo_tablet_max_height":0,"ocean_custom_logo_mobile_max_height":0,"ocean_header_custom_menu":"0","ocean_menu_typo_font_family":"0","ocean_menu_typo_font_subset":"","ocean_menu_typo_font_size":0,"ocean_menu_typo_font_size_tablet":0,"ocean_menu_typo_font_size_mobile":0,"ocean_menu_typo_font_size_unit":"px","ocean_menu_typo_font_weight":"","ocean_menu_typo_font_weight_tablet":"","ocean_menu_typo_font_weight_mobile":"","ocean_menu_typo_transform":"","ocean_menu_typo_transform_tablet":"","ocean_menu_typo_transform_mobile":"","ocean_menu_typo_line_height":0,"ocean_menu_typo_line_height_tablet":0,"ocean_menu_typo_line_height_mobile":0,"ocean_menu_typo_line_height_unit":"","ocean_menu_typo_spacing":0,"ocean_menu_typo_spacing_tablet":0,"ocean_menu_typo_spacing_mobile":0,"ocean_menu_typo_spacing_unit":"","ocean_menu_link_color":"","ocean_menu_link_color_hover":"","ocean_menu_link_color_active":"","ocean_menu_link_background":"","ocean_menu_link_hover_background":"","ocean_menu_link_active_background":"","ocean_menu_social_links_bg":"","ocean_menu_social_hover_links_bg":"","ocean_menu_social_links_color":"","ocean_menu_social_hover_links_color":"","ocean_disable_title":"on","ocean_disable_heading":"default","ocean_post_title":"","ocean_post_subheading":"","ocean_post_title_style":"","ocean_post_title_background_color":"","ocean_post_title_background":0,"ocean_post_title_bg_image_position":"","ocean_post_title_bg_image_attachment":"","ocean_post_title_bg_image_repeat":"","ocean_post_title_bg_image_size":"","ocean_post_title_height":0,"ocean_post_title_bg_overlay":0.5,"ocean_post_title_bg_overlay_color":"","ocean_disable_breadcrumbs":"default","ocean_breadcrumbs_color":"","ocean_breadcrumbs_separator_color":"","ocean_breadcrumbs_links_color":"","ocean_breadcrumbs_links_hover_color":"","ocean_display_footer_widgets":"off","ocean_display_footer_bottom":"off","ocean_custom_footer_template":"0","footnotes":""},"class_list":["post-2306","page","type-page","status-publish","hentry","entry"],"_links":{"self":[{"href":"https:\/\/www.bexelektro.de\/index.php?rest_route=\/wp\/v2\/pages\/2306","targetHints":{"allow":["GET"]}}],"collection":[{"href":"https:\/\/www.bexelektro.de\/index.php?rest_route=\/wp\/v2\/pages"}],"about":[{"href":"https:\/\/www.bexelektro.de\/index.php?rest_route=\/wp\/v2\/types\/page"}],"author":[{"embeddable":true,"href":"https:\/\/www.bexelektro.de\/index.php?rest_route=\/wp\/v2\/users\/1"}],"replies":[{"embeddable":true,"href":"https:\/\/www.bexelektro.de\/index.php?rest_route=%2Fwp%2Fv2%2Fcomments&post=2306"}],"version-history":[{"count":18,"href":"https:\/\/www.bexelektro.de\/index.php?rest_route=\/wp\/v2\/pages\/2306\/revisions"}],"predecessor-version":[{"id":3040,"href":"https:\/\/www.bexelektro.de\/index.php?rest_route=\/wp\/v2\/pages\/2306\/revisions\/3040"}],"wp:attachment":[{"href":"https:\/\/www.bexelektro.de\/index.php?rest_route=%2Fwp%2Fv2%2Fmedia&parent=2306"}],"curies":[{"name":"wp","href":"https:\/\/api.w.org\/{rel}","templated":true}]}}