{"id":2301,"date":"2023-12-04T13:15:16","date_gmt":"2023-12-04T13:15:16","guid":{"rendered":"https:\/\/websites.fraunhofer.de\/bex-elektro\/?page_id=2301"},"modified":"2024-12-09T14:09:22","modified_gmt":"2024-12-09T13:09:22","slug":"berufsspezialist-fuer-erneuerbare-energie-e-effizienz-und-e-management-eee","status":"publish","type":"page","link":"https:\/\/www.bexelektro.de\/?page_id=2301","title":{"rendered":"Berufsspezialist\/in f\u00fcr erneuerbare Energie, E-Effizienz und E-Management (EEE)"},"content":{"rendered":"\t\t<div data-elementor-type=\"wp-page\" data-elementor-id=\"2301\" class=\"elementor elementor-2301\" data-elementor-post-type=\"page\">\n\t\t\t\t\t\t<section class=\"elementor-section elementor-top-section elementor-element elementor-element-19098002 elementor-section-stretched elementor-section-height-min-height elementor-section-content-middle elementor-section-boxed elementor-section-height-default elementor-section-items-middle\" data-id=\"19098002\" data-element_type=\"section\" data-e-type=\"section\" data-settings=\"{&quot;stretch_section&quot;:&quot;section-stretched&quot;,&quot;background_background&quot;:&quot;classic&quot;,&quot;animation&quot;:&quot;none&quot;}\">\n\t\t\t\t\t\t\t<div class=\"elementor-background-overlay\"><\/div>\n\t\t\t\t\t\t\t<div class=\"elementor-container elementor-column-gap-default\">\n\t\t\t\t\t<div class=\"elementor-column elementor-col-100 elementor-top-column elementor-element elementor-element-15e017a6\" data-id=\"15e017a6\" data-element_type=\"column\" data-e-type=\"column\">\n\t\t\t<div class=\"elementor-widget-wrap elementor-element-populated\">\n\t\t\t\t\t\t<div class=\"elementor-element elementor-element-223a5610 elementor-widget__width-initial elementor-widget elementor-widget-heading\" data-id=\"223a5610\" data-element_type=\"widget\" data-e-type=\"widget\" data-widget_type=\"heading.default\">\n\t\t\t\t<div class=\"elementor-widget-container\">\n\t\t\t\t\t<h1 class=\"elementor-heading-title elementor-size-large\">Berufsspezialist\/in EEE<\/h1>\t\t\t\t<\/div>\n\t\t\t\t<\/div>\n\t\t\t\t\t<\/div>\n\t\t<\/div>\n\t\t\t\t\t<\/div>\n\t\t<\/section>\n\t\t\t\t<section class=\"elementor-section elementor-top-section elementor-element elementor-element-3ae36b89 elementor-section-boxed elementor-section-height-default elementor-section-height-default\" data-id=\"3ae36b89\" data-element_type=\"section\" data-e-type=\"section\">\n\t\t\t\t\t\t<div class=\"elementor-container elementor-column-gap-default\">\n\t\t\t\t\t<div class=\"elementor-column elementor-col-100 elementor-top-column elementor-element elementor-element-5cf8934f\" data-id=\"5cf8934f\" data-element_type=\"column\" data-e-type=\"column\">\n\t\t\t<div class=\"elementor-widget-wrap elementor-element-populated\">\n\t\t\t\t\t\t<div class=\"elementor-element elementor-element-51af99b8 elementor-widget elementor-widget-text-editor\" data-id=\"51af99b8\" data-element_type=\"widget\" data-e-type=\"widget\" data-widget_type=\"text-editor.default\">\n\t\t\t\t<div class=\"elementor-widget-container\">\n\t\t\t\t\t\t\t\t\t<p><span style=\"color: #333333; font-size: 23px; font-weight: 600;\">Gepr\u00fcfte\/r Berufsspezialist\/in f\u00fcr erneuerbare Energie, E-Effizienz und E-Management (HWK Region Stuttgart, HWK Region Oldenburg)<\/span><\/p><div><div><span style=\"font-size: 20px;\">F\u00fcr die Betriebe und die Besch\u00e4ftigten im Elektrohandwerk ist das Gesch\u00e4ftsfeld der erneuerbaren Energien im Allgemeinen und der Photovoltaik im Speziellen zu einem wichtigen, stark wachsenden Markt geworden. F\u00f6rderprogramme, um Anreize f\u00fcr energetische Geb\u00e4udesanierung zu schaffen, sind f\u00fcr ein weiteres schnelles Wachstum mit verantwortlich.<\/span><\/div><p>Die Aufstiegsfortbildung Gepr\u00fcfter Berufsspezialist \/ Gepr\u00fcfte Berufsspezialistin f\u00fcr erneuerbare Energie, Energieeffizienz und Energiemanagement (HWK Region Stuttgart) macht deutlich, dass es nicht auf Einzelkenntnisse und -fertigkeiten ankommt, sondern dass ein ganzheitlicher Qualifizierungsansatz angestrebt wird. Daraus resultiert f\u00fcr die Aufstiegsqualifizierung, dass die Anwendung von fachlichen Fertigkeiten und Kenntnissen entlang typischer Kundenauftr\u00e4ge im Vordergrund steht.<\/p><p>Ziel der Aufstiegsqualifizierung ist eine praxisorientierte Profilsch\u00e4rfung f\u00fcr die Schwerpunktthemen Photovoltaik, Heizungstechnik, Solarthermie, W\u00e4rmepumpen, Energieeffizienz und Energiemanagement. Die praxisbezogene und theoretische Wissensvermittlung orientiert sich an den betrieblichen Arbeits- und Gesch\u00e4ftsprozessen. Die Pr\u00fcfungsanforderungen setzen einen Fokus auf die Bew\u00e4ltigung der betrieblichen Praxis.<\/p><p><b>Kursinhalte<\/b><\/p><ul><li><span style=\"font-size: 20px;\">Erneuerbare Energie (240 UE)<\/span><ul><li>Grundlagen der Energietechnik und der Photovoltaik<\/li><li>Photovoltaikanlagen installieren, in Betrieb nehmen und pr\u00fcfen<ul><li><span style=\"font-size: 20px;\">Photovoltaik Inselanlagen<\/span><\/li><li>Netzgekoppelte PV-Anlagen<\/li><li>Normgerechtes Errichten und Pr\u00fcfen von PV-Anlagen<\/li><\/ul><\/li><li>Solarthermische Anlagen installieren, in Betrieb nehmen und pr\u00fcfen<ul><li>Grundlagen Heizungstechnik<\/li><li>Aufbauseminar Heizungstechnik<\/li><li>Rohrsysteme in Heizungs- und Trinkwasseranlagen<\/li><li>Grundlagen der Solarthermie<\/li><li>Planung und Errichtung solarthermischer Anlagen<\/li><\/ul><\/li><li>W\u00e4rmepumpenanlagen installieren, in Betrieb nehmen und pr\u00fcfen<ul><li>Grundlagen W\u00e4rmepumpen<\/li><li>Aufbauseminar W\u00e4rmepumpen<\/li><li>Dimensionierung von W\u00e4rmepumpenanlagen<\/li><li>Zusammenwirken von erneuerbaren Energien<\/li><\/ul><\/li><\/ul><\/li><li><span style=\"font-size: 20px;\">Energieeffizienzma\u00dfnahmen beraten, um Energieeinsparpotenziale in Geb\u00e4uden zu nutzen (150 UE)<\/span><ul><li>Umwelt- und Klimapolitik<\/li><li>Energieeffizienz Kompakt<\/li><li>Energetische Optimierung<\/li><li>Messverfahren und Analysetechniken<\/li><li>Energieeffizienz betrieblicher Einrichtungen und geb\u00e4udetechnischer Ausr\u00fcstung<\/li><\/ul><\/li><li>Energiemanagement (120 UE)<ul><li>Grundlagen des Energiemanagements<\/li><li>Energiemanagementl\u00f6sungen<\/li><li>Einbindung von PV-Erzeugung und Stromspeichern<\/li><li>Z\u00e4hlerplatzaufbau und Stromversorgung<\/li><li>Praxisseminar Energiemanagement und Einbindung von bestehenden sowie neuen Erzeugungsanlagen<\/li><li>Einbindung ins Intelligente Geb\u00e4ude<\/li><\/ul><\/li><li>Marketing zu erneuerbarer Energie, Energieeffizienz und Energiemanagement (30 UE)<\/li><\/ul><p><b style=\"font-size: 20px;\">Kursvoraussetzung<\/b><\/p><p>Ausbildung als Elektrofachkraft.<\/p><p><b>Abschluss<\/b><\/p><p>Fortbildungspr\u00fcfung zum\/zur \u201eGepr\u00fcfter Berufsspezialisten \/ Gepr\u00fcfte Berufsspezialistin f\u00fcr Erneuerbare Energie, Energieeffizienz und Energiemanagement (HWK Region Stuttgart)&#8220;<\/p><p><b>Voraussetzung f\u00fcr die Teilnahme an der Abschlusspr\u00fcfung:<\/b><\/p><p>Nach Handwerksordnung \u00a7 42 und Berufsbildungsgesetz \u00a7 53 ist ein Lernumfang von mindestens 400 Zeitstunden (540 UE) nachzuweisen. Diese Forderung ist durch unser Bildungsangebot erf\u00fcllt.<\/p><p><b>Kursdauer<\/b><\/p><p>540 Unterrichtseinheiten<\/p><p><u>Pr\u00e4senztermine<\/u> im etz, Krefelder Stra\u00dfe 12, 70376 Stuttgart<\/p><p>Freitag \/ Samstag:<\/p><p>5 UE 14:00 &#8211; 18:00 Uhr<\/p><p>8 UE 8:00 &#8211; 15:15 Uhr<\/p><p>9 UE 8:00 &#8211; 16:00 Uhr<\/p><p>10 UE 8:00 &#8211; 16:45 Uhr<\/p><p><u>Onlinetutorium<\/u><\/p><p>Dienstag \/ Donnerstag 17:45 &#8211; 19:30 Uhr<\/p><p><u>Selbstbestimmtes Lernen<\/u><\/p><p>Die Inhalte des selbstbestimmten Lernens m\u00fcssen vor den jeweils zugeordneten Pr\u00e4senzterminen\/Themen bearbeitet werden.<\/p><p>Mit dem Programm InnoVET f\u00f6rdert das Bundesministerium f\u00fcr Bildung und Forschung (BMBF) bundesweit Projekte mit dem Ziel, die Attraktivit\u00e4t, Qualit\u00e4t und Gleichwertigkeit der beruflichen Bildung zu steigern. Durchgef\u00fchrt wird das Programm vom Bundesinstitut f\u00fcr Berufsbildung (BiBB).<\/p><\/div><p style=\"font-variant-ligatures: normal; font-variant-caps: normal; font-family: 'Carrois Gothic', sans-serif; font-size: 20px; font-style: normal; font-weight: 400;\"><span style=\"font-size: 20px;\">Die ausf\u00fchrliche Kursbeschreibung mit weiteren Informationen zu den Kursinhalten und Kursablauf sowie die Kursplanung senden wir Ihnen auf Wunsch gerne zu. Bei weiteren Fragen und Anliegen, wenden Sie sich bitte an das <span style=\"color: #4665c2;\"><span style=\"color: #3366ff;\"><a style=\"color: #3366ff;\" href=\"http:\/\/etz-stuttgart.de\" target=\"_blank\" rel=\"noopener\">etz Stuttgart<\/a><\/span>\u00a0<span style=\"color: #000000;\">oder das<\/span> <span style=\"color: #3366ff;\"><a style=\"color: #3366ff;\" href=\"https:\/\/bfe.de\/\">BFE<\/a><\/span><span style=\"color: #000000;\">.<\/span><\/span><\/span><\/p><div>\u00a0<\/div>\t\t\t\t\t\t\t\t<\/div>\n\t\t\t\t<\/div>\n\t\t\t\t\t<\/div>\n\t\t<\/div>\n\t\t\t\t\t<\/div>\n\t\t<\/section>\n\t\t\t\t<section class=\"elementor-section elementor-top-section elementor-element elementor-element-17b05ab5 envato-kit-141-top-0 elementor-reverse-mobile elementor-section-full_width elementor-section-height-default elementor-section-height-default\" data-id=\"17b05ab5\" data-element_type=\"section\" data-e-type=\"section\" data-settings=\"{&quot;background_background&quot;:&quot;classic&quot;}\">\n\t\t\t\t\t\t\t<div class=\"elementor-background-overlay\"><\/div>\n\t\t\t\t\t\t\t<div class=\"elementor-container elementor-column-gap-no\">\n\t\t\t\t\t<div class=\"elementor-column elementor-col-50 elementor-top-column elementor-element elementor-element-f130687\" data-id=\"f130687\" data-element_type=\"column\" data-e-type=\"column\">\n\t\t\t<div class=\"elementor-widget-wrap elementor-element-populated\">\n\t\t\t\t\t\t<div class=\"elementor-element elementor-element-54dd895d elementor-widget__width-inherit elementor-widget elementor-widget-text-editor\" data-id=\"54dd895d\" data-element_type=\"widget\" data-e-type=\"widget\" data-widget_type=\"text-editor.default\">\n\t\t\t\t<div class=\"elementor-widget-container\">\n\t\t\t\t\t\t\t\t\t<p><a href=\"https:\/\/www.bexelektro.de\/?page_id=27\">Kontakt<\/a> | <a href=\"https:\/\/www.bexelektro.de\/?page_id=563\">Datenschutz<\/a> | <a href=\"https:\/\/www.bexelektro.de\/?page_id=566\">Impressum<\/a><\/p>\t\t\t\t\t\t\t\t<\/div>\n\t\t\t\t<\/div>\n\t\t\t\t\t<\/div>\n\t\t<\/div>\n\t\t\t\t<div class=\"elementor-column elementor-col-50 elementor-top-column elementor-element elementor-element-3e70230a\" data-id=\"3e70230a\" data-element_type=\"column\" data-e-type=\"column\">\n\t\t\t<div class=\"elementor-widget-wrap elementor-element-populated\">\n\t\t\t\t\t\t<div class=\"elementor-element elementor-element-6fa3e03a elementor-widget elementor-widget-text-editor\" data-id=\"6fa3e03a\" data-element_type=\"widget\" data-e-type=\"widget\" data-widget_type=\"text-editor.default\">\n\t\t\t\t<div class=\"elementor-widget-container\">\n\t\t\t\t\t\t\t\t\t<p style=\"text-align: right;\">Copyright \u00a9 by Fraunhofer-Gesellschaft<\/p>\t\t\t\t\t\t\t\t<\/div>\n\t\t\t\t<\/div>\n\t\t\t\t\t<\/div>\n\t\t<\/div>\n\t\t\t\t\t<\/div>\n\t\t<\/section>\n\t\t\t\t<\/div>\n\t\t","protected":false},"excerpt":{"rendered":"<p>Berufsspezialist\/in EEE Gepr\u00fcfte\/r Berufsspezialist\/in f\u00fcr erneuerbare Energie, E-Effizienz und E-Management (HWK Region Stuttgart, HWK Region Oldenburg) F\u00fcr die Betriebe und die Besch\u00e4ftigten im Elektrohandwerk ist das Gesch\u00e4ftsfeld der erneuerbaren Energien im Allgemeinen und der Photovoltaik im Speziellen zu einem wichtigen, stark wachsenden Markt geworden. F\u00f6rderprogramme, um Anreize f\u00fcr energetische Geb\u00e4udesanierung zu schaffen, sind f\u00fcr ein [&hellip;]<\/p>\n","protected":false},"author":1,"featured_media":0,"parent":0,"menu_order":0,"comment_status":"closed","ping_status":"closed","template":"","meta":{"ocean_post_layout":"full-screen","ocean_both_sidebars_style":"","ocean_both_sidebars_content_width":0,"ocean_both_sidebars_sidebars_width":0,"ocean_sidebar":"0","ocean_second_sidebar":"0","ocean_disable_margins":"enable","ocean_add_body_class":"","ocean_shortcode_before_top_bar":"","ocean_shortcode_after_top_bar":"","ocean_shortcode_before_header":"","ocean_shortcode_after_header":"","ocean_has_shortcode":"","ocean_shortcode_after_title":"","ocean_shortcode_before_footer_widgets":"","ocean_shortcode_after_footer_widgets":"","ocean_shortcode_before_footer_bottom":"","ocean_shortcode_after_footer_bottom":"","ocean_display_top_bar":"off","ocean_display_header":"default","ocean_header_style":"","ocean_center_header_left_menu":"0","ocean_custom_header_template":"0","ocean_custom_logo":0,"ocean_custom_retina_logo":0,"ocean_custom_logo_max_width":0,"ocean_custom_logo_tablet_max_width":0,"ocean_custom_logo_mobile_max_width":0,"ocean_custom_logo_max_height":0,"ocean_custom_logo_tablet_max_height":0,"ocean_custom_logo_mobile_max_height":0,"ocean_header_custom_menu":"0","ocean_menu_typo_font_family":"0","ocean_menu_typo_font_subset":"","ocean_menu_typo_font_size":0,"ocean_menu_typo_font_size_tablet":0,"ocean_menu_typo_font_size_mobile":0,"ocean_menu_typo_font_size_unit":"px","ocean_menu_typo_font_weight":"","ocean_menu_typo_font_weight_tablet":"","ocean_menu_typo_font_weight_mobile":"","ocean_menu_typo_transform":"","ocean_menu_typo_transform_tablet":"","ocean_menu_typo_transform_mobile":"","ocean_menu_typo_line_height":0,"ocean_menu_typo_line_height_tablet":0,"ocean_menu_typo_line_height_mobile":0,"ocean_menu_typo_line_height_unit":"","ocean_menu_typo_spacing":0,"ocean_menu_typo_spacing_tablet":0,"ocean_menu_typo_spacing_mobile":0,"ocean_menu_typo_spacing_unit":"","ocean_menu_link_color":"","ocean_menu_link_color_hover":"","ocean_menu_link_color_active":"","ocean_menu_link_background":"","ocean_menu_link_hover_background":"","ocean_menu_link_active_background":"","ocean_menu_social_links_bg":"","ocean_menu_social_hover_links_bg":"","ocean_menu_social_links_color":"","ocean_menu_social_hover_links_color":"","ocean_disable_title":"on","ocean_disable_heading":"default","ocean_post_title":"","ocean_post_subheading":"","ocean_post_title_style":"","ocean_post_title_background_color":"","ocean_post_title_background":0,"ocean_post_title_bg_image_position":"","ocean_post_title_bg_image_attachment":"","ocean_post_title_bg_image_repeat":"","ocean_post_title_bg_image_size":"","ocean_post_title_height":0,"ocean_post_title_bg_overlay":0.5,"ocean_post_title_bg_overlay_color":"","ocean_disable_breadcrumbs":"default","ocean_breadcrumbs_color":"","ocean_breadcrumbs_separator_color":"","ocean_breadcrumbs_links_color":"","ocean_breadcrumbs_links_hover_color":"","ocean_display_footer_widgets":"off","ocean_display_footer_bottom":"off","ocean_custom_footer_template":"0","footnotes":""},"class_list":["post-2301","page","type-page","status-publish","hentry","entry"],"_links":{"self":[{"href":"https:\/\/www.bexelektro.de\/index.php?rest_route=\/wp\/v2\/pages\/2301","targetHints":{"allow":["GET"]}}],"collection":[{"href":"https:\/\/www.bexelektro.de\/index.php?rest_route=\/wp\/v2\/pages"}],"about":[{"href":"https:\/\/www.bexelektro.de\/index.php?rest_route=\/wp\/v2\/types\/page"}],"author":[{"embeddable":true,"href":"https:\/\/www.bexelektro.de\/index.php?rest_route=\/wp\/v2\/users\/1"}],"replies":[{"embeddable":true,"href":"https:\/\/www.bexelektro.de\/index.php?rest_route=%2Fwp%2Fv2%2Fcomments&post=2301"}],"version-history":[{"count":20,"href":"https:\/\/www.bexelektro.de\/index.php?rest_route=\/wp\/v2\/pages\/2301\/revisions"}],"predecessor-version":[{"id":3036,"href":"https:\/\/www.bexelektro.de\/index.php?rest_route=\/wp\/v2\/pages\/2301\/revisions\/3036"}],"wp:attachment":[{"href":"https:\/\/www.bexelektro.de\/index.php?rest_route=%2Fwp%2Fv2%2Fmedia&parent=2301"}],"curies":[{"name":"wp","href":"https:\/\/api.w.org\/{rel}","templated":true}]}}