{"id":1598,"date":"2021-06-30T08:29:56","date_gmt":"2021-06-30T08:29:56","guid":{"rendered":"https:\/\/websites.fraunhofer.de\/bex-elektro\/?page_id=1598"},"modified":"2024-12-09T14:02:12","modified_gmt":"2024-12-09T13:02:12","slug":"neue-studie-ueber-qualifizierungsbedarfe-in-der-energie-und-mobilitaetswende","status":"publish","type":"page","link":"https:\/\/www.bexelektro.de\/?page_id=1598","title":{"rendered":"Neue Studie \u00fcber Qualifizierungsbedarfe in der Energie- und Mobilit\u00e4tswende"},"content":{"rendered":"\t\t<div data-elementor-type=\"wp-page\" data-elementor-id=\"1598\" class=\"elementor elementor-1598\" data-elementor-post-type=\"page\">\n\t\t\t\t\t\t<section class=\"elementor-section elementor-top-section elementor-element elementor-element-6c00211 elementor-section-boxed elementor-section-height-default elementor-section-height-default\" data-id=\"6c00211\" data-element_type=\"section\" data-e-type=\"section\">\n\t\t\t\t\t\t<div class=\"elementor-container elementor-column-gap-default\">\n\t\t\t\t\t<div class=\"elementor-column elementor-col-100 elementor-top-column elementor-element elementor-element-eff9b9f\" data-id=\"eff9b9f\" data-element_type=\"column\" data-e-type=\"column\">\n\t\t\t<div class=\"elementor-widget-wrap elementor-element-populated\">\n\t\t\t\t\t\t<div class=\"elementor-element elementor-element-18f7ed2 elementor-widget elementor-widget-heading\" data-id=\"18f7ed2\" data-element_type=\"widget\" data-e-type=\"widget\" data-widget_type=\"heading.default\">\n\t\t\t\t<div class=\"elementor-widget-container\">\n\t\t\t\t\t<h2 class=\"elementor-heading-title elementor-size-default\">Neue Studie \u00fcber Qualifizierungsbedarfe in der Energie- und Mobilit\u00e4tswende<\/h2>\t\t\t\t<\/div>\n\t\t\t\t<\/div>\n\t\t\t\t\t<\/div>\n\t\t<\/div>\n\t\t\t\t\t<\/div>\n\t\t<\/section>\n\t\t\t\t<section class=\"elementor-section elementor-top-section elementor-element elementor-element-26060a7 elementor-section-boxed elementor-section-height-default elementor-section-height-default\" data-id=\"26060a7\" data-element_type=\"section\" data-e-type=\"section\">\n\t\t\t\t\t\t<div class=\"elementor-container elementor-column-gap-default\">\n\t\t\t\t\t<div class=\"elementor-column elementor-col-100 elementor-top-column elementor-element elementor-element-45aa9c9\" data-id=\"45aa9c9\" data-element_type=\"column\" data-e-type=\"column\">\n\t\t\t<div class=\"elementor-widget-wrap elementor-element-populated\">\n\t\t\t\t\t\t<div class=\"elementor-element elementor-element-5ff91f1 elementor-widget elementor-widget-text-editor\" data-id=\"5ff91f1\" data-element_type=\"widget\" data-e-type=\"widget\" data-widget_type=\"text-editor.default\">\n\t\t\t\t<div class=\"elementor-widget-container\">\n\t\t\t\t\t\t\t\t\t<p>Das Fraunhofer IAO hat gemeinsam mit neun Projektpartnern aus Bildung, Industrie und Handwerk im Zeitraum vom 8. M\u00e4rz bis zum 18. April 2021 die Bedarfe f\u00fcr ein neues Bildungskonzept im Zukunftsmarkt Elektromobilit\u00e4t, Smart Home und regenerative Energie untersucht und die Ergebnisse im Kurzbericht \u00bbQualifizierungsoffensive f\u00fcr die Energie- und Mobilit\u00e4tswende\u00ab zusammengefasst und am 30. Juni 2021 ver\u00f6ffentlicht.<\/p><p>Die Qualifizierung von Fachkr\u00e4ften in der Elektro-Branche stellt eine der zentralen Erfolgsfaktoren f\u00fcr die Energie- und Mobilit\u00e4tswende dar. Doch welche Perspektiven und Pr\u00e4ferenzen haben dazu betriebliche Entscheider? Und wie sehen ihre konkret wahrgenommenen Bedarfe und Voraussetzungen f\u00fcr neue Bildungskonzepte aus?<\/p><p>Die Studie zur Befragung von Gesch\u00e4ftsf\u00fchrern beleuchtet, wie die aktuelle Marktsituation in Industrie- und Handwerks-Unternehmen der einschl\u00e4gigen Branchensektoren aussieht, welchen Einfluss der Mangel an Fach- und F\u00fchrungskr\u00e4ften hat, wie derzeit gegengesteuert wird und welche Erwartungen Industrie und Handwerk an ein integratives und durchg\u00e4ngiges Bildungskonzept in einem dynamischen Markt formulieren.<\/p><p>Die Ergebnisse zeichnen ein d\u00fcsteres Bild: Der Zukunftsmarkt Elektromobilit\u00e4t, Smart Home und regenerative Energien droht wegen des Fachkr\u00e4ftemangels an den KMU vorbeizugehen. Die Befragungsergebnisse der betrieblichen Entscheider best\u00e4tigen den hohen Bedarf an einem innovativen Gesamtkonzept f\u00fcr berufliche Bildung in dem skizzierten Innovationsfeld Elektromobilit\u00e4t, regenerative Energien, Smart Home.<\/p><p>Aus der Untersuchung ergeben sich konkrete Gestaltungshinweise, wie sich die Qualifizierungsoffensive erfolgreich gestalten l\u00e4sst. Im jetzt vorgelegten Kurzbericht werden ausgew\u00e4hlte Ergebnisse vorgestellt. Die Studie steht ab sofort kostenlos im Internet zur Verf\u00fcgung.<\/p><p>Sind Sie Gesch\u00e4ftsleitung oder Personalverantwortliche in Industrie oder Handwerk der Elektrobranche? M\u00f6chten Sie sich an j\u00e4hrlichen Kurzabfragen beteiligen, um sich \u00fcber Markt- und Qualifizierungsoptionen zu informieren? Das Fraunhofer IAO bietet Unternehmen an, im Panel mit aufgenommen zu werden. Interessierte Unternehmen k\u00f6nnen sich bei Interesse direkt an unser <a href=\"https:\/\/websites.fraunhofer.de\/bex-elektro\/?page_id=27\">Projektb\u00fcro<\/a> wenden.<\/p><p><strong>Kostenloser Download:<\/strong><\/p><p>\u00bb<a href=\"https:\/\/www.bexelektro.de\/wp-content\/uploads\/2021\/07\/Qualifizierungsoffensive-fuer-die-Energie-und-Mobilitaetswende-2.pdf\" target=\"_blank\" rel=\"noopener\"><span style=\"color: #00ccff;\">Qualifizierungsoffensive f\u00fcr die Energie- und Mobilit\u00e4tswende<\/span><\/a>\u00ab<\/p>\t\t\t\t\t\t\t\t<\/div>\n\t\t\t\t<\/div>\n\t\t\t\t\t<\/div>\n\t\t<\/div>\n\t\t\t\t\t<\/div>\n\t\t<\/section>\n\t\t\t\t<section class=\"elementor-section elementor-top-section elementor-element elementor-element-7925f8b envato-kit-141-top-0 elementor-reverse-mobile elementor-section-full_width elementor-section-height-default elementor-section-height-default\" data-id=\"7925f8b\" data-element_type=\"section\" data-e-type=\"section\" data-settings=\"{&quot;background_background&quot;:&quot;classic&quot;}\">\n\t\t\t\t\t\t\t<div class=\"elementor-background-overlay\"><\/div>\n\t\t\t\t\t\t\t<div class=\"elementor-container elementor-column-gap-no\">\n\t\t\t\t\t<div class=\"elementor-column elementor-col-50 elementor-top-column elementor-element elementor-element-3fec798b\" data-id=\"3fec798b\" data-element_type=\"column\" data-e-type=\"column\">\n\t\t\t<div class=\"elementor-widget-wrap elementor-element-populated\">\n\t\t\t\t\t\t<div class=\"elementor-element elementor-element-7efb6b8e elementor-widget__width-inherit elementor-widget elementor-widget-text-editor\" data-id=\"7efb6b8e\" data-element_type=\"widget\" data-e-type=\"widget\" data-widget_type=\"text-editor.default\">\n\t\t\t\t<div class=\"elementor-widget-container\">\n\t\t\t\t\t\t\t\t\t<p><a href=\"https:\/\/www.bexelektro.de\/?page_id=27\">Kontakt<\/a> | <a href=\"https:\/\/www.bexelektro.de\/?page_id=563\">Datenschutz<\/a> | <a href=\"https:\/\/www.bexelektro.de\/?page_id=566\">Impressum<\/a><\/p>\t\t\t\t\t\t\t\t<\/div>\n\t\t\t\t<\/div>\n\t\t\t\t\t<\/div>\n\t\t<\/div>\n\t\t\t\t<div class=\"elementor-column elementor-col-50 elementor-top-column elementor-element elementor-element-4ece750a\" data-id=\"4ece750a\" data-element_type=\"column\" data-e-type=\"column\">\n\t\t\t<div class=\"elementor-widget-wrap elementor-element-populated\">\n\t\t\t\t\t\t<div class=\"elementor-element elementor-element-6ff22775 elementor-widget elementor-widget-text-editor\" data-id=\"6ff22775\" data-element_type=\"widget\" data-e-type=\"widget\" data-widget_type=\"text-editor.default\">\n\t\t\t\t<div class=\"elementor-widget-container\">\n\t\t\t\t\t\t\t\t\t<p style=\"text-align: right;\">Copyright \u00a9 by Fraunhofer-Gesellschaft<\/p>\t\t\t\t\t\t\t\t<\/div>\n\t\t\t\t<\/div>\n\t\t\t\t\t<\/div>\n\t\t<\/div>\n\t\t\t\t\t<\/div>\n\t\t<\/section>\n\t\t\t\t<\/div>\n\t\t","protected":false},"excerpt":{"rendered":"<p>Neue Studie \u00fcber Qualifizierungsbedarfe in der Energie- und Mobilit\u00e4tswende Das Fraunhofer IAO hat gemeinsam mit neun Projektpartnern aus Bildung, Industrie und Handwerk im Zeitraum vom 8. M\u00e4rz bis zum 18. April 2021 die Bedarfe f\u00fcr ein neues Bildungskonzept im Zukunftsmarkt Elektromobilit\u00e4t, Smart Home und regenerative Energie untersucht und die Ergebnisse im Kurzbericht \u00bbQualifizierungsoffensive f\u00fcr die [&hellip;]<\/p>\n","protected":false},"author":1,"featured_media":0,"parent":0,"menu_order":0,"comment_status":"closed","ping_status":"closed","template":"","meta":{"ocean_post_layout":"full-screen","ocean_both_sidebars_style":"","ocean_both_sidebars_content_width":0,"ocean_both_sidebars_sidebars_width":0,"ocean_sidebar":"0","ocean_second_sidebar":"0","ocean_disable_margins":"enable","ocean_add_body_class":"","ocean_shortcode_before_top_bar":"","ocean_shortcode_after_top_bar":"","ocean_shortcode_before_header":"","ocean_shortcode_after_header":"","ocean_has_shortcode":"","ocean_shortcode_after_title":"","ocean_shortcode_before_footer_widgets":"","ocean_shortcode_after_footer_widgets":"","ocean_shortcode_before_footer_bottom":"","ocean_shortcode_after_footer_bottom":"","ocean_display_top_bar":"off","ocean_display_header":"default","ocean_header_style":"","ocean_center_header_left_menu":"0","ocean_custom_header_template":"0","ocean_custom_logo":0,"ocean_custom_retina_logo":0,"ocean_custom_logo_max_width":0,"ocean_custom_logo_tablet_max_width":0,"ocean_custom_logo_mobile_max_width":0,"ocean_custom_logo_max_height":0,"ocean_custom_logo_tablet_max_height":0,"ocean_custom_logo_mobile_max_height":0,"ocean_header_custom_menu":"0","ocean_menu_typo_font_family":"0","ocean_menu_typo_font_subset":"","ocean_menu_typo_font_size":0,"ocean_menu_typo_font_size_tablet":0,"ocean_menu_typo_font_size_mobile":0,"ocean_menu_typo_font_size_unit":"px","ocean_menu_typo_font_weight":"","ocean_menu_typo_font_weight_tablet":"","ocean_menu_typo_font_weight_mobile":"","ocean_menu_typo_transform":"","ocean_menu_typo_transform_tablet":"","ocean_menu_typo_transform_mobile":"","ocean_menu_typo_line_height":0,"ocean_menu_typo_line_height_tablet":0,"ocean_menu_typo_line_height_mobile":0,"ocean_menu_typo_line_height_unit":"","ocean_menu_typo_spacing":0,"ocean_menu_typo_spacing_tablet":0,"ocean_menu_typo_spacing_mobile":0,"ocean_menu_typo_spacing_unit":"","ocean_menu_link_color":"","ocean_menu_link_color_hover":"","ocean_menu_link_color_active":"","ocean_menu_link_background":"","ocean_menu_link_hover_background":"","ocean_menu_link_active_background":"","ocean_menu_social_links_bg":"","ocean_menu_social_hover_links_bg":"","ocean_menu_social_links_color":"","ocean_menu_social_hover_links_color":"","ocean_disable_title":"on","ocean_disable_heading":"default","ocean_post_title":"","ocean_post_subheading":"","ocean_post_title_style":"","ocean_post_title_background_color":"","ocean_post_title_background":0,"ocean_post_title_bg_image_position":"","ocean_post_title_bg_image_attachment":"","ocean_post_title_bg_image_repeat":"","ocean_post_title_bg_image_size":"","ocean_post_title_height":0,"ocean_post_title_bg_overlay":0.5,"ocean_post_title_bg_overlay_color":"","ocean_disable_breadcrumbs":"default","ocean_breadcrumbs_color":"","ocean_breadcrumbs_separator_color":"","ocean_breadcrumbs_links_color":"","ocean_breadcrumbs_links_hover_color":"","ocean_display_footer_widgets":"off","ocean_display_footer_bottom":"off","ocean_custom_footer_template":"0","footnotes":""},"class_list":["post-1598","page","type-page","status-publish","hentry","entry"],"_links":{"self":[{"href":"https:\/\/www.bexelektro.de\/index.php?rest_route=\/wp\/v2\/pages\/1598","targetHints":{"allow":["GET"]}}],"collection":[{"href":"https:\/\/www.bexelektro.de\/index.php?rest_route=\/wp\/v2\/pages"}],"about":[{"href":"https:\/\/www.bexelektro.de\/index.php?rest_route=\/wp\/v2\/types\/page"}],"author":[{"embeddable":true,"href":"https:\/\/www.bexelektro.de\/index.php?rest_route=\/wp\/v2\/users\/1"}],"replies":[{"embeddable":true,"href":"https:\/\/www.bexelektro.de\/index.php?rest_route=%2Fwp%2Fv2%2Fcomments&post=1598"}],"version-history":[{"count":25,"href":"https:\/\/www.bexelektro.de\/index.php?rest_route=\/wp\/v2\/pages\/1598\/revisions"}],"predecessor-version":[{"id":3021,"href":"https:\/\/www.bexelektro.de\/index.php?rest_route=\/wp\/v2\/pages\/1598\/revisions\/3021"}],"wp:attachment":[{"href":"https:\/\/www.bexelektro.de\/index.php?rest_route=%2Fwp%2Fv2%2Fmedia&parent=1598"}],"curies":[{"name":"wp","href":"https:\/\/api.w.org\/{rel}","templated":true}]}}