{"id":150,"date":"2020-10-22T05:51:26","date_gmt":"2020-10-22T05:51:26","guid":{"rendered":"https:\/\/websites.fraunhofer.de\/bexelektro\/?page_id=150"},"modified":"2024-12-09T12:38:57","modified_gmt":"2024-12-09T11:38:57","slug":"arbeitspakete","status":"publish","type":"page","link":"https:\/\/www.bexelektro.de\/?page_id=150","title":{"rendered":"Innovationsfelder"},"content":{"rendered":"\t\t<div data-elementor-type=\"wp-page\" data-elementor-id=\"150\" class=\"elementor elementor-150\" data-elementor-post-type=\"page\">\n\t\t\t\t\t\t<section class=\"elementor-section elementor-top-section elementor-element elementor-element-6795c4a4 elementor-section-stretched elementor-section-height-min-height elementor-section-content-middle elementor-section-boxed elementor-section-height-default elementor-section-items-middle\" data-id=\"6795c4a4\" data-element_type=\"section\" data-e-type=\"section\" data-settings=\"{&quot;stretch_section&quot;:&quot;section-stretched&quot;,&quot;background_background&quot;:&quot;classic&quot;,&quot;animation&quot;:&quot;none&quot;}\">\n\t\t\t\t\t\t\t<div class=\"elementor-background-overlay\"><\/div>\n\t\t\t\t\t\t\t<div class=\"elementor-container elementor-column-gap-default\">\n\t\t\t\t\t<div class=\"elementor-column elementor-col-100 elementor-top-column elementor-element elementor-element-6b96abf4\" data-id=\"6b96abf4\" data-element_type=\"column\" data-e-type=\"column\">\n\t\t\t<div class=\"elementor-widget-wrap elementor-element-populated\">\n\t\t\t\t\t\t<div class=\"elementor-element elementor-element-72d1bd8c elementor-widget__width-initial elementor-widget elementor-widget-heading\" data-id=\"72d1bd8c\" data-element_type=\"widget\" data-e-type=\"widget\" data-widget_type=\"heading.default\">\n\t\t\t\t<div class=\"elementor-widget-container\">\n\t\t\t\t\t<h1 class=\"elementor-heading-title elementor-size-large\">Innovationsfelder<\/h1>\t\t\t\t<\/div>\n\t\t\t\t<\/div>\n\t\t\t\t\t<\/div>\n\t\t<\/div>\n\t\t\t\t\t<\/div>\n\t\t<\/section>\n\t\t\t\t<section class=\"elementor-section elementor-top-section elementor-element elementor-element-dad29d2 elementor-section-boxed elementor-section-height-default elementor-section-height-default\" data-id=\"dad29d2\" data-element_type=\"section\" data-e-type=\"section\">\n\t\t\t\t\t\t<div class=\"elementor-container elementor-column-gap-default\">\n\t\t\t\t\t<div class=\"elementor-column elementor-col-100 elementor-top-column elementor-element elementor-element-f3c001a\" data-id=\"f3c001a\" data-element_type=\"column\" data-e-type=\"column\">\n\t\t\t<div class=\"elementor-widget-wrap elementor-element-populated\">\n\t\t\t\t\t\t<div class=\"elementor-element elementor-element-0999ea2 elementor-widget elementor-widget-spacer\" data-id=\"0999ea2\" data-element_type=\"widget\" data-e-type=\"widget\" data-widget_type=\"spacer.default\">\n\t\t\t\t<div class=\"elementor-widget-container\">\n\t\t\t\t\t\t\t<div class=\"elementor-spacer\">\n\t\t\t<div class=\"elementor-spacer-inner\"><\/div>\n\t\t<\/div>\n\t\t\t\t\t\t<\/div>\n\t\t\t\t<\/div>\n\t\t\t\t<div class=\"elementor-element elementor-element-2a6f26d elementor-widget elementor-widget-text-editor\" data-id=\"2a6f26d\" data-element_type=\"widget\" data-e-type=\"widget\" data-widget_type=\"text-editor.default\">\n\t\t\t\t<div class=\"elementor-widget-container\">\n\t\t\t\t\t\t\t\t\t<p>BexElektro adressiert konsequent die genannten Schwachstellen und Verbesserungspotenziale im gesamten System der beruflichen Bildung entlang einer Wertsch\u00f6pfungskette, die wir in vier Hauptprozessteile eingeteilt haben. Unser Verst\u00e4ndnis ist, dass alle Prozessteile in enger Interaktion stehen, und, in einem bestm\u00f6glich agilisierten System, in st\u00e4ndiger Wechselwirkung, \u00dcberarbeitung, Optimierung und Erg\u00e4nzung stehen. Das ist angesichts des avisierten, zentralen Modulverst\u00e4ndnisses gar nicht anders denkbar, wiewohl das Management und das Monitoring eines solchen agilen Systems zweifellos gro\u00dfe Herausforderungen zeigen. Genau diese sollen in gesamtprozessbezogenen Monitoring-, Adaptions- und Managementaufgaben im Projekt BexElektro in ihrer Interdependenz herausgearbeitet, implementiert und evaluiert werden. Die folgende Abbildung zeigt die wesentlichen Innovationen des Projektes \u201eauf einen Blick\u201c.<\/p>\t\t\t\t\t\t\t\t<\/div>\n\t\t\t\t<\/div>\n\t\t\t\t\t<\/div>\n\t\t<\/div>\n\t\t\t\t\t<\/div>\n\t\t<\/section>\n\t\t\t\t<section class=\"elementor-section elementor-top-section elementor-element elementor-element-caca62b elementor-section-boxed elementor-section-height-default elementor-section-height-default\" data-id=\"caca62b\" data-element_type=\"section\" data-e-type=\"section\" data-settings=\"{&quot;background_background&quot;:&quot;classic&quot;}\">\n\t\t\t\t\t\t<div class=\"elementor-container elementor-column-gap-default\">\n\t\t\t\t\t<div class=\"elementor-column elementor-col-100 elementor-top-column elementor-element elementor-element-c8b7780\" data-id=\"c8b7780\" data-element_type=\"column\" data-e-type=\"column\">\n\t\t\t<div class=\"elementor-widget-wrap elementor-element-populated\">\n\t\t\t\t\t\t<div class=\"elementor-element elementor-element-d2a5623 elementor-widget elementor-widget-toggle\" data-id=\"d2a5623\" data-element_type=\"widget\" data-e-type=\"widget\" data-widget_type=\"toggle.default\">\n\t\t\t\t<div class=\"elementor-widget-container\">\n\t\t\t\t\t\t\t<div class=\"elementor-toggle\">\n\t\t\t\t\t\t\t<div class=\"elementor-toggle-item\">\n\t\t\t\t\t<div id=\"elementor-tab-title-2201\" class=\"elementor-tab-title\" data-tab=\"1\" role=\"button\" aria-controls=\"elementor-tab-content-2201\" aria-expanded=\"false\">\n\t\t\t\t\t\t\t\t\t\t\t\t<span class=\"elementor-toggle-icon elementor-toggle-icon-right\" aria-hidden=\"true\">\n\t\t\t\t\t\t\t\t\t\t\t\t\t\t\t<span class=\"elementor-toggle-icon-closed\"><i class=\"fas fa-caret-right\"><\/i><\/span>\n\t\t\t\t\t\t\t\t<span class=\"elementor-toggle-icon-opened\"><i class=\"elementor-toggle-icon-opened fas fa-caret-up\"><\/i><\/span>\n\t\t\t\t\t\t\t\t\t\t\t\t\t<\/span>\n\t\t\t\t\t\t\t\t\t\t\t\t<a class=\"elementor-toggle-title\" tabindex=\"0\">Bedarfsanalyse und Bildungssystemkonzeption <\/a>\n\t\t\t\t\t<\/div>\n\n\t\t\t\t\t<div id=\"elementor-tab-content-2201\" class=\"elementor-tab-content elementor-clearfix\" data-tab=\"1\" role=\"region\" aria-labelledby=\"elementor-tab-title-2201\"><p><em><strong><span style=\"color: #ffffff;\">Agilisierung und Dynamisierung des Prozesses, Bedarfsanalyse gemeinsam mit Bildungsanbietern, Herstellern und Abnehmern <\/span><\/strong><\/em><\/p>\n<p>Um den bisher zu langen Zeitversatz zwischen Technologieinnovation, Markteinf\u00fchrung und Schulungen zu verk\u00fcrzen, setzt das Projekt auf die Entwicklung eines agilen und intelligenten Systems des Trendmonitorings und der Bedarfsbestimmung, das gemeinsam von Vertretern der Bildungsanbieter, der Hersteller, potenzieller &#8222;Schulungsabnehmer\u201c und der begleitenden Forschungsorganisation entwickelt und implementiert wird. Dies soll strukturell und methodisch mithilfe eines Bedarfspanels erfolgen, dessen Arbeitsmodi, technologische Unterst\u00fctzung und dort eingesetzte Methoden der KI-basierten Trendforschung und Recherche im Projekt umgesetzt werden. Bisher finden diese Arbeiten stark getrennt, zeitversetzt und weniger marktorientiert statt.<\/p><\/div>\n\t\t\t\t<\/div>\n\t\t\t\t\t\t\t\t<\/div>\n\t\t\t\t\t\t<\/div>\n\t\t\t\t<\/div>\n\t\t\t\t<div class=\"elementor-element elementor-element-4fe5604 elementor-widget elementor-widget-toggle\" data-id=\"4fe5604\" data-element_type=\"widget\" data-e-type=\"widget\" data-widget_type=\"toggle.default\">\n\t\t\t\t<div class=\"elementor-widget-container\">\n\t\t\t\t\t\t\t<div class=\"elementor-toggle\">\n\t\t\t\t\t\t\t<div class=\"elementor-toggle-item\">\n\t\t\t\t\t<div id=\"elementor-tab-title-8371\" class=\"elementor-tab-title\" data-tab=\"1\" role=\"button\" aria-controls=\"elementor-tab-content-8371\" aria-expanded=\"false\">\n\t\t\t\t\t\t\t\t\t\t\t\t<span class=\"elementor-toggle-icon elementor-toggle-icon-right\" aria-hidden=\"true\">\n\t\t\t\t\t\t\t\t\t\t\t\t\t\t\t<span class=\"elementor-toggle-icon-closed\"><i class=\"fas fa-caret-right\"><\/i><\/span>\n\t\t\t\t\t\t\t\t<span class=\"elementor-toggle-icon-opened\"><i class=\"elementor-toggle-icon-opened fas fa-caret-up\"><\/i><\/span>\n\t\t\t\t\t\t\t\t\t\t\t\t\t<\/span>\n\t\t\t\t\t\t\t\t\t\t\t\t<a class=\"elementor-toggle-title\" tabindex=\"0\">Lernangebotsentwicklung, Lernmittelerstellung <\/a>\n\t\t\t\t\t<\/div>\n\n\t\t\t\t\t<div id=\"elementor-tab-content-8371\" class=\"elementor-tab-content elementor-clearfix\" data-tab=\"1\" role=\"region\" aria-labelledby=\"elementor-tab-title-8371\"><p><em><strong><span style=\"color: #ffffff;\">Bedarfsgerechte, modulare und schnelle Lernangebotsentwicklung und -bereitstellung auf Basis der Elektrotechnik-Kernberufe <\/span><\/strong><\/em><\/p><p>Kernst\u00fcck des Projektes ist das insgesamt zu erarbeitende, modulare und sich \u00fcber die DQR-Stufen 3 bis 7 sich erstreckende Gesamtkonzept der Bildungskomponenten, die modular buchbar und aufeinander anrechenbar sind. Im \u00dcbergang von der DQR-Stufe 5 auf 6 zeigt sich beispielhaft die Anrechenbarkeit der jeweiligen Leistungen auf die jeweilige h\u00f6here DQR-Stufe. Werden alle drei Module der DQR-Stufe 4 in Form der benannten Berufsspezialisten durchlaufen, wird damit das Soll von 1200 UE erf\u00fcllt, die insgesamt das Erreichen der formalen Bildungsstufe Berufsbachelor \/ Meister repr\u00e4sentieren. Zus\u00e4tzlich gibt es Angebote f\u00fcr \u201efachfremde\u201c Fachkr\u00e4fte (z. B. inklusive \u201eElektrofachkraft f\u00fcr festgelegte T\u00e4tigkeiten\u201c), aber auch solche wie den \u201eInnovationsCampus\u201c mit 40 UE, der auch f\u00fcr Sch\u00fcler und Studenten offen ist. Alle Bildungsangebote erfolgen grunds\u00e4tzlich im Blended-Learning Modus auf bew\u00e4hrten Lernplattformen und state-of-the-art medialen Aufbereitungsformen, wobei Grundprinzipien des prozessbezogenen Lernens realisiert werden und je nach Partner spezifische zus\u00e4tzliche Lehr- und Lernmittelinnovationen erproben, wie z.B. der Einsatz von Augmented Reality beim BFE und beim etz. <br \/>Die inhaltliche Spezifikation und Entwicklung der konkreten Angebote erfolgt unter direkter Nutzung der gemeinsam mit Industriepartnern und potenziellen Kundenunternehmen vollzogenen Bedarfsanalyse. Es ist geplant, auf die Ausgestaltung der Schnittstelle zwischen dieser (kontinuierlichen) Bedarfsanalyse und Spezifikation, Produktion, Erprobung, Evaluierung und Optimierung der Lernmodule gro\u00dfe Aufmerksamkeit und Projekt-Kapazit\u00e4t zu legen, um dem formulierten Innovationsanspruch an Prozess wie Ergebnis zu entsprechen. Dazu geh\u00f6rt auch die permanente Einspeisung des Feedbacks der Nutzer der Lernmodule.<\/p><\/div>\n\t\t\t\t<\/div>\n\t\t\t\t\t\t\t\t<\/div>\n\t\t\t\t\t\t<\/div>\n\t\t\t\t<\/div>\n\t\t\t\t<div class=\"elementor-element elementor-element-a6f1d26 elementor-widget elementor-widget-toggle\" data-id=\"a6f1d26\" data-element_type=\"widget\" data-e-type=\"widget\" data-widget_type=\"toggle.default\">\n\t\t\t\t<div class=\"elementor-widget-container\">\n\t\t\t\t\t\t\t<div class=\"elementor-toggle\">\n\t\t\t\t\t\t\t<div class=\"elementor-toggle-item\">\n\t\t\t\t\t<div id=\"elementor-tab-title-1751\" class=\"elementor-tab-title\" data-tab=\"1\" role=\"button\" aria-controls=\"elementor-tab-content-1751\" aria-expanded=\"false\">\n\t\t\t\t\t\t\t\t\t\t\t\t<span class=\"elementor-toggle-icon elementor-toggle-icon-right\" aria-hidden=\"true\">\n\t\t\t\t\t\t\t\t\t\t\t\t\t\t\t<span class=\"elementor-toggle-icon-closed\"><i class=\"fas fa-caret-right\"><\/i><\/span>\n\t\t\t\t\t\t\t\t<span class=\"elementor-toggle-icon-opened\"><i class=\"elementor-toggle-icon-opened fas fa-caret-up\"><\/i><\/span>\n\t\t\t\t\t\t\t\t\t\t\t\t\t<\/span>\n\t\t\t\t\t\t\t\t\t\t\t\t<a class=\"elementor-toggle-title\" tabindex=\"0\">Vermittlung<\/a>\n\t\t\t\t\t<\/div>\n\n\t\t\t\t\t<div id=\"elementor-tab-content-1751\" class=\"elementor-tab-content elementor-clearfix\" data-tab=\"1\" role=\"region\" aria-labelledby=\"elementor-tab-title-1751\"><p><span style=\"color: #ffffff;\"><em><strong>Einsatz innovativer Arbeits- und Lerntechnologien (AR, VR, KI) und moderner Vermittlungsformat<\/strong><strong>e<\/strong><\/em><\/span><\/p><p>Die inhaltliche Dom\u00e4ne, welche durch die Angebote von BexElektro abgedeckt werden, macht den Einsatz innovativer Lerntechnologien wie z.B. Augmented Reality bei der Ein\u00fcbung von Installations-, Inbetriebnahme- oder Qualit\u00e4tssicherungsprozessen naheliegend. Das Projekt wird deren Einsatzm\u00f6glichkeiten intensiv pr\u00fcfen und sich dabei auch mit der Frage besch\u00e4ftigen, inwieweit solche Technologien Vorkenntnisse von Lernenden bzw. Berufspraktikern substituieren k\u00f6nnen oder inwieweit hier neue Formen der Arbeitsteilung zwischen einzelnen Mitarbeitenden in den Kundenunternehmen m\u00f6glich werden. Zus\u00e4tzlich kommen erweiterte Formen von Blended-Learning-Komponenten zum Einsatz, aber auch innovative Formen der Vermittlung von Wissen, z.B. in interaktiven Workshop-Formaten und Design-Thinking-Ans\u00e4tzen. BexElektro plant die systematische Erprobung KI-basierter Technologen an zwei Stellen: Zum einen bei der Unterst\u00fctzung der laufenden Trendrecherche, um das Web systematisiert zu durchsuchen, z.B. mit dem System &#8222;echobot&#8220;, zum anderen bei der Optimierung der Interaktion von rechnergest\u00fctzten Komponenten des Selbstlernens mit den Lernenden. Damit ber\u00fccksichtigt das Projekt die zuk\u00fcnftige Zusammenarbeit mit diversen Zielgruppen: Auszubildende, angelernte Fachkr\u00e4fte, Umsteiger, aber auch Gesch\u00e4ftsf\u00fchrer oder eher vertriebsorientierte Personen, deren Wissensbedarf und pr\u00e4ferierte Vermittlungs- und Lerntechniken sehr divers sein werden. Das Projekt tr\u00e4gt der Tatsache Rechnung, dass Arbeitskontexte zunehmend teamorientiert aufgesetzt sind, indem sie diese in Lernsettings abbildet, um die Teamorientierung als \u00fcbergeordnetes Lernziel zu adressieren.<\/p><\/div>\n\t\t\t\t<\/div>\n\t\t\t\t\t\t\t\t<\/div>\n\t\t\t\t\t\t<\/div>\n\t\t\t\t<\/div>\n\t\t\t\t<div class=\"elementor-element elementor-element-f9c6df7 elementor-widget elementor-widget-toggle\" data-id=\"f9c6df7\" data-element_type=\"widget\" data-e-type=\"widget\" data-widget_type=\"toggle.default\">\n\t\t\t\t<div class=\"elementor-widget-container\">\n\t\t\t\t\t\t\t<div class=\"elementor-toggle\">\n\t\t\t\t\t\t\t<div class=\"elementor-toggle-item\">\n\t\t\t\t\t<div id=\"elementor-tab-title-2611\" class=\"elementor-tab-title\" data-tab=\"1\" role=\"button\" aria-controls=\"elementor-tab-content-2611\" aria-expanded=\"false\">\n\t\t\t\t\t\t\t\t\t\t\t\t<span class=\"elementor-toggle-icon elementor-toggle-icon-right\" aria-hidden=\"true\">\n\t\t\t\t\t\t\t\t\t\t\t\t\t\t\t<span class=\"elementor-toggle-icon-closed\"><i class=\"fas fa-caret-right\"><\/i><\/span>\n\t\t\t\t\t\t\t\t<span class=\"elementor-toggle-icon-opened\"><i class=\"elementor-toggle-icon-opened fas fa-caret-up\"><\/i><\/span>\n\t\t\t\t\t\t\t\t\t\t\t\t\t<\/span>\n\t\t\t\t\t\t\t\t\t\t\t\t<a class=\"elementor-toggle-title\" tabindex=\"0\">Anerkennung<\/a>\n\t\t\t\t\t<\/div>\n\n\t\t\t\t\t<div id=\"elementor-tab-content-2611\" class=\"elementor-tab-content elementor-clearfix\" data-tab=\"1\" role=\"region\" aria-labelledby=\"elementor-tab-title-2611\"><p><span style=\"color: #ffffff;\"><em><strong>Anrechenbarkeit \u00fcber alle Stufen hinweg von der DQR-Stufe 3 bis 7, Modelll\u00f6sung<\/strong><\/em><\/span><\/p><p>Ein wesentliches Ziel der gesamten Ausschreibung InnoVet ist die Erh\u00f6hung der Attraktivit\u00e4t beruflicher Bildung im Vergleich zu akademischer Bildung, in dem \u00fcber die Projektf\u00f6rderlinie die Aus- und Fortbildungen \u00fcber die Stufe 5 hinaus entwickelt werden. Individuelle (berufliche Entwicklung) wie unternehmerische Bed\u00fcrfnisse k\u00f6nnen mit BexElektro abgedeckt werden. Den Modulen liegt der Deutsche Qualifikationsrahmen (DQR) zugrunde. BexElektro bietet ein aufeinander anrechenbares, aber eben auch bedarfsorientiert nutzbares Gesamtsystem, das diese Anforderung exakt adressiert; zudem garantiert die Ausrichtung und die bisherige Positionierung der teilnehmenden Bildungsanbieter eine klare KMU-Orientierung, die das Projekt auszeichnet. Wir haben das Ziel, mit BexElektro ein beispielhaftes System zu entwickeln, das die Modi dieser Anrechenbarkeit und die Absicherung der Anerkennung der zu erwerbenden Abschl\u00fcsse sicherstellt. Dabei nutzen wir die bisherigen Erfahrungen und Vernetzungen der Bildungspartner ebenso wie die intensive Beteiligung der Erprobungspartner, welche die Teilnehmer entsenden werden.<\/p><\/div>\n\t\t\t\t<\/div>\n\t\t\t\t\t\t\t\t<\/div>\n\t\t\t\t\t\t<\/div>\n\t\t\t\t<\/div>\n\t\t\t\t\t<\/div>\n\t\t<\/div>\n\t\t\t\t\t<\/div>\n\t\t<\/section>\n\t\t\t\t<section class=\"elementor-section elementor-top-section elementor-element elementor-element-71d975f3 envato-kit-141-top-0 elementor-reverse-mobile elementor-section-full_width elementor-section-height-default elementor-section-height-default\" data-id=\"71d975f3\" data-element_type=\"section\" data-e-type=\"section\" data-settings=\"{&quot;background_background&quot;:&quot;classic&quot;}\">\n\t\t\t\t\t\t\t<div class=\"elementor-background-overlay\"><\/div>\n\t\t\t\t\t\t\t<div class=\"elementor-container elementor-column-gap-no\">\n\t\t\t\t\t<div class=\"elementor-column elementor-col-50 elementor-top-column elementor-element elementor-element-4abd950\" data-id=\"4abd950\" data-element_type=\"column\" data-e-type=\"column\">\n\t\t\t<div class=\"elementor-widget-wrap elementor-element-populated\">\n\t\t\t\t\t\t<div class=\"elementor-element elementor-element-90beb9c elementor-widget__width-inherit elementor-widget elementor-widget-text-editor\" data-id=\"90beb9c\" data-element_type=\"widget\" data-e-type=\"widget\" data-widget_type=\"text-editor.default\">\n\t\t\t\t<div class=\"elementor-widget-container\">\n\t\t\t\t\t\t\t\t\t<p><a href=\"https:\/\/www.bexelektro.de\/?page_id=27\">Kontakt<\/a> | <a href=\"https:\/\/www.bexelektro.de\/?page_id=563\">Datenschutz<\/a> | <a href=\"https:\/\/www.bexelektro.de\/?page_id=566\">Impressum<\/a><\/p>\t\t\t\t\t\t\t\t<\/div>\n\t\t\t\t<\/div>\n\t\t\t\t\t<\/div>\n\t\t<\/div>\n\t\t\t\t<div class=\"elementor-column elementor-col-50 elementor-top-column elementor-element elementor-element-21172b25\" data-id=\"21172b25\" data-element_type=\"column\" data-e-type=\"column\">\n\t\t\t<div class=\"elementor-widget-wrap elementor-element-populated\">\n\t\t\t\t\t\t<div class=\"elementor-element elementor-element-4c72b922 elementor-widget elementor-widget-text-editor\" data-id=\"4c72b922\" data-element_type=\"widget\" data-e-type=\"widget\" data-widget_type=\"text-editor.default\">\n\t\t\t\t<div class=\"elementor-widget-container\">\n\t\t\t\t\t\t\t\t\t<p style=\"text-align: right;\">Copyright \u00a9 by Fraunhofer-Gesellschaft<\/p>\t\t\t\t\t\t\t\t<\/div>\n\t\t\t\t<\/div>\n\t\t\t\t\t<\/div>\n\t\t<\/div>\n\t\t\t\t\t<\/div>\n\t\t<\/section>\n\t\t\t\t<\/div>\n\t\t","protected":false},"excerpt":{"rendered":"<p>Innovationsfelder BexElektro adressiert konsequent die genannten Schwachstellen und Verbesserungspotenziale im gesamten System der beruflichen Bildung entlang einer Wertsch\u00f6pfungskette, die wir in vier Hauptprozessteile eingeteilt haben. Unser Verst\u00e4ndnis ist, dass alle Prozessteile in enger Interaktion stehen, und, in einem bestm\u00f6glich agilisierten System, in st\u00e4ndiger Wechselwirkung, \u00dcberarbeitung, Optimierung und Erg\u00e4nzung stehen. Das ist angesichts des avisierten, zentralen [&hellip;]<\/p>\n","protected":false},"author":1,"featured_media":0,"parent":0,"menu_order":0,"comment_status":"closed","ping_status":"closed","template":"","meta":{"ocean_post_layout":"full-screen","ocean_both_sidebars_style":"","ocean_both_sidebars_content_width":0,"ocean_both_sidebars_sidebars_width":0,"ocean_sidebar":"0","ocean_second_sidebar":"0","ocean_disable_margins":"enable","ocean_add_body_class":"","ocean_shortcode_before_top_bar":"","ocean_shortcode_after_top_bar":"","ocean_shortcode_before_header":"","ocean_shortcode_after_header":"","ocean_has_shortcode":"","ocean_shortcode_after_title":"","ocean_shortcode_before_footer_widgets":"","ocean_shortcode_after_footer_widgets":"","ocean_shortcode_before_footer_bottom":"","ocean_shortcode_after_footer_bottom":"","ocean_display_top_bar":"off","ocean_display_header":"default","ocean_header_style":"","ocean_center_header_left_menu":"0","ocean_custom_header_template":"0","ocean_custom_logo":0,"ocean_custom_retina_logo":0,"ocean_custom_logo_max_width":0,"ocean_custom_logo_tablet_max_width":0,"ocean_custom_logo_mobile_max_width":0,"ocean_custom_logo_max_height":0,"ocean_custom_logo_tablet_max_height":0,"ocean_custom_logo_mobile_max_height":0,"ocean_header_custom_menu":"0","ocean_menu_typo_font_family":"0","ocean_menu_typo_font_subset":"","ocean_menu_typo_font_size":0,"ocean_menu_typo_font_size_tablet":0,"ocean_menu_typo_font_size_mobile":0,"ocean_menu_typo_font_size_unit":"px","ocean_menu_typo_font_weight":"","ocean_menu_typo_font_weight_tablet":"","ocean_menu_typo_font_weight_mobile":"","ocean_menu_typo_transform":"","ocean_menu_typo_transform_tablet":"","ocean_menu_typo_transform_mobile":"","ocean_menu_typo_line_height":0,"ocean_menu_typo_line_height_tablet":0,"ocean_menu_typo_line_height_mobile":0,"ocean_menu_typo_line_height_unit":"","ocean_menu_typo_spacing":0,"ocean_menu_typo_spacing_tablet":0,"ocean_menu_typo_spacing_mobile":0,"ocean_menu_typo_spacing_unit":"","ocean_menu_link_color":"","ocean_menu_link_color_hover":"","ocean_menu_link_color_active":"","ocean_menu_link_background":"","ocean_menu_link_hover_background":"","ocean_menu_link_active_background":"","ocean_menu_social_links_bg":"","ocean_menu_social_hover_links_bg":"","ocean_menu_social_links_color":"","ocean_menu_social_hover_links_color":"","ocean_disable_title":"on","ocean_disable_heading":"default","ocean_post_title":"","ocean_post_subheading":"","ocean_post_title_style":"","ocean_post_title_background_color":"","ocean_post_title_background":0,"ocean_post_title_bg_image_position":"","ocean_post_title_bg_image_attachment":"","ocean_post_title_bg_image_repeat":"","ocean_post_title_bg_image_size":"","ocean_post_title_height":0,"ocean_post_title_bg_overlay":0.5,"ocean_post_title_bg_overlay_color":"","ocean_disable_breadcrumbs":"default","ocean_breadcrumbs_color":"","ocean_breadcrumbs_separator_color":"","ocean_breadcrumbs_links_color":"","ocean_breadcrumbs_links_hover_color":"","ocean_display_footer_widgets":"off","ocean_display_footer_bottom":"off","ocean_custom_footer_template":"0","footnotes":""},"class_list":["post-150","page","type-page","status-publish","hentry","entry"],"_links":{"self":[{"href":"https:\/\/www.bexelektro.de\/index.php?rest_route=\/wp\/v2\/pages\/150","targetHints":{"allow":["GET"]}}],"collection":[{"href":"https:\/\/www.bexelektro.de\/index.php?rest_route=\/wp\/v2\/pages"}],"about":[{"href":"https:\/\/www.bexelektro.de\/index.php?rest_route=\/wp\/v2\/types\/page"}],"author":[{"embeddable":true,"href":"https:\/\/www.bexelektro.de\/index.php?rest_route=\/wp\/v2\/users\/1"}],"replies":[{"embeddable":true,"href":"https:\/\/www.bexelektro.de\/index.php?rest_route=%2Fwp%2Fv2%2Fcomments&post=150"}],"version-history":[{"count":95,"href":"https:\/\/www.bexelektro.de\/index.php?rest_route=\/wp\/v2\/pages\/150\/revisions"}],"predecessor-version":[{"id":3000,"href":"https:\/\/www.bexelektro.de\/index.php?rest_route=\/wp\/v2\/pages\/150\/revisions\/3000"}],"wp:attachment":[{"href":"https:\/\/www.bexelektro.de\/index.php?rest_route=%2Fwp%2Fv2%2Fmedia&parent=150"}],"curies":[{"name":"wp","href":"https:\/\/api.w.org\/{rel}","templated":true}]}}